{"id":4840,"date":"2021-12-06T12:31:24","date_gmt":"2021-12-06T18:31:24","guid":{"rendered":"https:\/\/pangeatacticalandoutdoors.com\/?post_type=product&#038;p=4840"},"modified":"2022-05-10T14:14:31","modified_gmt":"2022-05-10T19:14:31","slug":"dm-half-dome-helmet","status":"publish","type":"product","link":"https:\/\/pangeatacticalandoutdoors.com\/index.php\/producto\/dm-half-dome-helmet\/","title":{"rendered":"BD-HALF DOME HELMET"},"content":{"rendered":"<p><em>Half Dome ha sido durante mucho tiempo un elemento b\u00e1sico para los escaladores de todo el mundo. Ahora redise\u00f1ado, el casco presenta un nuevo sistema de suspensi\u00f3n de perfil inferior con una esfera con una sola mano combinada con clips de faro aerodin\u00e1mico para mayor comodidad y simplicidad. Finalmente, una correa para la barbilla actualizada agrega m\u00e1s eficiencia y seguridad mientras est\u00e1 en la roca.<\/em><\/p>\n<h6>CARACTER\u00cdSTICAS:<\/h6>\n<ul>\n<li>Dise\u00f1o h\u00edbrido con espuma moldeada EPS, bien ventilado y suspensi\u00f3n ajustable.<\/li>\n<li>Perilla en la nuca para ajustar el sistema de sujeci\u00f3n.<\/li>\n<li>Puntos de sujeci\u00f3n para la linterna.<\/li>\n<li>Disponible en 2 tallas.<\/li>\n<li>El casco m\u00e1s durable hecho por Black Diamond.<\/li>\n<li>Peso: S\/M: 330 gr | M\/L: 350 g<\/li>\n<\/ul>\n","protected":false},"excerpt":{"rendered":"<p>Half Dome ha sido durante mucho tiempo un elemento b\u00e1sico para los escaladores de todo el mundo. Ahora redise\u00f1ado, el casco presenta un nuevo sistema de suspensi\u00f3n de perfil inferior con una esfera con una sola mano combinada con clips de faro aerodin\u00e1mico para mayor comodidad y simplicidad. Finalmente, una correa para la barbilla actualizada &hellip;<\/p>\n<p class=\"read-more\"> <a class=\"\" href=\"https:\/\/pangeatacticalandoutdoors.com\/index.php\/producto\/dm-half-dome-helmet\/\"> <span class=\"screen-reader-text\">BD-HALF DOME HELMET<\/span> Leer m\u00e1s &raquo;<\/a><\/p>\n","protected":false},"featured_media":4740,"comment_status":"open","ping_status":"closed","template":"","meta":{"site-sidebar-layout":"default","site-content-layout":"default","ast-global-header-display":"","ast-main-header-display":"","ast-hfb-above-header-display":"","ast-hfb-below-header-display":"","ast-hfb-mobile-header-display":"","site-post-title":"","ast-breadcrumbs-content":"","ast-featured-img":"","footer-sml-layout":"","theme-transparent-header-meta":"default","adv-header-id-meta":"","stick-header-meta":"","header-above-stick-meta":"","header-main-stick-meta":"","header-below-stick-meta":""},"product_cat":[332,88],"product_tag":[],"class_list":["post-4840","product","type-product","status-publish","has-post-thumbnail","hentry","product_cat-cascos","product_cat-campismo"],"jetpack_sharing_enabled":true,"_links":{"self":[{"href":"https:\/\/pangeatacticalandoutdoors.com\/index.php\/wp-json\/wp\/v2\/product\/4840","targetHints":{"allow":["GET"]}}],"collection":[{"href":"https:\/\/pangeatacticalandoutdoors.com\/index.php\/wp-json\/wp\/v2\/product"}],"about":[{"href":"https:\/\/pangeatacticalandoutdoors.com\/index.php\/wp-json\/wp\/v2\/types\/product"}],"replies":[{"embeddable":true,"href":"https:\/\/pangeatacticalandoutdoors.com\/index.php\/wp-json\/wp\/v2\/comments?post=4840"}],"wp:featuredmedia":[{"embeddable":true,"href":"https:\/\/pangeatacticalandoutdoors.com\/index.php\/wp-json\/wp\/v2\/media\/4740"}],"wp:attachment":[{"href":"https:\/\/pangeatacticalandoutdoors.com\/index.php\/wp-json\/wp\/v2\/media?parent=4840"}],"wp:term":[{"taxonomy":"product_cat","embeddable":true,"href":"https:\/\/pangeatacticalandoutdoors.com\/index.php\/wp-json\/wp\/v2\/product_cat?post=4840"},{"taxonomy":"product_tag","embeddable":true,"href":"https:\/\/pangeatacticalandoutdoors.com\/index.php\/wp-json\/wp\/v2\/product_tag?post=4840"}],"curies":[{"name":"wp","href":"https:\/\/api.w.org\/{rel}","templated":true}]}}