{"id":4838,"date":"2021-12-06T11:52:18","date_gmt":"2021-12-06T17:52:18","guid":{"rendered":"https:\/\/pangeatacticalandoutdoors.com\/?post_type=product&#038;p=4838"},"modified":"2022-08-24T17:26:30","modified_gmt":"2022-08-24T22:26:30","slug":"bd-freerider-chalk-bag-repo","status":"publish","type":"product","link":"https:\/\/pangeatacticalandoutdoors.com\/index.php\/producto\/bd-freerider-chalk-bag-repo\/","title":{"rendered":"BD-FREERIDER CHALK BAG REPO"},"content":{"rendered":"<p><em>Esta bolsa de magnesia es uno de los dos equipos utilizados por el Atleta Black Diamond Alex Honnold en su hist\u00f3rico solo de &#8220;El Capit\u00e1n&#8221;, Freerider (5.13). Con la firma de Honnold y el dise\u00f1o altamente probado, este art\u00edculo edici\u00f3n limitada es la compra m\u00e1s acertada. Adem\u00e1s, un porcentaje de las ventas del Freerider va a la Fundaci\u00f3n Honnold, que apoya la energ\u00eda solar para un mundo m\u00e1s equitativo con la naturaleza.<\/em><\/p>\n<h6>CARACTER\u00cdSTICAS:<\/h6>\n<ul>\n<li>Con la firma de Honnold y los colores exactos de la clasica &#8220;Freerider&#8221;.<\/li>\n<li>Forma cl\u00e1sica de cilindro con un borde de alambre flexible y hecho de materiales recliclados.<\/li>\n<li>Forro interior de tela polar, con cord\u00f3n integrado para un mejor cierre.<\/li>\n<li>Portacepillos.<\/li>\n<li>Cintur\u00f3n con hebilla de liberaci\u00f3n r\u00e1pida.<\/li>\n<li>Un porcentaje de ventas va a la Fundaci\u00f3n Honnold.<\/li>\n<li>Peso: 83 g.<\/li>\n<\/ul>\n","protected":false},"excerpt":{"rendered":"<p>Esta bolsa de magnesia es uno de los dos equipos utilizados por el Atleta Black Diamond Alex Honnold en su hist\u00f3rico solo de &#8220;El Capit\u00e1n&#8221;, Freerider (5.13). Con la firma de Honnold y el dise\u00f1o altamente probado, este art\u00edculo edici\u00f3n limitada es la compra m\u00e1s acertada. Adem\u00e1s, un porcentaje de las ventas del Freerider va &hellip;<\/p>\n<p class=\"read-more\"> <a class=\"\" href=\"https:\/\/pangeatacticalandoutdoors.com\/index.php\/producto\/bd-freerider-chalk-bag-repo\/\"> <span class=\"screen-reader-text\">BD-FREERIDER CHALK BAG REPO<\/span> Leer m\u00e1s &raquo;<\/a><\/p>\n","protected":false},"featured_media":4839,"comment_status":"open","ping_status":"closed","template":"","meta":{"site-sidebar-layout":"default","site-content-layout":"default","ast-global-header-display":"","ast-main-header-display":"","ast-hfb-above-header-display":"","ast-hfb-below-header-display":"","ast-hfb-mobile-header-display":"","site-post-title":"","ast-breadcrumbs-content":"","ast-featured-img":"","footer-sml-layout":"","theme-transparent-header-meta":"default","adv-header-id-meta":"","stick-header-meta":"","header-above-stick-meta":"","header-main-stick-meta":"","header-below-stick-meta":""},"product_cat":[331,88],"product_tag":[],"class_list":["post-4838","product","type-product","status-publish","has-post-thumbnail","hentry","product_cat-chalk-bag","product_cat-campismo"],"jetpack_sharing_enabled":true,"_links":{"self":[{"href":"https:\/\/pangeatacticalandoutdoors.com\/index.php\/wp-json\/wp\/v2\/product\/4838","targetHints":{"allow":["GET"]}}],"collection":[{"href":"https:\/\/pangeatacticalandoutdoors.com\/index.php\/wp-json\/wp\/v2\/product"}],"about":[{"href":"https:\/\/pangeatacticalandoutdoors.com\/index.php\/wp-json\/wp\/v2\/types\/product"}],"replies":[{"embeddable":true,"href":"https:\/\/pangeatacticalandoutdoors.com\/index.php\/wp-json\/wp\/v2\/comments?post=4838"}],"wp:featuredmedia":[{"embeddable":true,"href":"https:\/\/pangeatacticalandoutdoors.com\/index.php\/wp-json\/wp\/v2\/media\/4839"}],"wp:attachment":[{"href":"https:\/\/pangeatacticalandoutdoors.com\/index.php\/wp-json\/wp\/v2\/media?parent=4838"}],"wp:term":[{"taxonomy":"product_cat","embeddable":true,"href":"https:\/\/pangeatacticalandoutdoors.com\/index.php\/wp-json\/wp\/v2\/product_cat?post=4838"},{"taxonomy":"product_tag","embeddable":true,"href":"https:\/\/pangeatacticalandoutdoors.com\/index.php\/wp-json\/wp\/v2\/product_tag?post=4838"}],"curies":[{"name":"wp","href":"https:\/\/api.w.org\/{rel}","templated":true}]}}