{"id":4807,"date":"2021-12-04T13:19:50","date_gmt":"2021-12-04T19:19:50","guid":{"rendered":"https:\/\/pangeatacticalandoutdoors.com\/?post_type=product&#038;p=4807"},"modified":"2022-06-10T13:22:33","modified_gmt":"2022-06-10T18:22:33","slug":"bd-low-profile-trucker-hat","status":"publish","type":"product","link":"https:\/\/pangeatacticalandoutdoors.com\/index.php\/producto\/bd-low-profile-trucker-hat\/","title":{"rendered":"BD-LOW PROFILE TRUCKER HAT"},"content":{"rendered":"<p><em>Una forma de corona de perfil bajo para nuestro sombrero b\u00e1sico, que se encuentra en todas partes, desde comensales de cuchara grasienta en Lee Vining hasta North Conway.<\/em><\/p>\n<h6>CARACTER\u00cdSTICAS:<\/h6>\n<ul>\n<li>Talla \u00fanica<\/li>\n<li>Espalda abierta \/ ajustable<\/li>\n<li>Visera ligeramente curvada<\/li>\n<li class=\"tech-spec-item\" data-v-4bed664c=\"\"><span class=\"tech-spec-label\" data-v-4bed664c=\"\">Materiales: <\/span><span class=\"tech-spec-value\" data-v-4bed664c=\"\">[Frontales y visera] Sarga de algod\u00f3n (100% algod\u00f3n), [Medias y espaldas] Malla de poli\u00e9ster (100% poli\u00e9ster)<\/span><\/li>\n<\/ul>\n","protected":false},"excerpt":{"rendered":"<p>Una forma de corona de perfil bajo para nuestro sombrero b\u00e1sico, que se encuentra en todas partes, desde comensales de cuchara grasienta en Lee Vining hasta North Conway. CARACTER\u00cdSTICAS: Talla \u00fanica Espalda abierta \/ ajustable Visera ligeramente curvada Materiales: [Frontales y visera] Sarga de algod\u00f3n (100% algod\u00f3n), [Medias y espaldas] Malla de poli\u00e9ster (100% poli\u00e9ster)<\/p>\n","protected":false},"featured_media":4810,"comment_status":"open","ping_status":"closed","template":"","meta":{"site-sidebar-layout":"default","site-content-layout":"default","ast-global-header-display":"","ast-main-header-display":"","ast-hfb-above-header-display":"","ast-hfb-below-header-display":"","ast-hfb-mobile-header-display":"","site-post-title":"","ast-breadcrumbs-content":"","ast-featured-img":"","footer-sml-layout":"","theme-transparent-header-meta":"default","adv-header-id-meta":"","stick-header-meta":"","header-above-stick-meta":"","header-main-stick-meta":"","header-below-stick-meta":""},"product_cat":[134,88],"product_tag":[],"class_list":["post-4807","product","type-product","status-publish","has-post-thumbnail","hentry","product_cat-gorras","product_cat-campismo"],"jetpack_sharing_enabled":true,"_links":{"self":[{"href":"https:\/\/pangeatacticalandoutdoors.com\/index.php\/wp-json\/wp\/v2\/product\/4807","targetHints":{"allow":["GET"]}}],"collection":[{"href":"https:\/\/pangeatacticalandoutdoors.com\/index.php\/wp-json\/wp\/v2\/product"}],"about":[{"href":"https:\/\/pangeatacticalandoutdoors.com\/index.php\/wp-json\/wp\/v2\/types\/product"}],"replies":[{"embeddable":true,"href":"https:\/\/pangeatacticalandoutdoors.com\/index.php\/wp-json\/wp\/v2\/comments?post=4807"}],"wp:featuredmedia":[{"embeddable":true,"href":"https:\/\/pangeatacticalandoutdoors.com\/index.php\/wp-json\/wp\/v2\/media\/4810"}],"wp:attachment":[{"href":"https:\/\/pangeatacticalandoutdoors.com\/index.php\/wp-json\/wp\/v2\/media?parent=4807"}],"wp:term":[{"taxonomy":"product_cat","embeddable":true,"href":"https:\/\/pangeatacticalandoutdoors.com\/index.php\/wp-json\/wp\/v2\/product_cat?post=4807"},{"taxonomy":"product_tag","embeddable":true,"href":"https:\/\/pangeatacticalandoutdoors.com\/index.php\/wp-json\/wp\/v2\/product_tag?post=4807"}],"curies":[{"name":"wp","href":"https:\/\/api.w.org\/{rel}","templated":true}]}}