{"id":4801,"date":"2021-12-04T12:55:51","date_gmt":"2021-12-04T18:55:51","guid":{"rendered":"https:\/\/pangeatacticalandoutdoors.com\/?post_type=product&#038;p=4801"},"modified":"2022-05-12T11:45:26","modified_gmt":"2022-05-12T16:45:26","slug":"bd-cap-organic","status":"publish","type":"product","link":"https:\/\/pangeatacticalandoutdoors.com\/index.php\/producto\/bd-cap-organic\/","title":{"rendered":"BD-CAP ORGANIC"},"content":{"rendered":"<p><em>El parasol ideal, el BD Cap combina con \u00e9xito tu look cuando llevas seis d\u00edas en una misi\u00f3n.<\/em><\/p>\n<h6>CARACTER\u00cdSTICAS:<\/h6>\n<ul>\n<li>Lona de algod\u00f3n el\u00e1stico (98% algod\u00f3n org\u00e1nico, 2% elastano, 271 g \/ m2)<\/li>\n<li class=\"tech-spec-item\" data-v-4bed664c=\"\"><span class=\"tech-spec-label\" data-v-4bed664c=\"\">Rango De Tama\u00f1os: <\/span><span class=\"tech-spec-value\" data-v-4bed664c=\"\">S\/M, L\/XL<\/span><\/li>\n<\/ul>\n","protected":false},"excerpt":{"rendered":"<p>El parasol ideal, el BD Cap combina con \u00e9xito tu look cuando llevas seis d\u00edas en una misi\u00f3n. CARACTER\u00cdSTICAS: Lona de algod\u00f3n el\u00e1stico (98% algod\u00f3n org\u00e1nico, 2% elastano, 271 g \/ m2) Rango De Tama\u00f1os: S\/M, L\/XL<\/p>\n","protected":false},"featured_media":4751,"comment_status":"open","ping_status":"closed","template":"","meta":{"site-sidebar-layout":"default","site-content-layout":"default","ast-global-header-display":"","ast-main-header-display":"","ast-hfb-above-header-display":"","ast-hfb-below-header-display":"","ast-hfb-mobile-header-display":"","site-post-title":"","ast-breadcrumbs-content":"","ast-featured-img":"","footer-sml-layout":"","theme-transparent-header-meta":"default","adv-header-id-meta":"","stick-header-meta":"","header-above-stick-meta":"","header-main-stick-meta":"","header-below-stick-meta":""},"product_cat":[134,88],"product_tag":[],"class_list":["post-4801","product","type-product","status-publish","has-post-thumbnail","hentry","product_cat-gorras","product_cat-campismo"],"jetpack_sharing_enabled":true,"_links":{"self":[{"href":"https:\/\/pangeatacticalandoutdoors.com\/index.php\/wp-json\/wp\/v2\/product\/4801","targetHints":{"allow":["GET"]}}],"collection":[{"href":"https:\/\/pangeatacticalandoutdoors.com\/index.php\/wp-json\/wp\/v2\/product"}],"about":[{"href":"https:\/\/pangeatacticalandoutdoors.com\/index.php\/wp-json\/wp\/v2\/types\/product"}],"replies":[{"embeddable":true,"href":"https:\/\/pangeatacticalandoutdoors.com\/index.php\/wp-json\/wp\/v2\/comments?post=4801"}],"wp:featuredmedia":[{"embeddable":true,"href":"https:\/\/pangeatacticalandoutdoors.com\/index.php\/wp-json\/wp\/v2\/media\/4751"}],"wp:attachment":[{"href":"https:\/\/pangeatacticalandoutdoors.com\/index.php\/wp-json\/wp\/v2\/media?parent=4801"}],"wp:term":[{"taxonomy":"product_cat","embeddable":true,"href":"https:\/\/pangeatacticalandoutdoors.com\/index.php\/wp-json\/wp\/v2\/product_cat?post=4801"},{"taxonomy":"product_tag","embeddable":true,"href":"https:\/\/pangeatacticalandoutdoors.com\/index.php\/wp-json\/wp\/v2\/product_tag?post=4801"}],"curies":[{"name":"wp","href":"https:\/\/api.w.org\/{rel}","templated":true}]}}