{"id":4696,"date":"2021-12-01T12:07:10","date_gmt":"2021-12-01T18:07:10","guid":{"rendered":"https:\/\/pangeatacticalandoutdoors.com\/?post_type=product&#038;p=4696"},"modified":"2023-05-12T16:42:24","modified_gmt":"2023-05-12T21:42:24","slug":"la-sportiva-tarantula-women-tenis-de-escalada","status":"publish","type":"product","link":"https:\/\/pangeatacticalandoutdoors.com\/index.php\/producto\/la-sportiva-tarantula-women-tenis-de-escalada\/","title":{"rendered":"LA SPORTIVA-TARANTULA WOMEN TENIS DE ESCALADA"},"content":{"rendered":"<p><em>Pies de gato multifuncionales ideales para debutantes. Sistema de ajuste r\u00e1pido con velcro, ajuste est\u00e1ndar.<\/em><\/p>\n<p><em>Esta zapatilla de escalada de La Sportiva es un excelente opci\u00f3n para los escaladoras principiantes y por qu\u00e9 no, para las que ya tienen experiencia. La Tar\u00e1ntula es un zapato para escalada de roca c\u00f3modo, f\u00e1cil de usar: te lo puedes poner y quitar en un instante. La parte superior del forro es excelente para el manejo de la humedad y s\u00faper c\u00f3moda en el pie todo el d\u00eda. La forma es redonda y da un mayor volumen para el escalador sin preocuparse de arruinar sus pies, y a\u00fan lo suficientemente agresivo como para llevar a cabo escaladas m\u00e1s t\u00e9cnicas cuando sea necesario. Tiene un sistema de cierre con velcro altamente ajustable que se adapta a m\u00faltiples tipos de pies y formas.<\/em><\/p>\n<p><em>Esta es la versi\u00f3n para mujeres.<\/em><\/p>\n<h6>CARACTER\u00cdSTICAS:<\/h6>\n<ul>\n<li>Velcro cruzado para conseguir mayor ajuste y estabilidad<\/li>\n<li>Leng\u00fceta acolchada anti sudoraci\u00f3n que permite una buena entrada y salida del pie, as\u00ed como elimina las posibles arrugas.<\/li>\n<li>Suela FriXion 4mm consiguiendo mayor durabilidad.<\/li>\n<li>Exterior: <span style=\"font-size: 16px;\">Slip Lasted, piel de ante<\/span><\/li>\n<li>Forro: P<span style=\"font-size: 16px;\">osterior ninguno, anterior: Pacific (inserciones para controlar la deformaci\u00f3n)<\/span><\/li>\n<li>Ajuste: <span style=\"font-size: 16px;\">Medio<\/span><\/li>\n<li>Media suela: <span style=\"font-size: 16px;\">LaSpoFlex 1,8mm completa<\/span><\/li>\n<li>Suela: <span style=\"font-size: 16px;\">FriXion RS 4mm<\/span><\/li>\n<\/ul>\n<p>&nbsp;<\/p>\n","protected":false},"excerpt":{"rendered":"<p>Pies de gato multifuncionales ideales para debutantes. Sistema de ajuste r\u00e1pido con velcro, ajuste est\u00e1ndar. Esta zapatilla de escalada de La Sportiva es un excelente opci\u00f3n para los escaladoras principiantes y por qu\u00e9 no, para las que ya tienen experiencia. La Tar\u00e1ntula es un zapato para escalada de roca c\u00f3modo, f\u00e1cil de usar: te lo &hellip;<\/p>\n<p class=\"read-more\"> <a class=\"\" href=\"https:\/\/pangeatacticalandoutdoors.com\/index.php\/producto\/la-sportiva-tarantula-women-tenis-de-escalada\/\"> <span class=\"screen-reader-text\">LA SPORTIVA-TARANTULA WOMEN TENIS DE ESCALADA<\/span> Leer m\u00e1s &raquo;<\/a><\/p>\n","protected":false},"featured_media":4657,"comment_status":"open","ping_status":"closed","template":"","meta":{"site-sidebar-layout":"default","site-content-layout":"default","ast-global-header-display":"","ast-main-header-display":"","ast-hfb-above-header-display":"","ast-hfb-below-header-display":"","ast-hfb-mobile-header-display":"","site-post-title":"","ast-breadcrumbs-content":"","ast-featured-img":"","footer-sml-layout":"","theme-transparent-header-meta":"default","adv-header-id-meta":"","stick-header-meta":"","header-above-stick-meta":"","header-main-stick-meta":"","header-below-stick-meta":""},"product_cat":[290,88,292],"product_tag":[],"class_list":["post-4696","product","type-product","status-publish","has-post-thumbnail","hentry","product_cat-escalada","product_cat-campismo","product_cat-tenis"],"jetpack_sharing_enabled":true,"_links":{"self":[{"href":"https:\/\/pangeatacticalandoutdoors.com\/index.php\/wp-json\/wp\/v2\/product\/4696","targetHints":{"allow":["GET"]}}],"collection":[{"href":"https:\/\/pangeatacticalandoutdoors.com\/index.php\/wp-json\/wp\/v2\/product"}],"about":[{"href":"https:\/\/pangeatacticalandoutdoors.com\/index.php\/wp-json\/wp\/v2\/types\/product"}],"replies":[{"embeddable":true,"href":"https:\/\/pangeatacticalandoutdoors.com\/index.php\/wp-json\/wp\/v2\/comments?post=4696"}],"wp:featuredmedia":[{"embeddable":true,"href":"https:\/\/pangeatacticalandoutdoors.com\/index.php\/wp-json\/wp\/v2\/media\/4657"}],"wp:attachment":[{"href":"https:\/\/pangeatacticalandoutdoors.com\/index.php\/wp-json\/wp\/v2\/media?parent=4696"}],"wp:term":[{"taxonomy":"product_cat","embeddable":true,"href":"https:\/\/pangeatacticalandoutdoors.com\/index.php\/wp-json\/wp\/v2\/product_cat?post=4696"},{"taxonomy":"product_tag","embeddable":true,"href":"https:\/\/pangeatacticalandoutdoors.com\/index.php\/wp-json\/wp\/v2\/product_tag?post=4696"}],"curies":[{"name":"wp","href":"https:\/\/api.w.org\/{rel}","templated":true}]}}