{"id":4691,"date":"2021-12-01T11:42:55","date_gmt":"2021-12-01T17:42:55","guid":{"rendered":"https:\/\/pangeatacticalandoutdoors.com\/?post_type=product&#038;p=4691"},"modified":"2023-09-14T18:38:55","modified_gmt":"2023-09-14T23:38:55","slug":"la-sportiva-nitrogym-tenis-de-escalada","status":"publish","type":"product","link":"https:\/\/pangeatacticalandoutdoors.com\/index.php\/producto\/la-sportiva-nitrogym-tenis-de-escalada\/","title":{"rendered":"LA SPORTIVA-NITROGYM TENIS DE ESCALADA"},"content":{"rendered":"<p><em>El primer pie de gato hecho en material totalmente transpirable y lavable, creado especialmente para uso en escalada indoor y como elecci\u00f3n perfecta para los reci\u00e9n llegados a este deporte.<\/em><br \/>\n<em>El tejido lavable WashTex 3 capas mantiene el calzado limpio e higi\u00e9nico en todo momento, una capa de microfibra perforada aporta consistencia y flexibilidad, y un tejido interior super transpirable en contacto con la piel favorece la eliminaci\u00f3n del sudor durante el uso prolongado en el roc\u00f3dromo. Cada detalle ha sido dise\u00f1ado para mejorar la comodidad lo que permite usarlo durante muchas horas incluso con los pies sudados; el ajuste est\u00e1 mejorado por el tipo de construcci\u00f3n, que consiste en una banda central conectada al sistema de lazado, que permite que el pie est\u00e9 completamente y equilibradamente envuelto mejorando el confort general. El Fast Lacing System en velcro proporciona una regulaci\u00f3n perfecta del volumen interior. HydroGym, OxyGym y NitroGym son los primeros pies de gato lavables que promueven el servicio de alquiler de calzado en roc\u00f3dromos aportando durabilidad e higiene en todo momento.<\/em><\/p>\n<h6>CARACTER\u00cdSTICAS:<\/h6>\n<ul>\n<li>La suela en dos partes (punta y tal\u00f3n) facilita el resolado.<\/li>\n<li>Pie de gato excepcionalmente higi\u00e9nico gracias a la utilizaci\u00f3n de material lavable (a mano o a m\u00e1quina).<\/li>\n<li>Puntera resistente a la abrasi\u00f3n y los golpes.<\/li>\n<li>Suela super adherente y de larga duraci\u00f3n.<\/li>\n<li>Exterior: WashTex 3 capas: tejido exterior lavable + estructura de microfibra + tejido interior transpirable.<\/li>\n<li>Forro: Tejido transpirable.<\/li>\n<li>Media suela: LaSpoFlex 1,8 mm.<\/li>\n<li>Suela: FriXion RS 5 mm.<\/li>\n<\/ul>\n","protected":false},"excerpt":{"rendered":"<p>El primer pie de gato hecho en material totalmente transpirable y lavable, creado especialmente para uso en escalada indoor y como elecci\u00f3n perfecta para los reci\u00e9n llegados a este deporte. El tejido lavable WashTex 3 capas mantiene el calzado limpio e higi\u00e9nico en todo momento, una capa de microfibra perforada aporta consistencia y flexibilidad, y &hellip;<\/p>\n<p class=\"read-more\"> <a class=\"\" href=\"https:\/\/pangeatacticalandoutdoors.com\/index.php\/producto\/la-sportiva-nitrogym-tenis-de-escalada\/\"> <span class=\"screen-reader-text\">LA SPORTIVA-NITROGYM TENIS DE ESCALADA<\/span> Leer m\u00e1s &raquo;<\/a><\/p>\n","protected":false},"featured_media":4694,"comment_status":"open","ping_status":"closed","template":"","meta":{"site-sidebar-layout":"default","site-content-layout":"default","ast-global-header-display":"","ast-main-header-display":"","ast-hfb-above-header-display":"","ast-hfb-below-header-display":"","ast-hfb-mobile-header-display":"","site-post-title":"","ast-breadcrumbs-content":"","ast-featured-img":"","footer-sml-layout":"","theme-transparent-header-meta":"default","adv-header-id-meta":"","stick-header-meta":"","header-above-stick-meta":"","header-main-stick-meta":"","header-below-stick-meta":""},"product_cat":[290,88,292],"product_tag":[],"class_list":["post-4691","product","type-product","status-publish","has-post-thumbnail","hentry","product_cat-escalada","product_cat-campismo","product_cat-tenis"],"jetpack_sharing_enabled":true,"_links":{"self":[{"href":"https:\/\/pangeatacticalandoutdoors.com\/index.php\/wp-json\/wp\/v2\/product\/4691","targetHints":{"allow":["GET"]}}],"collection":[{"href":"https:\/\/pangeatacticalandoutdoors.com\/index.php\/wp-json\/wp\/v2\/product"}],"about":[{"href":"https:\/\/pangeatacticalandoutdoors.com\/index.php\/wp-json\/wp\/v2\/types\/product"}],"replies":[{"embeddable":true,"href":"https:\/\/pangeatacticalandoutdoors.com\/index.php\/wp-json\/wp\/v2\/comments?post=4691"}],"wp:featuredmedia":[{"embeddable":true,"href":"https:\/\/pangeatacticalandoutdoors.com\/index.php\/wp-json\/wp\/v2\/media\/4694"}],"wp:attachment":[{"href":"https:\/\/pangeatacticalandoutdoors.com\/index.php\/wp-json\/wp\/v2\/media?parent=4691"}],"wp:term":[{"taxonomy":"product_cat","embeddable":true,"href":"https:\/\/pangeatacticalandoutdoors.com\/index.php\/wp-json\/wp\/v2\/product_cat?post=4691"},{"taxonomy":"product_tag","embeddable":true,"href":"https:\/\/pangeatacticalandoutdoors.com\/index.php\/wp-json\/wp\/v2\/product_tag?post=4691"}],"curies":[{"name":"wp","href":"https:\/\/api.w.org\/{rel}","templated":true}]}}