{"id":4679,"date":"2021-11-30T14:47:44","date_gmt":"2021-11-30T20:47:44","guid":{"rendered":"https:\/\/pangeatacticalandoutdoors.com\/?post_type=product&#038;p=4679"},"modified":"2026-03-09T12:24:45","modified_gmt":"2026-03-09T18:24:45","slug":"la-sportiva-dude-tank-camiseta","status":"publish","type":"product","link":"https:\/\/pangeatacticalandoutdoors.com\/index.php\/producto\/la-sportiva-dude-tank-camiseta\/","title":{"rendered":"LA SPORTIVA-DUDE TANK CAMISETA"},"content":{"rendered":"<p><em>La Dude Tank ofrece un ajuste holgado con una apariencia limpia. Confeccionado con algod\u00f3n org\u00e1nico, el tejido de punto ligero de Dude promete transpirabilidad y el bolsillo del pecho ofrece un almacenamiento optimizado. Perfecto para los d\u00edas soleados haciendo b\u00falder, golpeando el pe\u00f1asco o dando patadas por la ciudad.<\/em><br \/>\n<em>Nuevo con muestra de etiquetas directamente de La Sportiva.<\/em><\/p>\n<h6>CARACTER\u00cdSTICAS:<\/h6>\n<p>\u2022 100% algod\u00f3n org\u00e1nico<br \/>\n\u2022 Jersey sencillo de 4.9 oz<br \/>\n\u2022 Detalle de bolsillo compensado<br \/>\nPESO : 3.50 oz (100 g)<br \/>\nTELA : 100% algod\u00f3n org\u00e1nico<\/p>\n","protected":false},"excerpt":{"rendered":"<p>La Dude Tank ofrece un ajuste holgado con una apariencia limpia. Confeccionado con algod\u00f3n org\u00e1nico, el tejido de punto ligero de Dude promete transpirabilidad y el bolsillo del pecho ofrece un almacenamiento optimizado. Perfecto para los d\u00edas soleados haciendo b\u00falder, golpeando el pe\u00f1asco o dando patadas por la ciudad. Nuevo con muestra de etiquetas directamente &hellip;<\/p>\n<p class=\"read-more\"> <a class=\"\" href=\"https:\/\/pangeatacticalandoutdoors.com\/index.php\/producto\/la-sportiva-dude-tank-camiseta\/\"> <span class=\"screen-reader-text\">LA SPORTIVA-DUDE TANK CAMISETA<\/span> Leer m\u00e1s &raquo;<\/a><\/p>\n","protected":false},"featured_media":4633,"comment_status":"open","ping_status":"closed","template":"","meta":{"site-sidebar-layout":"default","site-content-layout":"default","ast-global-header-display":"","ast-main-header-display":"","ast-hfb-above-header-display":"","ast-hfb-below-header-display":"","ast-hfb-mobile-header-display":"","site-post-title":"","ast-breadcrumbs-content":"","ast-featured-img":"","footer-sml-layout":"","theme-transparent-header-meta":"default","adv-header-id-meta":"","stick-header-meta":"","header-above-stick-meta":"","header-main-stick-meta":"","header-below-stick-meta":""},"product_cat":[230,290,88],"product_tag":[],"class_list":["post-4679","product","type-product","status-publish","has-post-thumbnail","hentry","product_cat-blusa-deportiva","product_cat-escalada","product_cat-campismo"],"jetpack_sharing_enabled":true,"_links":{"self":[{"href":"https:\/\/pangeatacticalandoutdoors.com\/index.php\/wp-json\/wp\/v2\/product\/4679","targetHints":{"allow":["GET"]}}],"collection":[{"href":"https:\/\/pangeatacticalandoutdoors.com\/index.php\/wp-json\/wp\/v2\/product"}],"about":[{"href":"https:\/\/pangeatacticalandoutdoors.com\/index.php\/wp-json\/wp\/v2\/types\/product"}],"replies":[{"embeddable":true,"href":"https:\/\/pangeatacticalandoutdoors.com\/index.php\/wp-json\/wp\/v2\/comments?post=4679"}],"wp:featuredmedia":[{"embeddable":true,"href":"https:\/\/pangeatacticalandoutdoors.com\/index.php\/wp-json\/wp\/v2\/media\/4633"}],"wp:attachment":[{"href":"https:\/\/pangeatacticalandoutdoors.com\/index.php\/wp-json\/wp\/v2\/media?parent=4679"}],"wp:term":[{"taxonomy":"product_cat","embeddable":true,"href":"https:\/\/pangeatacticalandoutdoors.com\/index.php\/wp-json\/wp\/v2\/product_cat?post=4679"},{"taxonomy":"product_tag","embeddable":true,"href":"https:\/\/pangeatacticalandoutdoors.com\/index.php\/wp-json\/wp\/v2\/product_tag?post=4679"}],"curies":[{"name":"wp","href":"https:\/\/api.w.org\/{rel}","templated":true}]}}