{"id":4669,"date":"2021-11-30T14:32:33","date_gmt":"2021-11-30T20:32:33","guid":{"rendered":"https:\/\/pangeatacticalandoutdoors.com\/?post_type=product&#038;p=4669"},"modified":"2022-06-02T16:12:53","modified_gmt":"2022-06-02T21:12:53","slug":"la-sportiva-oliana-short","status":"publish","type":"product","link":"https:\/\/pangeatacticalandoutdoors.com\/index.php\/producto\/la-sportiva-oliana-short\/","title":{"rendered":"LA SPORTIVA-OLIANA SHORT"},"content":{"rendered":"<p><em>El Oliana Short ha sido dise\u00f1ado espec\u00edficamente para las necesidades de los escaladores y, por lo tanto, tiene una estructura de refuerzo muy el\u00e1stica que soporta de manera \u00f3ptima cada movimiento. Pero no solo la construcci\u00f3n, sino tambi\u00e9n el material seleccionado garantizan una movilidad \u00f3ptima. Los pantalones tienen dos bolsillos delanteros, un bolsillo trasero y una bolsa de cepillo integrada. El dise\u00f1o del cuello plegable proporciona una apariencia fresca, de estilo natural y, por otro lado, una protecci\u00f3n perfecta contra el arn\u00e9s.<\/em><\/p>\n<h6>\nCARACTER\u00cdSTICAS:<\/h6>\n<p>\u2022 Cintura c\u00f3moda<\/p>\n<p>\u2022 Construcci\u00f3n de cintura plegable<\/p>\n<p>\u2022 Construcci\u00f3n de dobladillo inferior doblado<\/p>\n<p>\u2022 Bolsillo oculto integrado<\/p>\n<p>\u2022 Ajuste regular<\/p>\n<p>\u2022 22,5 cm (8,85 pulgadas) de largo de la entrepierna<\/p>\n","protected":false},"excerpt":{"rendered":"<p>El Oliana Short ha sido dise\u00f1ado espec\u00edficamente para las necesidades de los escaladores y, por lo tanto, tiene una estructura de refuerzo muy el\u00e1stica que soporta de manera \u00f3ptima cada movimiento. Pero no solo la construcci\u00f3n, sino tambi\u00e9n el material seleccionado garantizan una movilidad \u00f3ptima. Los pantalones tienen dos bolsillos delanteros, un bolsillo trasero y &hellip;<\/p>\n<p class=\"read-more\"> <a class=\"\" href=\"https:\/\/pangeatacticalandoutdoors.com\/index.php\/producto\/la-sportiva-oliana-short\/\"> <span class=\"screen-reader-text\">LA SPORTIVA-OLIANA SHORT<\/span> Leer m\u00e1s &raquo;<\/a><\/p>\n","protected":false},"featured_media":4641,"comment_status":"open","ping_status":"closed","template":"","meta":{"site-sidebar-layout":"default","site-content-layout":"default","ast-global-header-display":"","ast-main-header-display":"","ast-hfb-above-header-display":"","ast-hfb-below-header-display":"","ast-hfb-mobile-header-display":"","site-post-title":"","ast-breadcrumbs-content":"","ast-featured-img":"","footer-sml-layout":"","theme-transparent-header-meta":"default","adv-header-id-meta":"","stick-header-meta":"","header-above-stick-meta":"","header-main-stick-meta":"","header-below-stick-meta":""},"product_cat":[290,88,291],"product_tag":[],"class_list":["post-4669","product","type-product","status-publish","has-post-thumbnail","hentry","product_cat-escalada","product_cat-campismo","product_cat-short"],"jetpack_sharing_enabled":true,"_links":{"self":[{"href":"https:\/\/pangeatacticalandoutdoors.com\/index.php\/wp-json\/wp\/v2\/product\/4669","targetHints":{"allow":["GET"]}}],"collection":[{"href":"https:\/\/pangeatacticalandoutdoors.com\/index.php\/wp-json\/wp\/v2\/product"}],"about":[{"href":"https:\/\/pangeatacticalandoutdoors.com\/index.php\/wp-json\/wp\/v2\/types\/product"}],"replies":[{"embeddable":true,"href":"https:\/\/pangeatacticalandoutdoors.com\/index.php\/wp-json\/wp\/v2\/comments?post=4669"}],"wp:featuredmedia":[{"embeddable":true,"href":"https:\/\/pangeatacticalandoutdoors.com\/index.php\/wp-json\/wp\/v2\/media\/4641"}],"wp:attachment":[{"href":"https:\/\/pangeatacticalandoutdoors.com\/index.php\/wp-json\/wp\/v2\/media?parent=4669"}],"wp:term":[{"taxonomy":"product_cat","embeddable":true,"href":"https:\/\/pangeatacticalandoutdoors.com\/index.php\/wp-json\/wp\/v2\/product_cat?post=4669"},{"taxonomy":"product_tag","embeddable":true,"href":"https:\/\/pangeatacticalandoutdoors.com\/index.php\/wp-json\/wp\/v2\/product_tag?post=4669"}],"curies":[{"name":"wp","href":"https:\/\/api.w.org\/{rel}","templated":true}]}}