{"id":4620,"date":"2021-11-30T12:10:47","date_gmt":"2021-11-30T18:10:47","guid":{"rendered":"https:\/\/pangeatacticalandoutdoors.com\/?post_type=product&#038;p=4620"},"modified":"2026-03-09T12:18:54","modified_gmt":"2026-03-09T18:18:54","slug":"la-sportiva-dakota-tank-camiseta-sin-mangas","status":"publish","type":"product","link":"https:\/\/pangeatacticalandoutdoors.com\/index.php\/producto\/la-sportiva-dakota-tank-camiseta-sin-mangas\/","title":{"rendered":"LA SPORTIVA-DAKOTA TANK CAMISETA SIN MANGAS"},"content":{"rendered":"<p><em>Un escote a medida y detalles de color en contraste hacen de la camiseta sin mangas Dakota una prenda femenina que puede soportar el uso diario en los senderos. DriRelease Cotton promueve un secado r\u00e1pido y brinda una sensaci\u00f3n de tacto ultrasuave, mientras que el tratamiento FreshGuard minimiza la absorci\u00f3n de olores entre lavados.<\/em><\/p>\n","protected":false},"excerpt":{"rendered":"<p>Un escote a medida y detalles de color en contraste hacen de la camiseta sin mangas Dakota una prenda femenina que puede soportar el uso diario en los senderos. DriRelease Cotton promueve un secado r\u00e1pido y brinda una sensaci\u00f3n de tacto ultrasuave, mientras que el tratamiento FreshGuard minimiza la absorci\u00f3n de olores entre lavados.<\/p>\n","protected":false},"featured_media":4630,"comment_status":"open","ping_status":"closed","template":"","meta":{"site-sidebar-layout":"default","site-content-layout":"default","ast-global-header-display":"","ast-main-header-display":"","ast-hfb-above-header-display":"","ast-hfb-below-header-display":"","ast-hfb-mobile-header-display":"","site-post-title":"","ast-breadcrumbs-content":"","ast-featured-img":"","footer-sml-layout":"","theme-transparent-header-meta":"default","adv-header-id-meta":"","stick-header-meta":"","header-above-stick-meta":"","header-main-stick-meta":"","header-below-stick-meta":""},"product_cat":[230,290,88],"product_tag":[],"class_list":["post-4620","product","type-product","status-publish","has-post-thumbnail","hentry","product_cat-blusa-deportiva","product_cat-escalada","product_cat-campismo"],"jetpack_sharing_enabled":true,"_links":{"self":[{"href":"https:\/\/pangeatacticalandoutdoors.com\/index.php\/wp-json\/wp\/v2\/product\/4620","targetHints":{"allow":["GET"]}}],"collection":[{"href":"https:\/\/pangeatacticalandoutdoors.com\/index.php\/wp-json\/wp\/v2\/product"}],"about":[{"href":"https:\/\/pangeatacticalandoutdoors.com\/index.php\/wp-json\/wp\/v2\/types\/product"}],"replies":[{"embeddable":true,"href":"https:\/\/pangeatacticalandoutdoors.com\/index.php\/wp-json\/wp\/v2\/comments?post=4620"}],"wp:featuredmedia":[{"embeddable":true,"href":"https:\/\/pangeatacticalandoutdoors.com\/index.php\/wp-json\/wp\/v2\/media\/4630"}],"wp:attachment":[{"href":"https:\/\/pangeatacticalandoutdoors.com\/index.php\/wp-json\/wp\/v2\/media?parent=4620"}],"wp:term":[{"taxonomy":"product_cat","embeddable":true,"href":"https:\/\/pangeatacticalandoutdoors.com\/index.php\/wp-json\/wp\/v2\/product_cat?post=4620"},{"taxonomy":"product_tag","embeddable":true,"href":"https:\/\/pangeatacticalandoutdoors.com\/index.php\/wp-json\/wp\/v2\/product_tag?post=4620"}],"curies":[{"name":"wp","href":"https:\/\/api.w.org\/{rel}","templated":true}]}}