{"id":4514,"date":"2021-11-24T13:54:03","date_gmt":"2021-11-24T19:54:03","guid":{"rendered":"https:\/\/pangeatacticalandoutdoors.com\/?post_type=product&#038;p=4514"},"modified":"2026-03-09T10:53:49","modified_gmt":"2026-03-09T16:53:49","slug":"smartwool-unisex-hike-medium-cushion","status":"publish","type":"product","link":"https:\/\/pangeatacticalandoutdoors.com\/index.php\/producto\/smartwool-unisex-hike-medium-cushion\/","title":{"rendered":"SMARTWOOL-UNISEX HIKE MEDIUM CUSHION"},"content":{"rendered":"<p><em>Calcetines para excursiones de un d\u00eda o mochileros ligeros desde la primavera hasta el oto\u00f1o.\u00a0Se utiliza una capa adicional de hilo de lana (en lugar de nailon) para reforzar y fortalecer en \u00e1reas de alto impacto.\u00a0Los hace en general m\u00e1s duraderos y proporciona comodidad y amortiguaci\u00f3n de impacto a largo plazo.<\/em><\/p>\n<h6>CARACTER\u00cdSTICAS:<\/h6>\n<ul>\n<li>Hecho de una mezcla de merino y nailon.<\/li>\n<li>Construcci\u00f3n de pierna de punto acanalado.<\/li>\n<li>El soporte de arco el\u00e1stico ayuda a mantener el calcet\u00edn en su lugar.<\/li>\n<li>Costura de punto plana en la puntera para mayor comodidad.<\/li>\n<\/ul>\n<h3 class=\"t-level-3 accordion__branch__heading\" style=\"text-align: center;\">Especificaciones T\u00e9cnicas<\/h3>\n<div id=\"pdp-tech-specs\" class=\"accordion__branch__control js-accordion-branch-control product__techspecs\" aria-hidden=\"false\">\n<table class=\"table table--striped table--bordered table--left-column-heading\">\n<tbody>\n<tr class=\"\">\n<th>Ideal para<\/th>\n<td>Camping y senderismo<\/td>\n<\/tr>\n<tr class=\"\">\n<th>Contenido de la tela<\/th>\n<td>\n<ul class=\"list list--no-margin\">\n<li>66% lana merino<\/li>\n<li>33% nailon<\/li>\n<li>1% elastano<\/li>\n<\/ul>\n<\/td>\n<\/tr>\n<tr class=\"\">\n<th>Grosor<\/th>\n<td>Medio<\/td>\n<\/tr>\n<tr class=\"\">\n<th>Altura del pu\u00f1o<\/th>\n<td>Mitad de la pantorrilla<\/td>\n<\/tr>\n<tr class=\"\">\n<th>\n<div class=\"popover js-popover\"><a class=\"js-popover-toggle\" role=\"button\" href=\"https:\/\/www.mec.ca\/en\/product\/5020-360\/Hike-Medium-Crew-Socks#\" aria-haspopup=\"true\" aria-controls=\"specs-popover-\"><span class=\"popover__label\">Amortiguaci\u00f3n<\/span><i class=\"icon-help-circled popover__icon\" aria-hidden=\"true\"><\/i><\/a><\/div>\n<\/th>\n<td>Tal\u00f3n y antepi\u00e9<\/td>\n<\/tr>\n<tr class=\"\">\n<th>\n<div class=\"popover js-popover\"><a class=\"js-popover-toggle\" role=\"button\" href=\"https:\/\/www.mec.ca\/en\/product\/5020-360\/Hike-Medium-Crew-Socks#\" aria-haspopup=\"true\" aria-controls=\"specs-popover-\"><span class=\"popover__label\">Ajuste anat\u00f3mico<\/span><i class=\"icon-help-circled popover__icon\" aria-hidden=\"true\"><\/i><\/a><\/div>\n<\/th>\n<td>No<\/td>\n<\/tr>\n<tr class=\"\">\n<th>Hecho en<\/th>\n<td>EE.UU<\/td>\n<\/tr>\n<\/tbody>\n<\/table>\n<\/div>\n","protected":false},"excerpt":{"rendered":"<p>Calcetines para excursiones de un d\u00eda o mochileros ligeros desde la primavera hasta el oto\u00f1o.\u00a0Se utiliza una capa adicional de hilo de lana (en lugar de nailon) para reforzar y fortalecer en \u00e1reas de alto impacto.\u00a0Los hace en general m\u00e1s duraderos y proporciona comodidad y amortiguaci\u00f3n de impacto a largo plazo. CARACTER\u00cdSTICAS: Hecho de una &hellip;<\/p>\n<p class=\"read-more\"> <a class=\"\" href=\"https:\/\/pangeatacticalandoutdoors.com\/index.php\/producto\/smartwool-unisex-hike-medium-cushion\/\"> <span class=\"screen-reader-text\">SMARTWOOL-UNISEX HIKE MEDIUM CUSHION<\/span> Leer m\u00e1s &raquo;<\/a><\/p>\n","protected":false},"featured_media":5042,"comment_status":"open","ping_status":"closed","template":"","meta":{"site-sidebar-layout":"default","site-content-layout":"default","ast-global-header-display":"","ast-main-header-display":"","ast-hfb-above-header-display":"","ast-hfb-below-header-display":"","ast-hfb-mobile-header-display":"","site-post-title":"","ast-breadcrumbs-content":"","ast-featured-img":"","footer-sml-layout":"","theme-transparent-header-meta":"default","adv-header-id-meta":"","stick-header-meta":"","header-above-stick-meta":"","header-main-stick-meta":"","header-below-stick-meta":""},"product_cat":[339,88],"product_tag":[],"class_list":["post-4514","product","type-product","status-publish","has-post-thumbnail","hentry","product_cat-calcetines","product_cat-campismo"],"jetpack_sharing_enabled":true,"_links":{"self":[{"href":"https:\/\/pangeatacticalandoutdoors.com\/index.php\/wp-json\/wp\/v2\/product\/4514","targetHints":{"allow":["GET"]}}],"collection":[{"href":"https:\/\/pangeatacticalandoutdoors.com\/index.php\/wp-json\/wp\/v2\/product"}],"about":[{"href":"https:\/\/pangeatacticalandoutdoors.com\/index.php\/wp-json\/wp\/v2\/types\/product"}],"replies":[{"embeddable":true,"href":"https:\/\/pangeatacticalandoutdoors.com\/index.php\/wp-json\/wp\/v2\/comments?post=4514"}],"wp:featuredmedia":[{"embeddable":true,"href":"https:\/\/pangeatacticalandoutdoors.com\/index.php\/wp-json\/wp\/v2\/media\/5042"}],"wp:attachment":[{"href":"https:\/\/pangeatacticalandoutdoors.com\/index.php\/wp-json\/wp\/v2\/media?parent=4514"}],"wp:term":[{"taxonomy":"product_cat","embeddable":true,"href":"https:\/\/pangeatacticalandoutdoors.com\/index.php\/wp-json\/wp\/v2\/product_cat?post=4514"},{"taxonomy":"product_tag","embeddable":true,"href":"https:\/\/pangeatacticalandoutdoors.com\/index.php\/wp-json\/wp\/v2\/product_tag?post=4514"}],"curies":[{"name":"wp","href":"https:\/\/api.w.org\/{rel}","templated":true}]}}