{"id":4482,"date":"2021-11-20T12:15:01","date_gmt":"2021-11-20T18:15:01","guid":{"rendered":"https:\/\/pangeatacticalandoutdoors.com\/?post_type=product&#038;p=4482"},"modified":"2021-11-20T12:15:01","modified_gmt":"2021-11-20T18:15:01","slug":"kayak-para-1-persona-challenger-k1","status":"publish","type":"product","link":"https:\/\/pangeatacticalandoutdoors.com\/index.php\/producto\/kayak-para-1-persona-challenger-k1\/","title":{"rendered":"KAYAK-PARA 1 PERSONA CHALLENGER K1"},"content":{"rendered":"<p><em>Si te gusta disfrutar de los deportes que te ofrece el mar, como la navegaci\u00f3n o el remo, tienes que conocer el kayak inflable k1 Challenger de Intex. Tiene un nuevo y atractivo dise\u00f1o en color verde y negro que lo hacen m\u00e1s visible en el mar.<\/em><\/p>\n<p><em>Para que la traves\u00eda sea lo m\u00e1s c\u00f3moda posible este kayak Intex tiene un asiento inflable y regulable con respaldo y adem\u00e1s la silla es extra\u00edble. El suelo tambi\u00e9n es inflable.<\/em><\/p>\n<p>CARACTER\u00cdSTICAS:<\/p>\n<ul class=\"a-unordered-list a-vertical a-spacing-mini\">\n<li><span class=\"a-list-item\">Ligero, kayak durable hecho de material soldado resistente con gr\u00e1ficos llamativos para mayor seguridad en el lago o en r\u00edo de movimiento lento.<\/span><\/li>\n<li><span class=\"a-list-item\">La cabina est\u00e1 dise\u00f1ada para comodidad y un espacio maximizado, y los pisos inflables I-beam dan estabilidad.<\/span><\/li>\n<li><span class=\"a-list-item\">Red de carga para almacenar equipo extra, y guirnalda en ambos extremos del kayak; asiento inflable con respaldo.<\/span><\/li>\n<li><span class=\"a-list-item\">Viene con un remo de aluminio de 84 pulgadas, parche de reparaci\u00f3n y una bomba de mano manual de alta potencia.<\/span><\/li>\n<li><span class=\"a-list-item\">Medidas 274x76x33 cm y tiene capacidad para 1 personas con un peso m\u00e1ximo de 100 kg.<\/span><\/li>\n<li>El kayak Challenger k1 de Intex cumple con la normativa est\u00e1ndar ISO 6185-1 y la certificaci\u00f3n T\u00dcV GS.<\/li>\n<\/ul>\n","protected":false},"excerpt":{"rendered":"<p>Si te gusta disfrutar de los deportes que te ofrece el mar, como la navegaci\u00f3n o el remo, tienes que conocer el kayak inflable k1 Challenger de Intex. Tiene un nuevo y atractivo dise\u00f1o en color verde y negro que lo hacen m\u00e1s visible en el mar. Para que la traves\u00eda sea lo m\u00e1s c\u00f3moda &hellip;<\/p>\n<p class=\"read-more\"> <a class=\"\" href=\"https:\/\/pangeatacticalandoutdoors.com\/index.php\/producto\/kayak-para-1-persona-challenger-k1\/\"> <span class=\"screen-reader-text\">KAYAK-PARA 1 PERSONA CHALLENGER K1<\/span> Leer m\u00e1s &raquo;<\/a><\/p>\n","protected":false},"featured_media":4483,"comment_status":"open","ping_status":"closed","template":"","meta":{"site-sidebar-layout":"default","site-content-layout":"default","ast-global-header-display":"","ast-main-header-display":"","ast-hfb-above-header-display":"","ast-hfb-below-header-display":"","ast-hfb-mobile-header-display":"","site-post-title":"","ast-breadcrumbs-content":"","ast-featured-img":"","footer-sml-layout":"","theme-transparent-header-meta":"default","adv-header-id-meta":"","stick-header-meta":"","header-above-stick-meta":"","header-main-stick-meta":"","header-below-stick-meta":""},"product_cat":[267,88],"product_tag":[],"class_list":["post-4482","product","type-product","status-publish","has-post-thumbnail","hentry","product_cat-kayak","product_cat-campismo"],"jetpack_sharing_enabled":true,"_links":{"self":[{"href":"https:\/\/pangeatacticalandoutdoors.com\/index.php\/wp-json\/wp\/v2\/product\/4482","targetHints":{"allow":["GET"]}}],"collection":[{"href":"https:\/\/pangeatacticalandoutdoors.com\/index.php\/wp-json\/wp\/v2\/product"}],"about":[{"href":"https:\/\/pangeatacticalandoutdoors.com\/index.php\/wp-json\/wp\/v2\/types\/product"}],"replies":[{"embeddable":true,"href":"https:\/\/pangeatacticalandoutdoors.com\/index.php\/wp-json\/wp\/v2\/comments?post=4482"}],"wp:featuredmedia":[{"embeddable":true,"href":"https:\/\/pangeatacticalandoutdoors.com\/index.php\/wp-json\/wp\/v2\/media\/4483"}],"wp:attachment":[{"href":"https:\/\/pangeatacticalandoutdoors.com\/index.php\/wp-json\/wp\/v2\/media?parent=4482"}],"wp:term":[{"taxonomy":"product_cat","embeddable":true,"href":"https:\/\/pangeatacticalandoutdoors.com\/index.php\/wp-json\/wp\/v2\/product_cat?post=4482"},{"taxonomy":"product_tag","embeddable":true,"href":"https:\/\/pangeatacticalandoutdoors.com\/index.php\/wp-json\/wp\/v2\/product_tag?post=4482"}],"curies":[{"name":"wp","href":"https:\/\/api.w.org\/{rel}","templated":true}]}}