{"id":4433,"date":"2021-11-19T12:49:02","date_gmt":"2021-11-19T18:49:02","guid":{"rendered":"https:\/\/pangeatacticalandoutdoors.com\/?post_type=product&#038;p=4433"},"modified":"2024-06-27T19:23:24","modified_gmt":"2024-06-28T00:23:24","slug":"gu-gel-energetico-para-deportistas-y-atletas","status":"publish","type":"product","link":"https:\/\/pangeatacticalandoutdoors.com\/index.php\/producto\/gu-gel-energetico-para-deportistas-y-atletas\/","title":{"rendered":"GU ORIGINAL-GEL ENERG\u00c9TICO PARA DEPORTISTAS Y ATLETAS"},"content":{"rendered":"<p><em>El gel energ\u00e9tico GU sigue siendo la m\u00e1s eficiente fuente de energ\u00eda deportiva disponible hoy en d\u00eda. La mezcla de carbohidratos de GU, provee energ\u00eda de alta calidad, durable y f\u00e1cil de digerir para los atletas de cualquier deporte y de todos los niveles.<\/em><\/p>\n<h6>CARACTER\u00cdSTICAS:<\/h6>\n<h6>Energiza:<\/h6>\n<p>Una inyecci\u00f3n de fructuosa natural (az\u00facar de la fruta) de acci\u00f3n r\u00e1pida va directamente a trabajar generando altos niveles de energ\u00eda, mientras que la maltodextrina se absorbe r\u00e1pidamente y se env\u00eda a sus m\u00fasculos otorgando energ\u00eda de larga duraci\u00f3n. Los electrolitos son vitales para mantener la qu\u00edmica de su sangre y los niveles de hidrataci\u00f3n estables. El calcio mantiene sus m\u00fasculos alertas y la cafe\u00edna a\u00f1ade un toque extra a su poder.<\/p>\n<h6>Mantiene:<\/h6>\n<p>Los carbohidratos complejos en forma de maltodextrina ayudan a mantener los niveles de glucosa todo el tiempo. Citratos (citrato de potasio, citrato de sodio y \u00e1cido c\u00edtrico) ayudan a acelerar la conversi\u00f3n de estos carbohidratos en mol\u00e9culas de energ\u00eda mientras mitigan la fatiga minando la acumulaci\u00f3n del \u00e1cido en el tejido muscular. Amino\u00e1cidos de cadena ramificada (BCAAs) leucina, isoleucina y valina, sirven como otra fuente de combustible, que te ayudan en la recuperaci\u00f3n y a mejorar el rendimiento mental mientras que reducen la fatiga central del sistema nervioso ayudando a la producci\u00f3n de serotonina. Histidina, un amino\u00e1cido esencial, act\u00faa junto a los citratos como un amortiguador que ayuda a neutralizar el \u00e1cido l\u00e1ctico en los m\u00fasculos.<\/p>\n<h6>Recupera:<\/h6>\n<p>Las vitaminas antioxidantes C y E defienden a los m\u00fasculos de colapsar a causa de los radicales libres. La manzanilla trabaja como un anti-inflamatorio durante y despu\u00e9s del ejercicio. El jengibre alivia el est\u00f3mago. La Sal de Mar ayuda a reponer una gran cantidad de minerales.<\/p>\n<h6>C\u00f3mo tomar GU:<\/h6>\n<p>Tanto el GU Energy Gel como el Roctane Ultra Endurance Energy Gel, contienen 100 calor\u00edas en cada uno. Es un tama\u00f1o ideal que sirve para tomarse 15 minutos antes del entrenamiento o competencia con el fin de activar los electrolitos y dep\u00f3sitos de glucosa, seguidos por una toma cada 30-45 minutos durante el trayecto, acompa\u00f1ado con sorbos de l\u00edquido.<br \/>\nPara resultados \u00f3ptimos, se recomienda tomar al menos 750 ml. \u2013 1 lt. de l\u00edquido por hora durante el entrenamiento y las carreras.<\/p>\n<p>La ingesta exacta de GU Roctane depende de la intensidad de su ejercicio, de su peso corporal y del nivel de condici\u00f3n f\u00edsica. La condici\u00f3n f\u00edsica en la que usted se encuentra y la eficiencia de su metabolismo lo indicar\u00e1n, La cantidad m\u00e1xima de GU Roctane recomendada puede ser hasta 340 calor\u00edas cada 60 minutos.<\/p>\n<p>Puede combinar con Roctane el tradicional GU Energy, el GU electrolyte Brew y el GU Recovery Brew para una optima fuente de energ\u00eda , hidrataci\u00f3n y recuperaci\u00f3n.<\/p>\n<p>Tome un gel 15 minutos antes de un entrenamiento o competencia y, a continuaci\u00f3n un gel cada 30-45 minutos durante el ejercicio. Consuma la bebida hidratante GU electrolyte Brew durante todo su entrenamiento o competencia y al finalizar el per\u00edodo la bebida de recuperaci\u00f3n GU Recovery Brew a los 30 minutos despu\u00e9s de haber parado.<\/p>\n","protected":false},"excerpt":{"rendered":"<p>El gel energ\u00e9tico GU sigue siendo la m\u00e1s eficiente fuente de energ\u00eda deportiva disponible hoy en d\u00eda. La mezcla de carbohidratos de GU, provee energ\u00eda de alta calidad, durable y f\u00e1cil de digerir para los atletas de cualquier deporte y de todos los niveles. CARACTER\u00cdSTICAS: Energiza: Una inyecci\u00f3n de fructuosa natural (az\u00facar de la fruta) &hellip;<\/p>\n<p class=\"read-more\"> <a class=\"\" href=\"https:\/\/pangeatacticalandoutdoors.com\/index.php\/producto\/gu-gel-energetico-para-deportistas-y-atletas\/\"> <span class=\"screen-reader-text\">GU ORIGINAL-GEL ENERG\u00c9TICO PARA DEPORTISTAS Y ATLETAS<\/span> Leer m\u00e1s &raquo;<\/a><\/p>\n","protected":false},"featured_media":4457,"comment_status":"open","ping_status":"closed","template":"","meta":{"site-sidebar-layout":"default","site-content-layout":"default","ast-global-header-display":"","ast-main-header-display":"","ast-hfb-above-header-display":"","ast-hfb-below-header-display":"","ast-hfb-mobile-header-display":"","site-post-title":"","ast-breadcrumbs-content":"","ast-featured-img":"","footer-sml-layout":"","theme-transparent-header-meta":"default","adv-header-id-meta":"","stick-header-meta":"","header-above-stick-meta":"","header-main-stick-meta":"","header-below-stick-meta":""},"product_cat":[90,266],"product_tag":[],"class_list":["post-4433","product","type-product","status-publish","has-post-thumbnail","hentry","product_cat-accesorios","product_cat-productos-energeticos"],"jetpack_sharing_enabled":true,"_links":{"self":[{"href":"https:\/\/pangeatacticalandoutdoors.com\/index.php\/wp-json\/wp\/v2\/product\/4433","targetHints":{"allow":["GET"]}}],"collection":[{"href":"https:\/\/pangeatacticalandoutdoors.com\/index.php\/wp-json\/wp\/v2\/product"}],"about":[{"href":"https:\/\/pangeatacticalandoutdoors.com\/index.php\/wp-json\/wp\/v2\/types\/product"}],"replies":[{"embeddable":true,"href":"https:\/\/pangeatacticalandoutdoors.com\/index.php\/wp-json\/wp\/v2\/comments?post=4433"}],"wp:featuredmedia":[{"embeddable":true,"href":"https:\/\/pangeatacticalandoutdoors.com\/index.php\/wp-json\/wp\/v2\/media\/4457"}],"wp:attachment":[{"href":"https:\/\/pangeatacticalandoutdoors.com\/index.php\/wp-json\/wp\/v2\/media?parent=4433"}],"wp:term":[{"taxonomy":"product_cat","embeddable":true,"href":"https:\/\/pangeatacticalandoutdoors.com\/index.php\/wp-json\/wp\/v2\/product_cat?post=4433"},{"taxonomy":"product_tag","embeddable":true,"href":"https:\/\/pangeatacticalandoutdoors.com\/index.php\/wp-json\/wp\/v2\/product_tag?post=4433"}],"curies":[{"name":"wp","href":"https:\/\/api.w.org\/{rel}","templated":true}]}}