{"id":4401,"date":"2021-11-18T13:18:56","date_gmt":"2021-11-18T19:18:56","guid":{"rendered":"https:\/\/pangeatacticalandoutdoors.com\/?post_type=product&#038;p=4401"},"modified":"2024-11-23T15:20:32","modified_gmt":"2024-11-23T21:20:32","slug":"gama-bota-tactica-m2-napa-negra-atack","status":"publish","type":"product","link":"https:\/\/pangeatacticalandoutdoors.com\/index.php\/producto\/gama-bota-tactica-m2-napa-negra-atack\/","title":{"rendered":"GAMA-BOTA T\u00c1CTICA M2 NAPA NEGRA ATACK"},"content":{"rendered":"<p><em>Calzado t\u00e1ctico Modelo M2 Piel Napa Negra. Es una bota ultra ligera, flexible y durable, ideal para diferentes actividades. Est\u00e1 compuesta por una suela elastom\u00e9rica que ayuda al desempe\u00f1o y comodidad del usuario durante la jornada de trabajo. Adem\u00e1s, tiene resistencia al resbalamiento. Cuenta con propiedades para una buena absorci\u00f3n de impactos y es ideal para pisos de poca a moderada abrasi\u00f3n.<\/em><\/p>\n<h6>CARACTER\u00cdSTICAS:<\/h6>\n<ul>\n<li><strong>Corte:<\/strong>\u00a0Vacuno<\/li>\n<li><strong>Forro:\u00a0<\/strong>Textil<\/li>\n<li><strong>Suela:<\/strong>\u00a0Atack Elast\u00f3mero<\/li>\n<li><strong>Construcci\u00f3n:\u00a0<\/strong>Lock Stitcher<\/li>\n<li><strong>Colores disponibles:<\/strong>\u00a0Negro<\/li>\n<li><strong>Plantilla:\u00a0<\/strong>Espuma de poliuretano antimic\u00f3tico<\/li>\n<\/ul>\n<p><strong>RECOMENDACIONES DE USO:<\/strong><\/p>\n<ul>\n<li>Condiciones h\u00famedas y secas<\/li>\n<li>Uso policiaco y militar<\/li>\n<li>Antiderrapante<\/li>\n<\/ul>\n<p><span class=\"JsGRdQ\">Todas nuestras botas t\u00e1cticas <\/span><span class=\"JsGRdQ\">est\u00e1n elaboradas de <\/span><span class=\"JsGRdQ\">piel corte vacuno<\/span><span class=\"JsGRdQ\"> por lo tanto es importante <\/span><strong><span class=\"JsGRdQ\">NO sumergirlas en agua y NO exponerlas directamente al calor.<\/span><\/strong><\/p>\n<p><em><strong><span class=\"JsGRdQ\">IMPORTANTE: No se har\u00e1n devoluciones en calzado maltratado por exceso de agua o expuesto al calor.<\/span><\/strong><\/em><\/p>\n","protected":false},"excerpt":{"rendered":"<p>Calzado t\u00e1ctico Modelo M2 Piel Napa Negra. Es una bota ultra ligera, flexible y durable, ideal para diferentes actividades. Est\u00e1 compuesta por una suela elastom\u00e9rica que ayuda al desempe\u00f1o y comodidad del usuario durante la jornada de trabajo. Adem\u00e1s, tiene resistencia al resbalamiento. Cuenta con propiedades para una buena absorci\u00f3n de impactos y es ideal &hellip;<\/p>\n<p class=\"read-more\"> <a class=\"\" href=\"https:\/\/pangeatacticalandoutdoors.com\/index.php\/producto\/gama-bota-tactica-m2-napa-negra-atack\/\"> <span class=\"screen-reader-text\">GAMA-BOTA T\u00c1CTICA M2 NAPA NEGRA ATACK<\/span> Leer m\u00e1s &raquo;<\/a><\/p>\n","protected":false},"featured_media":4406,"comment_status":"open","ping_status":"closed","template":"","meta":{"site-sidebar-layout":"default","site-content-layout":"default","ast-global-header-display":"","ast-main-header-display":"","ast-hfb-above-header-display":"","ast-hfb-below-header-display":"","ast-hfb-mobile-header-display":"","site-post-title":"","ast-breadcrumbs-content":"","ast-featured-img":"","footer-sml-layout":"","theme-transparent-header-meta":"default","adv-header-id-meta":"","stick-header-meta":"","header-above-stick-meta":"","header-main-stick-meta":"","header-below-stick-meta":""},"product_cat":[139,89],"product_tag":[],"class_list":["post-4401","product","type-product","status-publish","has-post-thumbnail","hentry","product_cat-botas","product_cat-calzado"],"jetpack_sharing_enabled":true,"_links":{"self":[{"href":"https:\/\/pangeatacticalandoutdoors.com\/index.php\/wp-json\/wp\/v2\/product\/4401","targetHints":{"allow":["GET"]}}],"collection":[{"href":"https:\/\/pangeatacticalandoutdoors.com\/index.php\/wp-json\/wp\/v2\/product"}],"about":[{"href":"https:\/\/pangeatacticalandoutdoors.com\/index.php\/wp-json\/wp\/v2\/types\/product"}],"replies":[{"embeddable":true,"href":"https:\/\/pangeatacticalandoutdoors.com\/index.php\/wp-json\/wp\/v2\/comments?post=4401"}],"wp:featuredmedia":[{"embeddable":true,"href":"https:\/\/pangeatacticalandoutdoors.com\/index.php\/wp-json\/wp\/v2\/media\/4406"}],"wp:attachment":[{"href":"https:\/\/pangeatacticalandoutdoors.com\/index.php\/wp-json\/wp\/v2\/media?parent=4401"}],"wp:term":[{"taxonomy":"product_cat","embeddable":true,"href":"https:\/\/pangeatacticalandoutdoors.com\/index.php\/wp-json\/wp\/v2\/product_cat?post=4401"},{"taxonomy":"product_tag","embeddable":true,"href":"https:\/\/pangeatacticalandoutdoors.com\/index.php\/wp-json\/wp\/v2\/product_tag?post=4401"}],"curies":[{"name":"wp","href":"https:\/\/api.w.org\/{rel}","templated":true}]}}