{"id":4385,"date":"2021-11-18T11:21:34","date_gmt":"2021-11-18T17:21:34","guid":{"rendered":"https:\/\/pangeatacticalandoutdoors.com\/?post_type=product&#038;p=4385"},"modified":"2024-08-28T16:12:21","modified_gmt":"2024-08-28T21:12:21","slug":"tt-stretch-belt-2","status":"publish","type":"product","link":"https:\/\/pangeatacticalandoutdoors.com\/index.php\/producto\/tt-stretch-belt-2\/","title":{"rendered":"TT-STRETCH BELT"},"content":{"rendered":"<p><em>Cintur\u00f3n el\u00e1stico con cierre de gancho de aluminio.<\/em><\/p>\n<h6>CARACTER\u00cdSTICAS:<\/h6>\n<ul class=\"desc\">\n<li>Talla unisex<\/li>\n<li>Ajustable en longitud<\/li>\n<li>Correas el\u00e1sticas<\/li>\n<li>Cierre de gancho de aluminio sin n\u00edquel<\/li>\n<li>Logotipo del tigre de Tasmania en el cierre<\/li>\n<\/ul>\n<h6 style=\"text-align: center;\">DETALLES CINTUR\u00d3N 32MM<\/h6>\n<div>\n<table class=\"product-details\">\n<tbody>\n<tr>\n<th>Dimensiones:<\/th>\n<td>125 x 3,2 cent\u00edmetros<\/td>\n<\/tr>\n<tr>\n<th>Peso:<\/th>\n<td>80 gramos<\/td>\n<\/tr>\n<tr>\n<th>Material:<\/th>\n<td>Correas de spandex<\/td>\n<\/tr>\n<\/tbody>\n<\/table>\n<\/div>\n<h6 style=\"text-align: center;\">DETALLES CINTUR\u00d3N 38MM<\/h6>\n<div>\n<table class=\"product-details\">\n<tbody>\n<tr>\n<th>Dimensiones:<\/th>\n<td>120 x 3,8 cent\u00edmetros<\/td>\n<\/tr>\n<tr>\n<th>Peso:<\/th>\n<td>100 gramos<\/td>\n<\/tr>\n<tr>\n<th>Material:<\/th>\n<td>Correas de spandex<\/td>\n<\/tr>\n<\/tbody>\n<\/table>\n<\/div>\n","protected":false},"excerpt":{"rendered":"<p>Cintur\u00f3n el\u00e1stico con cierre de gancho de aluminio. CARACTER\u00cdSTICAS: Talla unisex Ajustable en longitud Correas el\u00e1sticas Cierre de gancho de aluminio sin n\u00edquel Logotipo del tigre de Tasmania en el cierre DETALLES CINTUR\u00d3N 32MM Dimensiones: 125 x 3,2 cent\u00edmetros Peso: 80 gramos Material: Correas de spandex DETALLES CINTUR\u00d3N 38MM Dimensiones: 120 x 3,8 cent\u00edmetros Peso: &hellip;<\/p>\n<p class=\"read-more\"> <a class=\"\" href=\"https:\/\/pangeatacticalandoutdoors.com\/index.php\/producto\/tt-stretch-belt-2\/\"> <span class=\"screen-reader-text\">TT-STRETCH BELT<\/span> Leer m\u00e1s &raquo;<\/a><\/p>\n","protected":false},"featured_media":4394,"comment_status":"open","ping_status":"closed","template":"","meta":{"site-sidebar-layout":"default","site-content-layout":"default","ast-global-header-display":"","ast-main-header-display":"","ast-hfb-above-header-display":"","ast-hfb-below-header-display":"","ast-hfb-mobile-header-display":"","site-post-title":"","ast-breadcrumbs-content":"","ast-featured-img":"","footer-sml-layout":"","theme-transparent-header-meta":"default","adv-header-id-meta":"","stick-header-meta":"","header-above-stick-meta":"","header-main-stick-meta":"","header-below-stick-meta":""},"product_cat":[90,141],"product_tag":[],"class_list":["post-4385","product","type-product","status-publish","has-post-thumbnail","hentry","product_cat-accesorios","product_cat-cinturones"],"jetpack_sharing_enabled":true,"_links":{"self":[{"href":"https:\/\/pangeatacticalandoutdoors.com\/index.php\/wp-json\/wp\/v2\/product\/4385","targetHints":{"allow":["GET"]}}],"collection":[{"href":"https:\/\/pangeatacticalandoutdoors.com\/index.php\/wp-json\/wp\/v2\/product"}],"about":[{"href":"https:\/\/pangeatacticalandoutdoors.com\/index.php\/wp-json\/wp\/v2\/types\/product"}],"replies":[{"embeddable":true,"href":"https:\/\/pangeatacticalandoutdoors.com\/index.php\/wp-json\/wp\/v2\/comments?post=4385"}],"wp:featuredmedia":[{"embeddable":true,"href":"https:\/\/pangeatacticalandoutdoors.com\/index.php\/wp-json\/wp\/v2\/media\/4394"}],"wp:attachment":[{"href":"https:\/\/pangeatacticalandoutdoors.com\/index.php\/wp-json\/wp\/v2\/media?parent=4385"}],"wp:term":[{"taxonomy":"product_cat","embeddable":true,"href":"https:\/\/pangeatacticalandoutdoors.com\/index.php\/wp-json\/wp\/v2\/product_cat?post=4385"},{"taxonomy":"product_tag","embeddable":true,"href":"https:\/\/pangeatacticalandoutdoors.com\/index.php\/wp-json\/wp\/v2\/product_tag?post=4385"}],"curies":[{"name":"wp","href":"https:\/\/api.w.org\/{rel}","templated":true}]}}