{"id":4373,"date":"2021-11-17T17:57:55","date_gmt":"2021-11-17T23:57:55","guid":{"rendered":"https:\/\/pangeatacticalandoutdoors.com\/?post_type=product&#038;p=4373"},"modified":"2021-11-17T17:57:55","modified_gmt":"2021-11-17T23:57:55","slug":"tt-bladder-pouch","status":"publish","type":"product","link":"https:\/\/pangeatacticalandoutdoors.com\/index.php\/producto\/tt-bladder-pouch\/","title":{"rendered":"TT-BLADDER POUCH"},"content":{"rendered":"<p><em>Bolsa de hidrataci\u00f3n de 3 litros<\/em><\/p>\n<h6>CARACTER\u00cdSTICAS:<\/h6>\n<ul class=\"desc\">\n<li>Perfil plano<\/li>\n<li>Apertura mediante &#8220;sistema de protecci\u00f3n contra la nieve&#8221;, protegido del polvo<\/li>\n<li>Sistema de pulsador MOLLE<\/li>\n<li>Requiere tres bucles MOLLE<\/li>\n<\/ul>\n<table class=\"product-details\">\n<tbody>\n<tr>\n<th>Dimensiones:<\/th>\n<td>42 x 17 x 4 cent\u00edmetros<\/td>\n<\/tr>\n<tr>\n<th>Volumen:<\/th>\n<td>3 l<\/td>\n<\/tr>\n<tr>\n<th>Peso:<\/th>\n<td>260 gramos<\/td>\n<\/tr>\n<tr>\n<th>Material:<\/th>\n<td>CORDURA\u00ae 700 den<\/td>\n<\/tr>\n<\/tbody>\n<\/table>\n","protected":false},"excerpt":{"rendered":"<p>Bolsa de hidrataci\u00f3n de 3 litros CARACTER\u00cdSTICAS: Perfil plano Apertura mediante &#8220;sistema de protecci\u00f3n contra la nieve&#8221;, protegido del polvo Sistema de pulsador MOLLE Requiere tres bucles MOLLE Dimensiones: 42 x 17 x 4 cent\u00edmetros Volumen: 3 l Peso: 260 gramos Material: CORDURA\u00ae 700 den<\/p>\n","protected":false},"featured_media":4374,"comment_status":"open","ping_status":"closed","template":"","meta":{"site-sidebar-layout":"default","site-content-layout":"default","ast-global-header-display":"","ast-main-header-display":"","ast-hfb-above-header-display":"","ast-hfb-below-header-display":"","ast-hfb-mobile-header-display":"","site-post-title":"","ast-breadcrumbs-content":"","ast-featured-img":"","footer-sml-layout":"","theme-transparent-header-meta":"default","adv-header-id-meta":"","stick-header-meta":"","header-above-stick-meta":"","header-main-stick-meta":"","header-below-stick-meta":""},"product_cat":[90,243],"product_tag":[],"class_list":["post-4373","product","type-product","status-publish","has-post-thumbnail","hentry","product_cat-accesorios","product_cat-portabotellas"],"jetpack_sharing_enabled":true,"_links":{"self":[{"href":"https:\/\/pangeatacticalandoutdoors.com\/index.php\/wp-json\/wp\/v2\/product\/4373","targetHints":{"allow":["GET"]}}],"collection":[{"href":"https:\/\/pangeatacticalandoutdoors.com\/index.php\/wp-json\/wp\/v2\/product"}],"about":[{"href":"https:\/\/pangeatacticalandoutdoors.com\/index.php\/wp-json\/wp\/v2\/types\/product"}],"replies":[{"embeddable":true,"href":"https:\/\/pangeatacticalandoutdoors.com\/index.php\/wp-json\/wp\/v2\/comments?post=4373"}],"wp:featuredmedia":[{"embeddable":true,"href":"https:\/\/pangeatacticalandoutdoors.com\/index.php\/wp-json\/wp\/v2\/media\/4374"}],"wp:attachment":[{"href":"https:\/\/pangeatacticalandoutdoors.com\/index.php\/wp-json\/wp\/v2\/media?parent=4373"}],"wp:term":[{"taxonomy":"product_cat","embeddable":true,"href":"https:\/\/pangeatacticalandoutdoors.com\/index.php\/wp-json\/wp\/v2\/product_cat?post=4373"},{"taxonomy":"product_tag","embeddable":true,"href":"https:\/\/pangeatacticalandoutdoors.com\/index.php\/wp-json\/wp\/v2\/product_tag?post=4373"}],"curies":[{"name":"wp","href":"https:\/\/api.w.org\/{rel}","templated":true}]}}