{"id":4358,"date":"2021-11-17T17:18:16","date_gmt":"2021-11-17T23:18:16","guid":{"rendered":"https:\/\/pangeatacticalandoutdoors.com\/?post_type=product&#038;p=4358"},"modified":"2022-10-25T16:09:05","modified_gmt":"2022-10-25T21:09:05","slug":"tt-leader-admin-pouch","status":"publish","type":"product","link":"https:\/\/pangeatacticalandoutdoors.com\/index.php\/producto\/tt-leader-admin-pouch\/","title":{"rendered":"TT-LEADER ADMIN POUCH"},"content":{"rendered":"<p><em><span class=\"keyword\">BOLSILLO PARA DOCUMENTOS | <\/span><span style=\"font-size: 16px;\">Versi\u00f3n m\u00e1s grande de TT Admin Pouch.<\/span><\/em><\/p>\n<h6>CARACTER\u00cdSTICAS:<\/h6>\n<ul class=\"desc\">\n<li><span>Varios compartimentos<\/span><\/li>\n<li><span>Solapas traseras deslizables para luz fr\u00eda o linternas<\/span><\/li>\n<li><span>Compartimentos para tarjetas de memoria<\/span><\/li>\n<li><span>Compartimentos transparentes para documentos<\/span><\/li>\n<li><span>Titular de la tarjeta de identificaci\u00f3n<\/span><\/li>\n<li><span>\u00c1ngulo de plegado ajustable a trav\u00e9s del cord\u00f3n<\/span><\/li>\n<li><span>Sistema de pulsador MOLLE<\/span><\/li>\n<li><span>Requiere cuatro bucles MOLLE<\/span><\/li>\n<\/ul>\n","protected":false},"excerpt":{"rendered":"<p>BOLSILLO PARA DOCUMENTOS | Versi\u00f3n m\u00e1s grande de TT Admin Pouch. CARACTER\u00cdSTICAS: Varios compartimentos Solapas traseras deslizables para luz fr\u00eda o linternas Compartimentos para tarjetas de memoria Compartimentos transparentes para documentos Titular de la tarjeta de identificaci\u00f3n \u00c1ngulo de plegado ajustable a trav\u00e9s del cord\u00f3n Sistema de pulsador MOLLE Requiere cuatro bucles MOLLE<\/p>\n","protected":false},"featured_media":4363,"comment_status":"open","ping_status":"closed","template":"","meta":{"site-sidebar-layout":"default","site-content-layout":"default","ast-global-header-display":"","ast-main-header-display":"","ast-hfb-above-header-display":"","ast-hfb-below-header-display":"","ast-hfb-mobile-header-display":"","site-post-title":"","ast-breadcrumbs-content":"","ast-featured-img":"","footer-sml-layout":"","theme-transparent-header-meta":"default","adv-header-id-meta":"","stick-header-meta":"","header-above-stick-meta":"","header-main-stick-meta":"","header-below-stick-meta":""},"product_cat":[90,144],"product_tag":[],"class_list":["post-4358","product","type-product","status-publish","has-post-thumbnail","hentry","product_cat-accesorios","product_cat-bolsas"],"jetpack_sharing_enabled":true,"_links":{"self":[{"href":"https:\/\/pangeatacticalandoutdoors.com\/index.php\/wp-json\/wp\/v2\/product\/4358","targetHints":{"allow":["GET"]}}],"collection":[{"href":"https:\/\/pangeatacticalandoutdoors.com\/index.php\/wp-json\/wp\/v2\/product"}],"about":[{"href":"https:\/\/pangeatacticalandoutdoors.com\/index.php\/wp-json\/wp\/v2\/types\/product"}],"replies":[{"embeddable":true,"href":"https:\/\/pangeatacticalandoutdoors.com\/index.php\/wp-json\/wp\/v2\/comments?post=4358"}],"wp:featuredmedia":[{"embeddable":true,"href":"https:\/\/pangeatacticalandoutdoors.com\/index.php\/wp-json\/wp\/v2\/media\/4363"}],"wp:attachment":[{"href":"https:\/\/pangeatacticalandoutdoors.com\/index.php\/wp-json\/wp\/v2\/media?parent=4358"}],"wp:term":[{"taxonomy":"product_cat","embeddable":true,"href":"https:\/\/pangeatacticalandoutdoors.com\/index.php\/wp-json\/wp\/v2\/product_cat?post=4358"},{"taxonomy":"product_tag","embeddable":true,"href":"https:\/\/pangeatacticalandoutdoors.com\/index.php\/wp-json\/wp\/v2\/product_tag?post=4358"}],"curies":[{"name":"wp","href":"https:\/\/api.w.org\/{rel}","templated":true}]}}