{"id":4336,"date":"2021-11-17T16:15:48","date_gmt":"2021-11-17T22:15:48","guid":{"rendered":"https:\/\/pangeatacticalandoutdoors.com\/?post_type=product&#038;p=4336"},"modified":"2025-09-30T11:34:21","modified_gmt":"2025-09-30T17:34:21","slug":"tt-raincover","status":"publish","type":"product","link":"https:\/\/pangeatacticalandoutdoors.com\/index.php\/producto\/tt-raincover\/","title":{"rendered":"TT-RAINCOVER"},"content":{"rendered":"<p><em>FUNDA IMPERMEABLE PARA MOCHILA (55-80L) | Funda protectora y camuflaje para mochilas.<\/em><\/p>\n<h6>CARACTER\u00cdSTICAS:<\/h6>\n<ul class=\"desc\">\n<li><span>Incluye bolsa de embalaje cosida<\/span><\/li>\n<li><span>Material ligero e impermeable<\/span><\/li>\n<\/ul>\n<table class=\"product-details\">\n<tbody>\n<tr>\n<th><span>Tama\u00f1o del paquete:<\/span><\/th>\n<td><span>18 x 13 x 8 cent\u00edmetros<\/span><\/td>\n<\/tr>\n<tr>\n<th><span>Volumen:<\/span><\/th>\n<td><span>55-80 l<\/span><\/td>\n<\/tr>\n<tr>\n<th><span>Peso:<\/span><\/th>\n<td><span>180 g<\/span><\/td>\n<\/tr>\n<tr>\n<th><span>Material:<\/span><\/th>\n<td><span>T-Cover Tex<\/span><\/td>\n<\/tr>\n<\/tbody>\n<\/table>\n<p>&nbsp;<\/p>\n","protected":false},"excerpt":{"rendered":"<p>FUNDA IMPERMEABLE PARA MOCHILA (55-80L) | Funda protectora y camuflaje para mochilas. CARACTER\u00cdSTICAS: Incluye bolsa de embalaje cosida Material ligero e impermeable Tama\u00f1o del paquete: 18 x 13 x 8 cent\u00edmetros Volumen: 55-80 l Peso: 180 g Material: T-Cover Tex &nbsp;<\/p>\n","protected":false},"featured_media":4340,"comment_status":"open","ping_status":"closed","template":"","meta":{"site-sidebar-layout":"default","site-content-layout":"default","ast-global-header-display":"","ast-main-header-display":"","ast-hfb-above-header-display":"","ast-hfb-below-header-display":"","ast-hfb-mobile-header-display":"","site-post-title":"","ast-breadcrumbs-content":"","ast-featured-img":"","footer-sml-layout":"","theme-transparent-header-meta":"default","adv-header-id-meta":"","stick-header-meta":"","header-above-stick-meta":"","header-main-stick-meta":"","header-below-stick-meta":""},"product_cat":[90,145],"product_tag":[],"class_list":["post-4336","product","type-product","status-publish","has-post-thumbnail","hentry","product_cat-accesorios","product_cat-mochilas"],"jetpack_sharing_enabled":true,"_links":{"self":[{"href":"https:\/\/pangeatacticalandoutdoors.com\/index.php\/wp-json\/wp\/v2\/product\/4336","targetHints":{"allow":["GET"]}}],"collection":[{"href":"https:\/\/pangeatacticalandoutdoors.com\/index.php\/wp-json\/wp\/v2\/product"}],"about":[{"href":"https:\/\/pangeatacticalandoutdoors.com\/index.php\/wp-json\/wp\/v2\/types\/product"}],"replies":[{"embeddable":true,"href":"https:\/\/pangeatacticalandoutdoors.com\/index.php\/wp-json\/wp\/v2\/comments?post=4336"}],"wp:featuredmedia":[{"embeddable":true,"href":"https:\/\/pangeatacticalandoutdoors.com\/index.php\/wp-json\/wp\/v2\/media\/4340"}],"wp:attachment":[{"href":"https:\/\/pangeatacticalandoutdoors.com\/index.php\/wp-json\/wp\/v2\/media?parent=4336"}],"wp:term":[{"taxonomy":"product_cat","embeddable":true,"href":"https:\/\/pangeatacticalandoutdoors.com\/index.php\/wp-json\/wp\/v2\/product_cat?post=4336"},{"taxonomy":"product_tag","embeddable":true,"href":"https:\/\/pangeatacticalandoutdoors.com\/index.php\/wp-json\/wp\/v2\/product_tag?post=4336"}],"curies":[{"name":"wp","href":"https:\/\/api.w.org\/{rel}","templated":true}]}}