{"id":4310,"date":"2021-11-16T14:14:14","date_gmt":"2021-11-16T20:14:14","guid":{"rendered":"https:\/\/pangeatacticalandoutdoors.com\/?post_type=product&#038;p=4310"},"modified":"2023-07-20T18:56:32","modified_gmt":"2023-07-20T23:56:32","slug":"tt-passport-safe-rfid-b","status":"publish","type":"product","link":"https:\/\/pangeatacticalandoutdoors.com\/index.php\/producto\/tt-passport-safe-rfid-b\/","title":{"rendered":"TT-PASSPORT SAFE RFID B"},"content":{"rendered":"<p><em>Cubierta protegida de lectura para pasaportes y tarjetas de cr\u00e9dito de la UE con cierre de velcro y pel\u00edcula CRYPTALLOY\u00ae integrada con certificaci\u00f3n T\u00dcV Informaci\u00f3n adicional: Tasmanian Tiger utiliza pel\u00edcula CRYPTALLOY\u00ae en todos sus productos de bloques RFID.\u00a0Esto ofrece un blindaje m\u00e1ximo en todos los rangos de frecuencia RFID relevantes (de 100 kHz a 4 GHz, es decir, rango de baja frecuencia, rango de alta frecuencia y rango de frecuencia ultra alta).\u00a0Adem\u00e1s, la pel\u00edcula protectora interrumpe el &#8220;tr\u00e1fico de radio&#8221; al cambiar la frecuencia.\u00a0La funcionalidad de la pel\u00edcula CRYPTALLOY\u00ae ha sido probada y certificada por T\u00dcV Saarland. El fabricante de la pel\u00edcula, Kryptonics Technologies Munich, Tasmanian Tiger ha confirmado y certificado el procesamiento prescrito de la pel\u00edcula para TT Passport Safe RFID B.<\/em><\/p>\n<h6>CARACTER\u00cdSTICAS:<\/h6>\n<ul class=\"desc\">\n<li><span>La protecci\u00f3n de lectura RFID m\u00e1s alta con material de bloqueo RFID certificado por T\u00dcV CRYPTALLOY\u00ae<\/span><\/li>\n<li><span>Blindaje de todas las frecuencias y apto para todas las tarjetas.<\/span><\/li>\n<\/ul>\n<table class=\"product-details\">\n<tbody>\n<tr>\n<th><span>Dimensiones:<\/span><\/th>\n<td><span>15 x 11 x 1 cm<\/span><\/td>\n<\/tr>\n<tr>\n<th><span>Peso:<\/span><\/th>\n<td><span>40 g<\/span><\/td>\n<\/tr>\n<tr>\n<th><span>Material:<\/span><\/th>\n<td><span>T-Square Rip FD, CRYPTALLOY\u00ae<\/span><\/td>\n<\/tr>\n<\/tbody>\n<\/table>\n","protected":false},"excerpt":{"rendered":"<p>Cubierta protegida de lectura para pasaportes y tarjetas de cr\u00e9dito de la UE con cierre de velcro y pel\u00edcula CRYPTALLOY\u00ae integrada con certificaci\u00f3n T\u00dcV Informaci\u00f3n adicional: Tasmanian Tiger utiliza pel\u00edcula CRYPTALLOY\u00ae en todos sus productos de bloques RFID.\u00a0Esto ofrece un blindaje m\u00e1ximo en todos los rangos de frecuencia RFID relevantes (de 100 kHz a 4 &hellip;<\/p>\n<p class=\"read-more\"> <a class=\"\" href=\"https:\/\/pangeatacticalandoutdoors.com\/index.php\/producto\/tt-passport-safe-rfid-b\/\"> <span class=\"screen-reader-text\">TT-PASSPORT SAFE RFID B<\/span> Leer m\u00e1s &raquo;<\/a><\/p>\n","protected":false},"featured_media":4313,"comment_status":"open","ping_status":"closed","template":"","meta":{"site-sidebar-layout":"default","site-content-layout":"default","ast-global-header-display":"","ast-main-header-display":"","ast-hfb-above-header-display":"","ast-hfb-below-header-display":"","ast-hfb-mobile-header-display":"","site-post-title":"","ast-breadcrumbs-content":"","ast-featured-img":"","footer-sml-layout":"","theme-transparent-header-meta":"default","adv-header-id-meta":"","stick-header-meta":"","header-above-stick-meta":"","header-main-stick-meta":"","header-below-stick-meta":""},"product_cat":[90,239],"product_tag":[],"class_list":["post-4310","product","type-product","status-publish","has-post-thumbnail","hentry","product_cat-accesorios","product_cat-carteras-y-tarjeteros"],"jetpack_sharing_enabled":true,"_links":{"self":[{"href":"https:\/\/pangeatacticalandoutdoors.com\/index.php\/wp-json\/wp\/v2\/product\/4310","targetHints":{"allow":["GET"]}}],"collection":[{"href":"https:\/\/pangeatacticalandoutdoors.com\/index.php\/wp-json\/wp\/v2\/product"}],"about":[{"href":"https:\/\/pangeatacticalandoutdoors.com\/index.php\/wp-json\/wp\/v2\/types\/product"}],"replies":[{"embeddable":true,"href":"https:\/\/pangeatacticalandoutdoors.com\/index.php\/wp-json\/wp\/v2\/comments?post=4310"}],"wp:featuredmedia":[{"embeddable":true,"href":"https:\/\/pangeatacticalandoutdoors.com\/index.php\/wp-json\/wp\/v2\/media\/4313"}],"wp:attachment":[{"href":"https:\/\/pangeatacticalandoutdoors.com\/index.php\/wp-json\/wp\/v2\/media?parent=4310"}],"wp:term":[{"taxonomy":"product_cat","embeddable":true,"href":"https:\/\/pangeatacticalandoutdoors.com\/index.php\/wp-json\/wp\/v2\/product_cat?post=4310"},{"taxonomy":"product_tag","embeddable":true,"href":"https:\/\/pangeatacticalandoutdoors.com\/index.php\/wp-json\/wp\/v2\/product_tag?post=4310"}],"curies":[{"name":"wp","href":"https:\/\/api.w.org\/{rel}","templated":true}]}}