{"id":4307,"date":"2021-11-16T13:54:46","date_gmt":"2021-11-16T19:54:46","guid":{"rendered":"https:\/\/pangeatacticalandoutdoors.com\/?post_type=product&#038;p=4307"},"modified":"2025-01-16T11:23:34","modified_gmt":"2025-01-16T17:23:34","slug":"tt-qr-stretch-belt","status":"publish","type":"product","link":"https:\/\/pangeatacticalandoutdoors.com\/index.php\/producto\/tt-qr-stretch-belt\/","title":{"rendered":"TT-QR STRETCH BELT"},"content":{"rendered":"<p><em>Cintur\u00f3n el\u00e1stico con cierre de metal patentado de liberaci\u00f3n r\u00e1pida.<\/em><\/p>\n<h6>CARACTER\u00cdSTICAS:<\/h6>\n<ul class=\"desc\">\n<li>Ajustable en longitud<\/li>\n<li>Correas el\u00e1sticas<\/li>\n<li>Hebilla de cintur\u00f3n patentada (patente de la UE)<\/li>\n<li>Logotipo del tigre de Tasmania en el cierre<\/li>\n<\/ul>\n<p>&nbsp;<\/p>\n<table class=\"product-details\">\n<tbody>\n<tr>\n<th>Dimensiones:<\/th>\n<td>105 x 3,8 cent\u00edmetros<\/td>\n<\/tr>\n<tr>\n<th>Peso:<\/th>\n<td>140 g<\/td>\n<\/tr>\n<tr>\n<th>Material:<\/th>\n<td>Correas de spandex<\/td>\n<\/tr>\n<\/tbody>\n<\/table>\n","protected":false},"excerpt":{"rendered":"<p>Cintur\u00f3n el\u00e1stico con cierre de metal patentado de liberaci\u00f3n r\u00e1pida. CARACTER\u00cdSTICAS: Ajustable en longitud Correas el\u00e1sticas Hebilla de cintur\u00f3n patentada (patente de la UE) Logotipo del tigre de Tasmania en el cierre &nbsp; Dimensiones: 105 x 3,8 cent\u00edmetros Peso: 140 g Material: Correas de spandex<\/p>\n","protected":false},"featured_media":4308,"comment_status":"open","ping_status":"closed","template":"","meta":{"site-sidebar-layout":"default","site-content-layout":"default","ast-global-header-display":"","ast-main-header-display":"","ast-hfb-above-header-display":"","ast-hfb-below-header-display":"","ast-hfb-mobile-header-display":"","site-post-title":"","ast-breadcrumbs-content":"","ast-featured-img":"","footer-sml-layout":"","theme-transparent-header-meta":"default","adv-header-id-meta":"","stick-header-meta":"","header-above-stick-meta":"","header-main-stick-meta":"","header-below-stick-meta":""},"product_cat":[90,141],"product_tag":[],"class_list":["post-4307","product","type-product","status-publish","has-post-thumbnail","hentry","product_cat-accesorios","product_cat-cinturones"],"jetpack_sharing_enabled":true,"_links":{"self":[{"href":"https:\/\/pangeatacticalandoutdoors.com\/index.php\/wp-json\/wp\/v2\/product\/4307","targetHints":{"allow":["GET"]}}],"collection":[{"href":"https:\/\/pangeatacticalandoutdoors.com\/index.php\/wp-json\/wp\/v2\/product"}],"about":[{"href":"https:\/\/pangeatacticalandoutdoors.com\/index.php\/wp-json\/wp\/v2\/types\/product"}],"replies":[{"embeddable":true,"href":"https:\/\/pangeatacticalandoutdoors.com\/index.php\/wp-json\/wp\/v2\/comments?post=4307"}],"wp:featuredmedia":[{"embeddable":true,"href":"https:\/\/pangeatacticalandoutdoors.com\/index.php\/wp-json\/wp\/v2\/media\/4308"}],"wp:attachment":[{"href":"https:\/\/pangeatacticalandoutdoors.com\/index.php\/wp-json\/wp\/v2\/media?parent=4307"}],"wp:term":[{"taxonomy":"product_cat","embeddable":true,"href":"https:\/\/pangeatacticalandoutdoors.com\/index.php\/wp-json\/wp\/v2\/product_cat?post=4307"},{"taxonomy":"product_tag","embeddable":true,"href":"https:\/\/pangeatacticalandoutdoors.com\/index.php\/wp-json\/wp\/v2\/product_tag?post=4307"}],"curies":[{"name":"wp","href":"https:\/\/api.w.org\/{rel}","templated":true}]}}