{"id":4249,"date":"2021-11-13T14:34:50","date_gmt":"2021-11-13T20:34:50","guid":{"rendered":"https:\/\/pangeatacticalandoutdoors.com\/?post_type=product&#038;p=4249"},"modified":"2023-11-01T13:56:56","modified_gmt":"2023-11-01T19:56:56","slug":"atman-guantes-para-montana-om","status":"publish","type":"product","link":"https:\/\/pangeatacticalandoutdoors.com\/index.php\/producto\/atman-guantes-para-montana-om\/","title":{"rendered":"ATMAN-GUANTES PARA MONTA\u00d1A OM"},"content":{"rendered":"<p><em>Guantes reforzados con carnaza ideales para usar con bastones, asegurar y andar en el cerro o monta\u00f1a.\u00a0<\/em><\/p>\n<h6>CARACTER\u00cdSTICAS:<\/h6>\n<ul>\n<li>Guantes de \u00faltima generaci\u00f3n.<\/li>\n<li>Fabricados en tejido Polartec.<\/li>\n<li>Reforzados con carnaza en palma.<\/li>\n<li><strong>GARANT\u00cdA DE POR VIDA.\u00a0<\/strong><\/li>\n<\/ul>\n","protected":false},"excerpt":{"rendered":"<p>Guantes reforzados con carnaza ideales para usar con bastones, asegurar y andar en el cerro o monta\u00f1a.\u00a0 CARACTER\u00cdSTICAS: Guantes de \u00faltima generaci\u00f3n. Fabricados en tejido Polartec. Reforzados con carnaza en palma. GARANT\u00cdA DE POR VIDA.\u00a0<\/p>\n","protected":false},"featured_media":4164,"comment_status":"open","ping_status":"closed","template":"","meta":{"site-sidebar-layout":"default","site-content-layout":"default","ast-global-header-display":"","ast-main-header-display":"","ast-hfb-above-header-display":"","ast-hfb-below-header-display":"","ast-hfb-mobile-header-display":"","site-post-title":"","ast-breadcrumbs-content":"","ast-featured-img":"","footer-sml-layout":"","theme-transparent-header-meta":"default","adv-header-id-meta":"","stick-header-meta":"","header-above-stick-meta":"","header-main-stick-meta":"","header-below-stick-meta":""},"product_cat":[90,143],"product_tag":[],"class_list":["post-4249","product","type-product","status-publish","has-post-thumbnail","hentry","product_cat-accesorios","product_cat-guantes"],"jetpack_sharing_enabled":true,"_links":{"self":[{"href":"https:\/\/pangeatacticalandoutdoors.com\/index.php\/wp-json\/wp\/v2\/product\/4249","targetHints":{"allow":["GET"]}}],"collection":[{"href":"https:\/\/pangeatacticalandoutdoors.com\/index.php\/wp-json\/wp\/v2\/product"}],"about":[{"href":"https:\/\/pangeatacticalandoutdoors.com\/index.php\/wp-json\/wp\/v2\/types\/product"}],"replies":[{"embeddable":true,"href":"https:\/\/pangeatacticalandoutdoors.com\/index.php\/wp-json\/wp\/v2\/comments?post=4249"}],"wp:featuredmedia":[{"embeddable":true,"href":"https:\/\/pangeatacticalandoutdoors.com\/index.php\/wp-json\/wp\/v2\/media\/4164"}],"wp:attachment":[{"href":"https:\/\/pangeatacticalandoutdoors.com\/index.php\/wp-json\/wp\/v2\/media?parent=4249"}],"wp:term":[{"taxonomy":"product_cat","embeddable":true,"href":"https:\/\/pangeatacticalandoutdoors.com\/index.php\/wp-json\/wp\/v2\/product_cat?post=4249"},{"taxonomy":"product_tag","embeddable":true,"href":"https:\/\/pangeatacticalandoutdoors.com\/index.php\/wp-json\/wp\/v2\/product_tag?post=4249"}],"curies":[{"name":"wp","href":"https:\/\/api.w.org\/{rel}","templated":true}]}}