{"id":4235,"date":"2021-11-13T14:04:38","date_gmt":"2021-11-13T20:04:38","guid":{"rendered":"https:\/\/pangeatacticalandoutdoors.com\/?post_type=product&#038;p=4235"},"modified":"2026-03-09T12:34:20","modified_gmt":"2026-03-09T18:34:20","slug":"atman-chaleco-full-moon","status":"publish","type":"product","link":"https:\/\/pangeatacticalandoutdoors.com\/index.php\/producto\/atman-chaleco-full-moon\/","title":{"rendered":"ATMAN-CHALECO FULL MOON"},"content":{"rendered":"<p><em>En las traves\u00edas de bicicleta un punto importante a parte de la protecci\u00f3n es la seguridad del ciclista y mucho m\u00e1s si utilizas la bici para desplazarte en la ciudad. Por ello este chaleco outdoor reflectante para hombre es perfecto para ti.<\/em><\/p>\n<h6>CARACTER\u00cdSTICAS:<\/h6>\n<ul>\n<li>Su combinaci\u00f3n de materiales te har\u00e1 sentir m\u00e1s c\u00f3modo.<\/li>\n<li>Tela impermeable.<\/li>\n<li>Cuenta con dos bolsas tipo Napole\u00f3n al frente.<\/li>\n<li>A juego con el pantal\u00f3n Bikses shine para que cuentes con la protecci\u00f3n completa.<\/li>\n<li>GARANT\u00cdA DE POR VIDA.<\/li>\n<\/ul>\n","protected":false},"excerpt":{"rendered":"<p>En las traves\u00edas de bicicleta un punto importante a parte de la protecci\u00f3n es la seguridad del ciclista y mucho m\u00e1s si utilizas la bici para desplazarte en la ciudad. Por ello este chaleco outdoor reflectante para hombre es perfecto para ti. CARACTER\u00cdSTICAS: Su combinaci\u00f3n de materiales te har\u00e1 sentir m\u00e1s c\u00f3modo. Tela impermeable. Cuenta &hellip;<\/p>\n<p class=\"read-more\"> <a class=\"\" href=\"https:\/\/pangeatacticalandoutdoors.com\/index.php\/producto\/atman-chaleco-full-moon\/\"> <span class=\"screen-reader-text\">ATMAN-CHALECO FULL MOON<\/span> Leer m\u00e1s &raquo;<\/a><\/p>\n","protected":false},"featured_media":4161,"comment_status":"open","ping_status":"closed","template":"","meta":{"site-sidebar-layout":"default","site-content-layout":"default","ast-global-header-display":"","ast-main-header-display":"","ast-hfb-above-header-display":"","ast-hfb-below-header-display":"","ast-hfb-mobile-header-display":"","site-post-title":"","ast-breadcrumbs-content":"","ast-featured-img":"","footer-sml-layout":"","theme-transparent-header-meta":"default","adv-header-id-meta":"","stick-header-meta":"","header-above-stick-meta":"","header-main-stick-meta":"","header-below-stick-meta":""},"product_cat":[137,88],"product_tag":[],"class_list":["post-4235","product","type-product","status-publish","has-post-thumbnail","hentry","product_cat-chalecos","product_cat-campismo"],"jetpack_sharing_enabled":true,"_links":{"self":[{"href":"https:\/\/pangeatacticalandoutdoors.com\/index.php\/wp-json\/wp\/v2\/product\/4235","targetHints":{"allow":["GET"]}}],"collection":[{"href":"https:\/\/pangeatacticalandoutdoors.com\/index.php\/wp-json\/wp\/v2\/product"}],"about":[{"href":"https:\/\/pangeatacticalandoutdoors.com\/index.php\/wp-json\/wp\/v2\/types\/product"}],"replies":[{"embeddable":true,"href":"https:\/\/pangeatacticalandoutdoors.com\/index.php\/wp-json\/wp\/v2\/comments?post=4235"}],"wp:featuredmedia":[{"embeddable":true,"href":"https:\/\/pangeatacticalandoutdoors.com\/index.php\/wp-json\/wp\/v2\/media\/4161"}],"wp:attachment":[{"href":"https:\/\/pangeatacticalandoutdoors.com\/index.php\/wp-json\/wp\/v2\/media?parent=4235"}],"wp:term":[{"taxonomy":"product_cat","embeddable":true,"href":"https:\/\/pangeatacticalandoutdoors.com\/index.php\/wp-json\/wp\/v2\/product_cat?post=4235"},{"taxonomy":"product_tag","embeddable":true,"href":"https:\/\/pangeatacticalandoutdoors.com\/index.php\/wp-json\/wp\/v2\/product_tag?post=4235"}],"curies":[{"name":"wp","href":"https:\/\/api.w.org\/{rel}","templated":true}]}}