{"id":4220,"date":"2021-11-12T19:00:57","date_gmt":"2021-11-13T01:00:57","guid":{"rendered":"https:\/\/pangeatacticalandoutdoors.com\/?post_type=product&#038;p=4220"},"modified":"2023-11-01T13:59:06","modified_gmt":"2023-11-01T19:59:06","slug":"atman-chamarra-termica-maha","status":"publish","type":"product","link":"https:\/\/pangeatacticalandoutdoors.com\/index.php\/producto\/atman-chamarra-termica-maha\/","title":{"rendered":"ATMAN-CHAMARRA T\u00c9RMICA MAHA"},"content":{"rendered":"<p><em>Chamarra outdoor t\u00e9rmica para hombre. | GARANT\u00cdA DE POR VIDA<\/em><\/p>\n<h6>CARACTER\u00cdSTICAS:<\/h6>\n<ul>\n<li>Chamarra outdoor t\u00e9rmica para hombre es ligera.<\/li>\n<li>Una incre\u00edble opci\u00f3n de SEGUNDA capa fabricado en Polartec<sup>\u00ae<\/sup>\u00a0Power Grid<sup>\u2122<\/sup>, un material que tiene como funci\u00f3n principal mantener el calor del cuerpo.<\/li>\n<li>Absorbe el sudor y lo transporta al exterior eficazmente (secado r\u00e1pido).<\/li>\n<li>Es ligero e ideal para bajas temperaturas (calor sin peso).<\/li>\n<li>Las costuras flat lock (planas) evitan rozaduras en la piel.<\/li>\n<li>PERFORMANCE LAYER.<\/li>\n<li>GARANT\u00cdA DE POR VIDA.<\/li>\n<\/ul>\n","protected":false},"excerpt":{"rendered":"<p>Chamarra outdoor t\u00e9rmica para hombre. | GARANT\u00cdA DE POR VIDA CARACTER\u00cdSTICAS: Chamarra outdoor t\u00e9rmica para hombre es ligera. Una incre\u00edble opci\u00f3n de SEGUNDA capa fabricado en Polartec\u00ae\u00a0Power Grid\u2122, un material que tiene como funci\u00f3n principal mantener el calor del cuerpo. Absorbe el sudor y lo transporta al exterior eficazmente (secado r\u00e1pido). Es ligero e ideal &hellip;<\/p>\n<p class=\"read-more\"> <a class=\"\" href=\"https:\/\/pangeatacticalandoutdoors.com\/index.php\/producto\/atman-chamarra-termica-maha\/\"> <span class=\"screen-reader-text\">ATMAN-CHAMARRA T\u00c9RMICA MAHA<\/span> Leer m\u00e1s &raquo;<\/a><\/p>\n","protected":false},"featured_media":4172,"comment_status":"open","ping_status":"closed","template":"","meta":{"site-sidebar-layout":"default","site-content-layout":"default","ast-global-header-display":"","ast-main-header-display":"","ast-hfb-above-header-display":"","ast-hfb-below-header-display":"","ast-hfb-mobile-header-display":"","site-post-title":"","ast-breadcrumbs-content":"","ast-featured-img":"","footer-sml-layout":"","theme-transparent-header-meta":"default","adv-header-id-meta":"","stick-header-meta":"","header-above-stick-meta":"","header-main-stick-meta":"","header-below-stick-meta":""},"product_cat":[136,88],"product_tag":[],"class_list":["post-4220","product","type-product","status-publish","has-post-thumbnail","hentry","product_cat-chamarras-y-chaquetas","product_cat-campismo"],"jetpack_sharing_enabled":true,"_links":{"self":[{"href":"https:\/\/pangeatacticalandoutdoors.com\/index.php\/wp-json\/wp\/v2\/product\/4220","targetHints":{"allow":["GET"]}}],"collection":[{"href":"https:\/\/pangeatacticalandoutdoors.com\/index.php\/wp-json\/wp\/v2\/product"}],"about":[{"href":"https:\/\/pangeatacticalandoutdoors.com\/index.php\/wp-json\/wp\/v2\/types\/product"}],"replies":[{"embeddable":true,"href":"https:\/\/pangeatacticalandoutdoors.com\/index.php\/wp-json\/wp\/v2\/comments?post=4220"}],"wp:featuredmedia":[{"embeddable":true,"href":"https:\/\/pangeatacticalandoutdoors.com\/index.php\/wp-json\/wp\/v2\/media\/4172"}],"wp:attachment":[{"href":"https:\/\/pangeatacticalandoutdoors.com\/index.php\/wp-json\/wp\/v2\/media?parent=4220"}],"wp:term":[{"taxonomy":"product_cat","embeddable":true,"href":"https:\/\/pangeatacticalandoutdoors.com\/index.php\/wp-json\/wp\/v2\/product_cat?post=4220"},{"taxonomy":"product_tag","embeddable":true,"href":"https:\/\/pangeatacticalandoutdoors.com\/index.php\/wp-json\/wp\/v2\/product_tag?post=4220"}],"curies":[{"name":"wp","href":"https:\/\/api.w.org\/{rel}","templated":true}]}}