{"id":4216,"date":"2021-11-12T18:52:34","date_gmt":"2021-11-13T00:52:34","guid":{"rendered":"https:\/\/pangeatacticalandoutdoors.com\/?post_type=product&#038;p=4216"},"modified":"2022-09-29T13:06:50","modified_gmt":"2022-09-29T18:06:50","slug":"atman-chamarra-jaya","status":"publish","type":"product","link":"https:\/\/pangeatacticalandoutdoors.com\/index.php\/producto\/atman-chamarra-jaya\/","title":{"rendered":"ATMAN-CHAMARRA T\u00c9RMICA IMPERMEABLE JAYA"},"content":{"rendered":"<p><em>Chamarra outdoor para mujer. | GARANT\u00cdA DE POR VIDA<\/em><\/p>\n<h6>CARACTER\u00cdSTICAS:<\/h6>\n<ul>\n<li>Chamarra\u00a0outdoor\u00a0para mujer.<\/li>\n<li>Fabricada en SoftShell, impermeable, t\u00e9rmica y transpirable.<\/li>\n<li>Detalle reflejante trasero con corte ergon\u00f3mico para mayor libertad de movimiento en tus aventuras.<\/li>\n<li>Cuenta con dos bolsas con cierres YKK y pu\u00f1os para\u00a0evitar que se filtre el fr\u00edo.<\/li>\n<li>Es una gran aliada para las noches en la monta\u00f1a, campamentos o escapadas por el bosque.<\/li>\n<li>GARANT\u00cdA DE POR VIDA.<\/li>\n<\/ul>\n","protected":false},"excerpt":{"rendered":"<p>Chamarra outdoor para mujer. | GARANT\u00cdA DE POR VIDA CARACTER\u00cdSTICAS: Chamarra\u00a0outdoor\u00a0para mujer. Fabricada en SoftShell, impermeable, t\u00e9rmica y transpirable. Detalle reflejante trasero con corte ergon\u00f3mico para mayor libertad de movimiento en tus aventuras. Cuenta con dos bolsas con cierres YKK y pu\u00f1os para\u00a0evitar que se filtre el fr\u00edo. Es una gran aliada para las noches &hellip;<\/p>\n<p class=\"read-more\"> <a class=\"\" href=\"https:\/\/pangeatacticalandoutdoors.com\/index.php\/producto\/atman-chamarra-jaya\/\"> <span class=\"screen-reader-text\">ATMAN-CHAMARRA T\u00c9RMICA IMPERMEABLE JAYA<\/span> Leer m\u00e1s &raquo;<\/a><\/p>\n","protected":false},"featured_media":4217,"comment_status":"open","ping_status":"closed","template":"","meta":{"site-sidebar-layout":"default","site-content-layout":"default","ast-global-header-display":"","ast-main-header-display":"","ast-hfb-above-header-display":"","ast-hfb-below-header-display":"","ast-hfb-mobile-header-display":"","site-post-title":"","ast-breadcrumbs-content":"","ast-featured-img":"","footer-sml-layout":"","theme-transparent-header-meta":"default","adv-header-id-meta":"","stick-header-meta":"","header-above-stick-meta":"","header-main-stick-meta":"","header-below-stick-meta":""},"product_cat":[136,88],"product_tag":[],"class_list":["post-4216","product","type-product","status-publish","has-post-thumbnail","hentry","product_cat-chamarras-y-chaquetas","product_cat-campismo"],"jetpack_sharing_enabled":true,"_links":{"self":[{"href":"https:\/\/pangeatacticalandoutdoors.com\/index.php\/wp-json\/wp\/v2\/product\/4216","targetHints":{"allow":["GET"]}}],"collection":[{"href":"https:\/\/pangeatacticalandoutdoors.com\/index.php\/wp-json\/wp\/v2\/product"}],"about":[{"href":"https:\/\/pangeatacticalandoutdoors.com\/index.php\/wp-json\/wp\/v2\/types\/product"}],"replies":[{"embeddable":true,"href":"https:\/\/pangeatacticalandoutdoors.com\/index.php\/wp-json\/wp\/v2\/comments?post=4216"}],"wp:featuredmedia":[{"embeddable":true,"href":"https:\/\/pangeatacticalandoutdoors.com\/index.php\/wp-json\/wp\/v2\/media\/4217"}],"wp:attachment":[{"href":"https:\/\/pangeatacticalandoutdoors.com\/index.php\/wp-json\/wp\/v2\/media?parent=4216"}],"wp:term":[{"taxonomy":"product_cat","embeddable":true,"href":"https:\/\/pangeatacticalandoutdoors.com\/index.php\/wp-json\/wp\/v2\/product_cat?post=4216"},{"taxonomy":"product_tag","embeddable":true,"href":"https:\/\/pangeatacticalandoutdoors.com\/index.php\/wp-json\/wp\/v2\/product_tag?post=4216"}],"curies":[{"name":"wp","href":"https:\/\/api.w.org\/{rel}","templated":true}]}}