{"id":4143,"date":"2021-11-12T15:18:10","date_gmt":"2021-11-12T21:18:10","guid":{"rendered":"https:\/\/pangeatacticalandoutdoors.com\/?post_type=product&#038;p=4143"},"modified":"2022-01-15T12:57:27","modified_gmt":"2022-01-15T18:57:27","slug":"chamarra-termica-minyak","status":"publish","type":"product","link":"https:\/\/pangeatacticalandoutdoors.com\/index.php\/producto\/chamarra-termica-minyak\/","title":{"rendered":"ATMAN-CHAMARRA T\u00c9RMICA MINYAK"},"content":{"rendered":"<p><em>Chamarra outdoor t\u00e9rmica para hombre | GARANT\u00cdA DE POR VIDA<\/em><\/p>\n<h6>CARACTER\u00cdSTICAS:<\/h6>\n<p>Fabricada en\u00a0combinaci\u00f3n de materiales para mayor libertad de movimiento\u00a0con cierre YKK al frente, dos bolsas de costado y bolsa Napole\u00f3n. El material otorga calor sin peso, altamente transpirable y secado r\u00e1pido.\u00a0Ll\u00e9vala en tu caminata al aire libre tu aventuras a la\u00a0intemperie o de expedici\u00f3n por la monta\u00f1a,\u00a0exploraci\u00f3n alpina\u00a0as\u00ed como cualquier deporte outdoor. Recomendado para soportar bajas temperaturas.<\/p>\n","protected":false},"excerpt":{"rendered":"<p>Chamarra outdoor t\u00e9rmica para hombre | GARANT\u00cdA DE POR VIDA CARACTER\u00cdSTICAS: Fabricada en\u00a0combinaci\u00f3n de materiales para mayor libertad de movimiento\u00a0con cierre YKK al frente, dos bolsas de costado y bolsa Napole\u00f3n. El material otorga calor sin peso, altamente transpirable y secado r\u00e1pido.\u00a0Ll\u00e9vala en tu caminata al aire libre tu aventuras a la\u00a0intemperie o de expedici\u00f3n &hellip;<\/p>\n<p class=\"read-more\"> <a class=\"\" href=\"https:\/\/pangeatacticalandoutdoors.com\/index.php\/producto\/chamarra-termica-minyak\/\"> <span class=\"screen-reader-text\">ATMAN-CHAMARRA T\u00c9RMICA MINYAK<\/span> Leer m\u00e1s &raquo;<\/a><\/p>\n","protected":false},"featured_media":4144,"comment_status":"open","ping_status":"closed","template":"","meta":{"site-sidebar-layout":"default","site-content-layout":"default","ast-global-header-display":"","ast-main-header-display":"","ast-hfb-above-header-display":"","ast-hfb-below-header-display":"","ast-hfb-mobile-header-display":"","site-post-title":"","ast-breadcrumbs-content":"","ast-featured-img":"","footer-sml-layout":"","theme-transparent-header-meta":"default","adv-header-id-meta":"","stick-header-meta":"","header-above-stick-meta":"","header-main-stick-meta":"","header-below-stick-meta":""},"product_cat":[136,88],"product_tag":[],"class_list":["post-4143","product","type-product","status-publish","has-post-thumbnail","hentry","product_cat-chamarras-y-chaquetas","product_cat-campismo"],"jetpack_sharing_enabled":true,"_links":{"self":[{"href":"https:\/\/pangeatacticalandoutdoors.com\/index.php\/wp-json\/wp\/v2\/product\/4143","targetHints":{"allow":["GET"]}}],"collection":[{"href":"https:\/\/pangeatacticalandoutdoors.com\/index.php\/wp-json\/wp\/v2\/product"}],"about":[{"href":"https:\/\/pangeatacticalandoutdoors.com\/index.php\/wp-json\/wp\/v2\/types\/product"}],"replies":[{"embeddable":true,"href":"https:\/\/pangeatacticalandoutdoors.com\/index.php\/wp-json\/wp\/v2\/comments?post=4143"}],"wp:featuredmedia":[{"embeddable":true,"href":"https:\/\/pangeatacticalandoutdoors.com\/index.php\/wp-json\/wp\/v2\/media\/4144"}],"wp:attachment":[{"href":"https:\/\/pangeatacticalandoutdoors.com\/index.php\/wp-json\/wp\/v2\/media?parent=4143"}],"wp:term":[{"taxonomy":"product_cat","embeddable":true,"href":"https:\/\/pangeatacticalandoutdoors.com\/index.php\/wp-json\/wp\/v2\/product_cat?post=4143"},{"taxonomy":"product_tag","embeddable":true,"href":"https:\/\/pangeatacticalandoutdoors.com\/index.php\/wp-json\/wp\/v2\/product_tag?post=4143"}],"curies":[{"name":"wp","href":"https:\/\/api.w.org\/{rel}","templated":true}]}}