{"id":4140,"date":"2021-11-12T12:14:36","date_gmt":"2021-11-12T18:14:36","guid":{"rendered":"https:\/\/pangeatacticalandoutdoors.com\/?post_type=product&#038;p=4140"},"modified":"2022-02-11T17:37:55","modified_gmt":"2022-02-11T23:37:55","slug":"babalu-blusa-deportiva-12633","status":"publish","type":"product","link":"https:\/\/pangeatacticalandoutdoors.com\/index.php\/producto\/babalu-blusa-deportiva-12633\/","title":{"rendered":"Babal\u00fa-Blusa Deportiva 12633"},"content":{"rendered":"<p><em>Blusa Deportiva 12633 Babalu \u00ae | Blusa Deportiva Corta Unitalla<\/em><\/p>\n<h6>CARACTER\u00cdSTICAS:<\/h6>\n<p>Blusa Deportiva Babalu \u00ae | Blusa Deportiva Corta Unitalla hecha en malla en forma de puntos que la hace muy ligera y fresca, cuenta con escote deportivo en la espalda que brinda libertad de movimiento al ejercitarse, mientras que al frente su corte es el de una camiseta, es entallada a la figura y enfatiza la cintura,\u00a0 el largo de la blusa llega arriba de la cadera d\u00e1ndole un toque sensual y c\u00f3modo, todos su procesos as\u00ed como la prenda son de excelente calidad. Es ideal para cualquier tipo de entrenamiento o ejercicio, incluso puedes usarla de manera casual con unos jeans y lucir\u00e1s espectacular.<\/p>\n","protected":false},"excerpt":{"rendered":"<p>Blusa Deportiva 12633 Babalu \u00ae | Blusa Deportiva Corta Unitalla CARACTER\u00cdSTICAS: Blusa Deportiva Babalu \u00ae | Blusa Deportiva Corta Unitalla hecha en malla en forma de puntos que la hace muy ligera y fresca, cuenta con escote deportivo en la espalda que brinda libertad de movimiento al ejercitarse, mientras que al frente su corte es &hellip;<\/p>\n<p class=\"read-more\"> <a class=\"\" href=\"https:\/\/pangeatacticalandoutdoors.com\/index.php\/producto\/babalu-blusa-deportiva-12633\/\"> <span class=\"screen-reader-text\">Babal\u00fa-Blusa Deportiva 12633<\/span> Leer m\u00e1s &raquo;<\/a><\/p>\n","protected":false},"featured_media":4141,"comment_status":"open","ping_status":"closed","template":"","meta":{"site-sidebar-layout":"default","site-content-layout":"default","ast-global-header-display":"","ast-main-header-display":"","ast-hfb-above-header-display":"","ast-hfb-below-header-display":"","ast-hfb-mobile-header-display":"","site-post-title":"","ast-breadcrumbs-content":"","ast-featured-img":"","footer-sml-layout":"","theme-transparent-header-meta":"default","adv-header-id-meta":"","stick-header-meta":"","header-above-stick-meta":"","header-main-stick-meta":"","header-below-stick-meta":""},"product_cat":[230,88,268],"product_tag":[],"class_list":["post-4140","product","type-product","status-publish","has-post-thumbnail","hentry","product_cat-blusa-deportiva","product_cat-campismo","product_cat-ropa-deportiva"],"jetpack_sharing_enabled":true,"_links":{"self":[{"href":"https:\/\/pangeatacticalandoutdoors.com\/index.php\/wp-json\/wp\/v2\/product\/4140","targetHints":{"allow":["GET"]}}],"collection":[{"href":"https:\/\/pangeatacticalandoutdoors.com\/index.php\/wp-json\/wp\/v2\/product"}],"about":[{"href":"https:\/\/pangeatacticalandoutdoors.com\/index.php\/wp-json\/wp\/v2\/types\/product"}],"replies":[{"embeddable":true,"href":"https:\/\/pangeatacticalandoutdoors.com\/index.php\/wp-json\/wp\/v2\/comments?post=4140"}],"wp:featuredmedia":[{"embeddable":true,"href":"https:\/\/pangeatacticalandoutdoors.com\/index.php\/wp-json\/wp\/v2\/media\/4141"}],"wp:attachment":[{"href":"https:\/\/pangeatacticalandoutdoors.com\/index.php\/wp-json\/wp\/v2\/media?parent=4140"}],"wp:term":[{"taxonomy":"product_cat","embeddable":true,"href":"https:\/\/pangeatacticalandoutdoors.com\/index.php\/wp-json\/wp\/v2\/product_cat?post=4140"},{"taxonomy":"product_tag","embeddable":true,"href":"https:\/\/pangeatacticalandoutdoors.com\/index.php\/wp-json\/wp\/v2\/product_tag?post=4140"}],"curies":[{"name":"wp","href":"https:\/\/api.w.org\/{rel}","templated":true}]}}