{"id":4139,"date":"2021-11-12T11:59:47","date_gmt":"2021-11-12T17:59:47","guid":{"rendered":"https:\/\/pangeatacticalandoutdoors.com\/?post_type=product&#038;p=4139"},"modified":"2024-09-05T13:49:30","modified_gmt":"2024-09-05T18:49:30","slug":"babablu-top-deportivo-poliamida-93163","status":"publish","type":"product","link":"https:\/\/pangeatacticalandoutdoors.com\/index.php\/producto\/babablu-top-deportivo-poliamida-93163\/","title":{"rendered":"Babal\u00fa-Top Deportivo Poliamida 93163"},"content":{"rendered":"<p>Top Deportivo Poliamida modelo 93163<\/p>\n<p>CARACTER\u00cdSTICAS:<\/p>\n<p>Top deportivo magnifico para combinar con tu outfit, compresi\u00f3n media con broche de dos puntos al frente y acabado mesh en hombros, perfecto para deportes de agilidad, con cinta el\u00e1stica estampadas con letras en contraste. Materiales con tecnolog\u00eda Colombiana Suplex\u00ae en\u00a0ropa deportiva que seca m\u00e1s r\u00e1pido que el algod\u00f3n, no retiene olores, agradable al tacto, no encoje ni se desti\u00f1e<\/p>\n","protected":false},"excerpt":{"rendered":"<p>Top Deportivo Poliamida modelo 93163 CARACTER\u00cdSTICAS: Top deportivo magnifico para combinar con tu outfit, compresi\u00f3n media con broche de dos puntos al frente y acabado mesh en hombros, perfecto para deportes de agilidad, con cinta el\u00e1stica estampadas con letras en contraste. Materiales con tecnolog\u00eda Colombiana Suplex\u00ae en\u00a0ropa deportiva que seca m\u00e1s r\u00e1pido que el algod\u00f3n, &hellip;<\/p>\n<p class=\"read-more\"> <a class=\"\" href=\"https:\/\/pangeatacticalandoutdoors.com\/index.php\/producto\/babablu-top-deportivo-poliamida-93163\/\"> <span class=\"screen-reader-text\">Babal\u00fa-Top Deportivo Poliamida 93163<\/span> Leer m\u00e1s &raquo;<\/a><\/p>\n","protected":false},"featured_media":0,"comment_status":"open","ping_status":"closed","template":"","meta":{"site-sidebar-layout":"default","site-content-layout":"default","ast-global-header-display":"","ast-main-header-display":"","ast-hfb-above-header-display":"","ast-hfb-below-header-display":"","ast-hfb-mobile-header-display":"","site-post-title":"","ast-breadcrumbs-content":"","ast-featured-img":"","footer-sml-layout":"","theme-transparent-header-meta":"default","adv-header-id-meta":"","stick-header-meta":"","header-above-stick-meta":"","header-main-stick-meta":"","header-below-stick-meta":""},"product_cat":[87,228],"product_tag":[],"class_list":["post-4139","product","type-product","status-publish","hentry","product_cat-ropa","product_cat-top-deportivo"],"jetpack_sharing_enabled":true,"_links":{"self":[{"href":"https:\/\/pangeatacticalandoutdoors.com\/index.php\/wp-json\/wp\/v2\/product\/4139","targetHints":{"allow":["GET"]}}],"collection":[{"href":"https:\/\/pangeatacticalandoutdoors.com\/index.php\/wp-json\/wp\/v2\/product"}],"about":[{"href":"https:\/\/pangeatacticalandoutdoors.com\/index.php\/wp-json\/wp\/v2\/types\/product"}],"replies":[{"embeddable":true,"href":"https:\/\/pangeatacticalandoutdoors.com\/index.php\/wp-json\/wp\/v2\/comments?post=4139"}],"wp:attachment":[{"href":"https:\/\/pangeatacticalandoutdoors.com\/index.php\/wp-json\/wp\/v2\/media?parent=4139"}],"wp:term":[{"taxonomy":"product_cat","embeddable":true,"href":"https:\/\/pangeatacticalandoutdoors.com\/index.php\/wp-json\/wp\/v2\/product_cat?post=4139"},{"taxonomy":"product_tag","embeddable":true,"href":"https:\/\/pangeatacticalandoutdoors.com\/index.php\/wp-json\/wp\/v2\/product_tag?post=4139"}],"curies":[{"name":"wp","href":"https:\/\/api.w.org\/{rel}","templated":true}]}}