{"id":4128,"date":"2021-11-11T15:24:39","date_gmt":"2021-11-11T21:24:39","guid":{"rendered":"https:\/\/pangeatacticalandoutdoors.com\/?post_type=product&#038;p=4128"},"modified":"2023-07-06T17:00:38","modified_gmt":"2023-07-06T22:00:38","slug":"asana-sports-leggings-deportivos-basicos-lisos-0079","status":"publish","type":"product","link":"https:\/\/pangeatacticalandoutdoors.com\/index.php\/producto\/asana-sports-leggings-deportivos-basicos-lisos-0079\/","title":{"rendered":"Asana Sport-Leggings Deportivos B\u00e1sicos Lisos 0079"},"content":{"rendered":"<p><em>Leggings Deportivos B\u00e1sicos\u00a0Lisos 0079 Asana Unitalla<\/em><\/p>\n<h6>CARACTER\u00cdSTICAS:<\/h6>\n<p>Los leggins deportivos mujer, fueron confeccionados en tela colombiana de alta tecnolog\u00eda y en color liso. Estos\u00a0leggins\u00a0te brindan ajuste perfecto al cuerpo, su pretina ancha\u00a0evita que se &#8220;baje&#8221; cuando realices flexiones. Adem\u00e1s, te permitir\u00e1\u00a0libertad de movimiento, comodidad en cualquier ejercicio y te har\u00e1 lucir espectacular. Cuenta con\u00a0tecnolog\u00eda de\u00a0protecci\u00f3n antibacterial, protecci\u00f3n\u00a0de rayos UV,\u00a0protecci\u00f3n\u00a0del\u00a0color y tecnolog\u00eda\u00a0DryFit\u00ae\u00a0que te mantiene\u00a0fresca\u00a0mientras realizas tu entrenamiento,\u00a0evitando\u00a0la formaci\u00f3n de\u00a0manchas por sudoraci\u00f3n,\u00a0sinti\u00e9ndote\u00a0s\u00faper c\u00f3moda y fresca\u00a0a\u00fan despu\u00e9s de realizar tus actividades. Est\u00e1\u00a0confeccionado\u00a0con\u00a0tela de la m\u00e1s alta calidad<\/p>\n","protected":false},"excerpt":{"rendered":"<p>Leggings Deportivos B\u00e1sicos\u00a0Lisos 0079 Asana Unitalla CARACTER\u00cdSTICAS: Los leggins deportivos mujer, fueron confeccionados en tela colombiana de alta tecnolog\u00eda y en color liso. Estos\u00a0leggins\u00a0te brindan ajuste perfecto al cuerpo, su pretina ancha\u00a0evita que se &#8220;baje&#8221; cuando realices flexiones. Adem\u00e1s, te permitir\u00e1\u00a0libertad de movimiento, comodidad en cualquier ejercicio y te har\u00e1 lucir espectacular. Cuenta con\u00a0tecnolog\u00eda de\u00a0protecci\u00f3n &hellip;<\/p>\n<p class=\"read-more\"> <a class=\"\" href=\"https:\/\/pangeatacticalandoutdoors.com\/index.php\/producto\/asana-sports-leggings-deportivos-basicos-lisos-0079\/\"> <span class=\"screen-reader-text\">Asana Sport-Leggings Deportivos B\u00e1sicos Lisos 0079<\/span> Leer m\u00e1s &raquo;<\/a><\/p>\n","protected":false},"featured_media":4131,"comment_status":"open","ping_status":"closed","template":"","meta":{"site-sidebar-layout":"default","site-content-layout":"default","ast-global-header-display":"","ast-main-header-display":"","ast-hfb-above-header-display":"","ast-hfb-below-header-display":"","ast-hfb-mobile-header-display":"","site-post-title":"","ast-breadcrumbs-content":"","ast-featured-img":"","footer-sml-layout":"","theme-transparent-header-meta":"default","adv-header-id-meta":"","stick-header-meta":"","header-above-stick-meta":"","header-main-stick-meta":"","header-below-stick-meta":""},"product_cat":[229,88,268],"product_tag":[],"class_list":["post-4128","product","type-product","status-publish","has-post-thumbnail","hentry","product_cat-leggins","product_cat-campismo","product_cat-ropa-deportiva"],"jetpack_sharing_enabled":true,"_links":{"self":[{"href":"https:\/\/pangeatacticalandoutdoors.com\/index.php\/wp-json\/wp\/v2\/product\/4128","targetHints":{"allow":["GET"]}}],"collection":[{"href":"https:\/\/pangeatacticalandoutdoors.com\/index.php\/wp-json\/wp\/v2\/product"}],"about":[{"href":"https:\/\/pangeatacticalandoutdoors.com\/index.php\/wp-json\/wp\/v2\/types\/product"}],"replies":[{"embeddable":true,"href":"https:\/\/pangeatacticalandoutdoors.com\/index.php\/wp-json\/wp\/v2\/comments?post=4128"}],"wp:featuredmedia":[{"embeddable":true,"href":"https:\/\/pangeatacticalandoutdoors.com\/index.php\/wp-json\/wp\/v2\/media\/4131"}],"wp:attachment":[{"href":"https:\/\/pangeatacticalandoutdoors.com\/index.php\/wp-json\/wp\/v2\/media?parent=4128"}],"wp:term":[{"taxonomy":"product_cat","embeddable":true,"href":"https:\/\/pangeatacticalandoutdoors.com\/index.php\/wp-json\/wp\/v2\/product_cat?post=4128"},{"taxonomy":"product_tag","embeddable":true,"href":"https:\/\/pangeatacticalandoutdoors.com\/index.php\/wp-json\/wp\/v2\/product_tag?post=4128"}],"curies":[{"name":"wp","href":"https:\/\/api.w.org\/{rel}","templated":true}]}}