{"id":4093,"date":"2021-11-10T16:15:32","date_gmt":"2021-11-10T22:15:32","guid":{"rendered":"https:\/\/pangeatacticalandoutdoors.com\/?post_type=product&#038;p=4093"},"modified":"2023-07-28T16:20:46","modified_gmt":"2023-07-28T21:20:46","slug":"babalu-leggins-deportivo-15473","status":"publish","type":"product","link":"https:\/\/pangeatacticalandoutdoors.com\/index.php\/producto\/babalu-leggins-deportivo-15473\/","title":{"rendered":"Babalu-Leggins Deportivos 15473"},"content":{"rendered":"<p><em>Leggins Deportivo 15473 Babalu \u00ae | Unitalla<\/em><\/p>\n<h6>CARACTER\u00cdSTICAS:<\/h6>\n<p>Este modelo de\u00a0leggings deportivos\u00a0cuenta con la\u00a0calidad Supplex\u00ae, una tela inteligente que permite disimular las peque\u00f1as imperfecciones de la piel y te da un\u00a0ajuste perfecto al cuerpo. Su corte a la cintura te har\u00e1 lucir espectacular, la\u00a0pretina ancha\u00a0evita que salgan gorditos del abdomen cuando realices tus actividades deportivas, te permitir\u00e1\u00a0libertad de movimiento\u00a0en todo momento. La calidad de\u00a0este\u00a0legging, as\u00ed como sus procesos son impecables, tendr\u00e1s una prenda que lucir\u00e1 como nueva por a\u00f1os. Un b\u00e1sico en tu\u00a0guardarropa deportivo.<\/p>\n","protected":false},"excerpt":{"rendered":"<p>Leggins Deportivo 15473 Babalu \u00ae | Unitalla CARACTER\u00cdSTICAS: Este modelo de\u00a0leggings deportivos\u00a0cuenta con la\u00a0calidad Supplex\u00ae, una tela inteligente que permite disimular las peque\u00f1as imperfecciones de la piel y te da un\u00a0ajuste perfecto al cuerpo. Su corte a la cintura te har\u00e1 lucir espectacular, la\u00a0pretina ancha\u00a0evita que salgan gorditos del abdomen cuando realices tus actividades deportivas, &hellip;<\/p>\n<p class=\"read-more\"> <a class=\"\" href=\"https:\/\/pangeatacticalandoutdoors.com\/index.php\/producto\/babalu-leggins-deportivo-15473\/\"> <span class=\"screen-reader-text\">Babalu-Leggins Deportivos 15473<\/span> Leer m\u00e1s &raquo;<\/a><\/p>\n","protected":false},"featured_media":4096,"comment_status":"open","ping_status":"closed","template":"","meta":{"site-sidebar-layout":"default","site-content-layout":"default","ast-global-header-display":"","ast-main-header-display":"","ast-hfb-above-header-display":"","ast-hfb-below-header-display":"","ast-hfb-mobile-header-display":"","site-post-title":"","ast-breadcrumbs-content":"","ast-featured-img":"","footer-sml-layout":"","theme-transparent-header-meta":"default","adv-header-id-meta":"","stick-header-meta":"","header-above-stick-meta":"","header-main-stick-meta":"","header-below-stick-meta":""},"product_cat":[229,88,268],"product_tag":[],"class_list":["post-4093","product","type-product","status-publish","has-post-thumbnail","hentry","product_cat-leggins","product_cat-campismo","product_cat-ropa-deportiva"],"jetpack_sharing_enabled":true,"_links":{"self":[{"href":"https:\/\/pangeatacticalandoutdoors.com\/index.php\/wp-json\/wp\/v2\/product\/4093","targetHints":{"allow":["GET"]}}],"collection":[{"href":"https:\/\/pangeatacticalandoutdoors.com\/index.php\/wp-json\/wp\/v2\/product"}],"about":[{"href":"https:\/\/pangeatacticalandoutdoors.com\/index.php\/wp-json\/wp\/v2\/types\/product"}],"replies":[{"embeddable":true,"href":"https:\/\/pangeatacticalandoutdoors.com\/index.php\/wp-json\/wp\/v2\/comments?post=4093"}],"wp:featuredmedia":[{"embeddable":true,"href":"https:\/\/pangeatacticalandoutdoors.com\/index.php\/wp-json\/wp\/v2\/media\/4096"}],"wp:attachment":[{"href":"https:\/\/pangeatacticalandoutdoors.com\/index.php\/wp-json\/wp\/v2\/media?parent=4093"}],"wp:term":[{"taxonomy":"product_cat","embeddable":true,"href":"https:\/\/pangeatacticalandoutdoors.com\/index.php\/wp-json\/wp\/v2\/product_cat?post=4093"},{"taxonomy":"product_tag","embeddable":true,"href":"https:\/\/pangeatacticalandoutdoors.com\/index.php\/wp-json\/wp\/v2\/product_tag?post=4093"}],"curies":[{"name":"wp","href":"https:\/\/api.w.org\/{rel}","templated":true}]}}