{"id":4061,"date":"2021-11-10T14:18:13","date_gmt":"2021-11-10T20:18:13","guid":{"rendered":"https:\/\/pangeatacticalandoutdoors.com\/?post_type=product&#038;p=4061"},"modified":"2023-10-30T18:17:25","modified_gmt":"2023-10-31T00:17:25","slug":"babalu-top-deportivo-32553","status":"publish","type":"product","link":"https:\/\/pangeatacticalandoutdoors.com\/index.php\/producto\/babalu-top-deportivo-32553\/","title":{"rendered":"Babal\u00fa-Top Deportivo 32553"},"content":{"rendered":"<p><em>Top Deportivo 32553 Babalu \u00ae | Talla \u00danica, Top Deportivo\u00a0en colores lisos que te har\u00e1 lucir muy sensual mientras realizas tus\u00a0actividades deportivas\u00a0diarias<\/em><\/p>\n<h6>CARACTER\u00cdSTICAS:<\/h6>\n<ul>\n<li>Debido a su dise\u00f1o\u00a0le dar\u00e1 a tu busto mayor soporte y evitar\u00e1 el surgimiento de gorditos bajo el brazo.<\/li>\n<li>Es ideal para realizar cualquier tipo de entrenamiento y ejercicio, permiti\u00e9ndote la libertad de movimiento que necesitas.<\/li>\n<li>Este dise\u00f1o est\u00e1 confeccionado en Supplex\u00ae, tela de la m\u00e1s alta calidad que le da firmeza a los colores y la mayor durabilidad a la prenda.<\/li>\n<li>Adem\u00e1s contamos con la tecnolog\u00eda m\u00e1s alta en telas por lo cual tu prenda, no perder\u00e1 color, se deformara o estirara.<\/li>\n<li>Talla \u00fanica.<\/li>\n<\/ul>\n","protected":false},"excerpt":{"rendered":"<p>Top Deportivo 32553 Babalu \u00ae | Talla \u00danica, Top Deportivo\u00a0en colores lisos que te har\u00e1 lucir muy sensual mientras realizas tus\u00a0actividades deportivas\u00a0diarias CARACTER\u00cdSTICAS: Debido a su dise\u00f1o\u00a0le dar\u00e1 a tu busto mayor soporte y evitar\u00e1 el surgimiento de gorditos bajo el brazo. Es ideal para realizar cualquier tipo de entrenamiento y ejercicio, permiti\u00e9ndote la libertad &hellip;<\/p>\n<p class=\"read-more\"> <a class=\"\" href=\"https:\/\/pangeatacticalandoutdoors.com\/index.php\/producto\/babalu-top-deportivo-32553\/\"> <span class=\"screen-reader-text\">Babal\u00fa-Top Deportivo 32553<\/span> Leer m\u00e1s &raquo;<\/a><\/p>\n","protected":false},"featured_media":4062,"comment_status":"open","ping_status":"closed","template":"","meta":{"site-sidebar-layout":"default","site-content-layout":"default","ast-global-header-display":"","ast-main-header-display":"","ast-hfb-above-header-display":"","ast-hfb-below-header-display":"","ast-hfb-mobile-header-display":"","site-post-title":"","ast-breadcrumbs-content":"","ast-featured-img":"","footer-sml-layout":"","theme-transparent-header-meta":"default","adv-header-id-meta":"","stick-header-meta":"","header-above-stick-meta":"","header-main-stick-meta":"","header-below-stick-meta":""},"product_cat":[88,268,228],"product_tag":[],"class_list":["post-4061","product","type-product","status-publish","has-post-thumbnail","hentry","product_cat-campismo","product_cat-ropa-deportiva","product_cat-top-deportivo"],"jetpack_sharing_enabled":true,"_links":{"self":[{"href":"https:\/\/pangeatacticalandoutdoors.com\/index.php\/wp-json\/wp\/v2\/product\/4061","targetHints":{"allow":["GET"]}}],"collection":[{"href":"https:\/\/pangeatacticalandoutdoors.com\/index.php\/wp-json\/wp\/v2\/product"}],"about":[{"href":"https:\/\/pangeatacticalandoutdoors.com\/index.php\/wp-json\/wp\/v2\/types\/product"}],"replies":[{"embeddable":true,"href":"https:\/\/pangeatacticalandoutdoors.com\/index.php\/wp-json\/wp\/v2\/comments?post=4061"}],"wp:featuredmedia":[{"embeddable":true,"href":"https:\/\/pangeatacticalandoutdoors.com\/index.php\/wp-json\/wp\/v2\/media\/4062"}],"wp:attachment":[{"href":"https:\/\/pangeatacticalandoutdoors.com\/index.php\/wp-json\/wp\/v2\/media?parent=4061"}],"wp:term":[{"taxonomy":"product_cat","embeddable":true,"href":"https:\/\/pangeatacticalandoutdoors.com\/index.php\/wp-json\/wp\/v2\/product_cat?post=4061"},{"taxonomy":"product_tag","embeddable":true,"href":"https:\/\/pangeatacticalandoutdoors.com\/index.php\/wp-json\/wp\/v2\/product_tag?post=4061"}],"curies":[{"name":"wp","href":"https:\/\/api.w.org\/{rel}","templated":true}]}}