{"id":4019,"date":"2021-11-09T17:17:21","date_gmt":"2021-11-09T23:17:21","guid":{"rendered":"https:\/\/pangeatacticalandoutdoors.com\/?post_type=product&#038;p=4019"},"modified":"2024-03-06T17:49:01","modified_gmt":"2024-03-06T23:49:01","slug":"bpfc-camisa-tactica-policiaca-ripstop","status":"publish","type":"product","link":"https:\/\/pangeatacticalandoutdoors.com\/index.php\/producto\/bpfc-camisa-tactica-policiaca-ripstop\/","title":{"rendered":"BPFC-CAMISA T\u00c1CTICA POLICIACA RIPSTOP"},"content":{"rendered":"<p><em>Camisa t\u00e1ctica policiaca ripstop en manga larga.<\/em><\/p>\n<h6>CARACTER\u00cdSTICAS:<\/h6>\n<ul>\n<li>Bolsas de f\u00e1cil acceso con velcro y bot\u00f3n.<\/li>\n<li>2 Bolsas adicionales, ocultas en pecho,<\/li>\n<li>Bot\u00f3n en cuello y pu\u00f1os.<\/li>\n<li>Confeccionada con cierre oculto al frente,<\/li>\n<li>Costuras reforzadas en mangas y costados.<\/li>\n<li>Composici\u00f3n: 65% Poli\u00e9ster 35% Viscosa.<\/li>\n<\/ul>\n<p>&nbsp;<\/p>\n","protected":false},"excerpt":{"rendered":"<p>Camisa t\u00e1ctica policiaca ripstop en manga larga. CARACTER\u00cdSTICAS: Bolsas de f\u00e1cil acceso con velcro y bot\u00f3n. 2 Bolsas adicionales, ocultas en pecho, Bot\u00f3n en cuello y pu\u00f1os. Confeccionada con cierre oculto al frente, Costuras reforzadas en mangas y costados. Composici\u00f3n: 65% Poli\u00e9ster 35% Viscosa. &nbsp;<\/p>\n","protected":false},"featured_media":4011,"comment_status":"open","ping_status":"closed","template":"","meta":{"site-sidebar-layout":"default","site-content-layout":"default","ast-global-header-display":"","ast-main-header-display":"","ast-hfb-above-header-display":"","ast-hfb-below-header-display":"","ast-hfb-mobile-header-display":"","site-post-title":"","ast-breadcrumbs-content":"","ast-featured-img":"","footer-sml-layout":"","theme-transparent-header-meta":"default","adv-header-id-meta":"","stick-header-meta":"","header-above-stick-meta":"","header-main-stick-meta":"","header-below-stick-meta":""},"product_cat":[132,87],"product_tag":[],"class_list":["post-4019","product","type-product","status-publish","has-post-thumbnail","hentry","product_cat-camisas","product_cat-ropa"],"jetpack_sharing_enabled":true,"_links":{"self":[{"href":"https:\/\/pangeatacticalandoutdoors.com\/index.php\/wp-json\/wp\/v2\/product\/4019","targetHints":{"allow":["GET"]}}],"collection":[{"href":"https:\/\/pangeatacticalandoutdoors.com\/index.php\/wp-json\/wp\/v2\/product"}],"about":[{"href":"https:\/\/pangeatacticalandoutdoors.com\/index.php\/wp-json\/wp\/v2\/types\/product"}],"replies":[{"embeddable":true,"href":"https:\/\/pangeatacticalandoutdoors.com\/index.php\/wp-json\/wp\/v2\/comments?post=4019"}],"wp:featuredmedia":[{"embeddable":true,"href":"https:\/\/pangeatacticalandoutdoors.com\/index.php\/wp-json\/wp\/v2\/media\/4011"}],"wp:attachment":[{"href":"https:\/\/pangeatacticalandoutdoors.com\/index.php\/wp-json\/wp\/v2\/media?parent=4019"}],"wp:term":[{"taxonomy":"product_cat","embeddable":true,"href":"https:\/\/pangeatacticalandoutdoors.com\/index.php\/wp-json\/wp\/v2\/product_cat?post=4019"},{"taxonomy":"product_tag","embeddable":true,"href":"https:\/\/pangeatacticalandoutdoors.com\/index.php\/wp-json\/wp\/v2\/product_tag?post=4019"}],"curies":[{"name":"wp","href":"https:\/\/api.w.org\/{rel}","templated":true}]}}