{"id":4001,"date":"2021-11-09T15:49:48","date_gmt":"2021-11-09T21:49:48","guid":{"rendered":"https:\/\/pangeatacticalandoutdoors.com\/?post_type=product&#038;p=4001"},"modified":"2021-11-25T13:32:11","modified_gmt":"2021-11-25T19:32:11","slug":"asana-legging-deportivo","status":"publish","type":"product","link":"https:\/\/pangeatacticalandoutdoors.com\/index.php\/producto\/asana-legging-deportivo\/","title":{"rendered":"Asana Sport-Licra Deportiva 49359"},"content":{"rendered":"<p><em>Licra Deportiva 49359 Azteca Asana\u00ae<\/em><\/p>\n<h6>CARACTER\u00cdSTICAS:<\/h6>\n<p>Leggins deportivo para mujer\u00a0con\u00a0Estampado Calendario Azteca\u00a0simplemente\u00a0te va a enamorar, lo podr\u00e1s combinar con colores lisos y ser\u00e1s el\u00a0centro de atenci\u00f3n donde quiera que vayas, tiene un corte colombiano y es de pretina alta por lo que se adaptar\u00e1 de manera inigualable a tu tipo de cuerpo, para que luzcas fabulosa mientras te ejercitas, sinti\u00e9ndote en todo momento c\u00f3moda y fresca, y sobre todo con la mejor libertad de movimiento, luciendo hermosa simplemente. Su calidad es excelente por lo que tendr\u00e1s una prenda que lucir\u00e1 como nueva por muchos a\u00f1os.<\/p>\n","protected":false},"excerpt":{"rendered":"<p>Licra Deportiva 49359 Azteca Asana\u00ae CARACTER\u00cdSTICAS: Leggins deportivo para mujer\u00a0con\u00a0Estampado Calendario Azteca\u00a0simplemente\u00a0te va a enamorar, lo podr\u00e1s combinar con colores lisos y ser\u00e1s el\u00a0centro de atenci\u00f3n donde quiera que vayas, tiene un corte colombiano y es de pretina alta por lo que se adaptar\u00e1 de manera inigualable a tu tipo de cuerpo, para que luzcas &hellip;<\/p>\n<p class=\"read-more\"> <a class=\"\" href=\"https:\/\/pangeatacticalandoutdoors.com\/index.php\/producto\/asana-legging-deportivo\/\"> <span class=\"screen-reader-text\">Asana Sport-Licra Deportiva 49359<\/span> Leer m\u00e1s &raquo;<\/a><\/p>\n","protected":false},"featured_media":4090,"comment_status":"open","ping_status":"closed","template":"","meta":{"site-sidebar-layout":"default","site-content-layout":"default","ast-global-header-display":"","ast-main-header-display":"","ast-hfb-above-header-display":"","ast-hfb-below-header-display":"","ast-hfb-mobile-header-display":"","site-post-title":"","ast-breadcrumbs-content":"","ast-featured-img":"","footer-sml-layout":"","theme-transparent-header-meta":"default","adv-header-id-meta":"","stick-header-meta":"","header-above-stick-meta":"","header-main-stick-meta":"","header-below-stick-meta":""},"product_cat":[229,88,268],"product_tag":[],"class_list":["post-4001","product","type-product","status-publish","has-post-thumbnail","hentry","product_cat-leggins","product_cat-campismo","product_cat-ropa-deportiva"],"jetpack_sharing_enabled":true,"_links":{"self":[{"href":"https:\/\/pangeatacticalandoutdoors.com\/index.php\/wp-json\/wp\/v2\/product\/4001","targetHints":{"allow":["GET"]}}],"collection":[{"href":"https:\/\/pangeatacticalandoutdoors.com\/index.php\/wp-json\/wp\/v2\/product"}],"about":[{"href":"https:\/\/pangeatacticalandoutdoors.com\/index.php\/wp-json\/wp\/v2\/types\/product"}],"replies":[{"embeddable":true,"href":"https:\/\/pangeatacticalandoutdoors.com\/index.php\/wp-json\/wp\/v2\/comments?post=4001"}],"wp:featuredmedia":[{"embeddable":true,"href":"https:\/\/pangeatacticalandoutdoors.com\/index.php\/wp-json\/wp\/v2\/media\/4090"}],"wp:attachment":[{"href":"https:\/\/pangeatacticalandoutdoors.com\/index.php\/wp-json\/wp\/v2\/media?parent=4001"}],"wp:term":[{"taxonomy":"product_cat","embeddable":true,"href":"https:\/\/pangeatacticalandoutdoors.com\/index.php\/wp-json\/wp\/v2\/product_cat?post=4001"},{"taxonomy":"product_tag","embeddable":true,"href":"https:\/\/pangeatacticalandoutdoors.com\/index.php\/wp-json\/wp\/v2\/product_tag?post=4001"}],"curies":[{"name":"wp","href":"https:\/\/api.w.org\/{rel}","templated":true}]}}