{"id":3996,"date":"2021-11-09T15:26:47","date_gmt":"2021-11-09T21:26:47","guid":{"rendered":"https:\/\/pangeatacticalandoutdoors.com\/?post_type=product&#038;p=3996"},"modified":"2023-05-27T16:22:51","modified_gmt":"2023-05-27T21:22:51","slug":"bpfc-pantalon-policiaco-de-tricotina","status":"publish","type":"product","link":"https:\/\/pangeatacticalandoutdoors.com\/index.php\/producto\/bpfc-pantalon-policiaco-de-tricotina\/","title":{"rendered":"BPFC-PANTAL\u00d3N POLICIACO DE TRICOTINA"},"content":{"rendered":"<p><em>Pantal\u00f3n policiaco pie tierra, confeccionado en tela tricotina 100% Poli\u00e9ster color azul marino, con piola lateral color azul plumbago, cuenta en total con 5 bolsillos, la Pretina y trabillas son anchas para brindar mayor comodidad y adem\u00e1s cuenta con sistema anti-desfaje, cierre met\u00e1lico y broche tipo gancho.<\/em><\/p>\n<h6>CARACTER\u00cdSTICAS:<\/h6>\n<ul>\n<li>5 bolsillos en total; 2 laterales diagonales, dos bolsillos traseros con tapa y botonadura, y un compartimiento discreto para guardar distintos art\u00edculos como llaves, monedas, tickets etc.<\/li>\n<li>Confeccionado en tela tricotina 100% Poli\u00e9ster color azul media marino.<\/li>\n<li>Piola lateral color azul plumbago.<\/li>\n<li>Pretina y trabillas son anchas.<\/li>\n<li>Sistema anti-desfaje Snugtex.<\/li>\n<li>Broche met\u00e1lico tipo gancho.<\/li>\n<li>Cierre met\u00e1lico.<\/li>\n<\/ul>\n","protected":false},"excerpt":{"rendered":"<p>Pantal\u00f3n policiaco pie tierra, confeccionado en tela tricotina 100% Poli\u00e9ster color azul marino, con piola lateral color azul plumbago, cuenta en total con 5 bolsillos, la Pretina y trabillas son anchas para brindar mayor comodidad y adem\u00e1s cuenta con sistema anti-desfaje, cierre met\u00e1lico y broche tipo gancho. CARACTER\u00cdSTICAS: 5 bolsillos en total; 2 laterales diagonales, &hellip;<\/p>\n<p class=\"read-more\"> <a class=\"\" href=\"https:\/\/pangeatacticalandoutdoors.com\/index.php\/producto\/bpfc-pantalon-policiaco-de-tricotina\/\"> <span class=\"screen-reader-text\">BPFC-PANTAL\u00d3N POLICIACO DE TRICOTINA<\/span> Leer m\u00e1s &raquo;<\/a><\/p>\n","protected":false},"featured_media":4000,"comment_status":"open","ping_status":"closed","template":"","meta":{"site-sidebar-layout":"default","site-content-layout":"default","ast-global-header-display":"","ast-main-header-display":"","ast-hfb-above-header-display":"","ast-hfb-below-header-display":"","ast-hfb-mobile-header-display":"","site-post-title":"","ast-breadcrumbs-content":"","ast-featured-img":"","footer-sml-layout":"","theme-transparent-header-meta":"default","adv-header-id-meta":"","stick-header-meta":"","header-above-stick-meta":"","header-main-stick-meta":"","header-below-stick-meta":""},"product_cat":[133,87],"product_tag":[],"class_list":["post-3996","product","type-product","status-publish","has-post-thumbnail","hentry","product_cat-pantalones","product_cat-ropa"],"jetpack_sharing_enabled":true,"_links":{"self":[{"href":"https:\/\/pangeatacticalandoutdoors.com\/index.php\/wp-json\/wp\/v2\/product\/3996","targetHints":{"allow":["GET"]}}],"collection":[{"href":"https:\/\/pangeatacticalandoutdoors.com\/index.php\/wp-json\/wp\/v2\/product"}],"about":[{"href":"https:\/\/pangeatacticalandoutdoors.com\/index.php\/wp-json\/wp\/v2\/types\/product"}],"replies":[{"embeddable":true,"href":"https:\/\/pangeatacticalandoutdoors.com\/index.php\/wp-json\/wp\/v2\/comments?post=3996"}],"wp:featuredmedia":[{"embeddable":true,"href":"https:\/\/pangeatacticalandoutdoors.com\/index.php\/wp-json\/wp\/v2\/media\/4000"}],"wp:attachment":[{"href":"https:\/\/pangeatacticalandoutdoors.com\/index.php\/wp-json\/wp\/v2\/media?parent=3996"}],"wp:term":[{"taxonomy":"product_cat","embeddable":true,"href":"https:\/\/pangeatacticalandoutdoors.com\/index.php\/wp-json\/wp\/v2\/product_cat?post=3996"},{"taxonomy":"product_tag","embeddable":true,"href":"https:\/\/pangeatacticalandoutdoors.com\/index.php\/wp-json\/wp\/v2\/product_tag?post=3996"}],"curies":[{"name":"wp","href":"https:\/\/api.w.org\/{rel}","templated":true}]}}