{"id":3985,"date":"2021-11-09T14:58:13","date_gmt":"2021-11-09T20:58:13","guid":{"rendered":"https:\/\/pangeatacticalandoutdoors.com\/?post_type=product&#038;p=3985"},"modified":"2024-05-30T13:34:45","modified_gmt":"2024-05-30T18:34:45","slug":"bpfc-pantalon-tactico-ripstop-con-teflon","status":"publish","type":"product","link":"https:\/\/pangeatacticalandoutdoors.com\/index.php\/producto\/bpfc-pantalon-tactico-ripstop-con-teflon\/","title":{"rendered":"BPFC-PANTAL\u00d3N T\u00c1CTICO RIPSTOP CON TEFL\u00d3N"},"content":{"rendered":"<p><em>Pantal\u00f3n t\u00e1ctico ripstop con tefl\u00f3n y bolsillos al aire libre, estilo informal, antidesgarros, para construcci\u00f3n de combate, pantalones de trabajo.<\/em><\/p>\n<p><strong>CARACTER\u00cdSTICAS:<\/strong><\/p>\n<ul>\n<li>6 bolsillos que son elegantes y funcionales: (2) bolsillos frontales; (2) bolsillos cargo con velcro y (2) bolsillos traseros con velcro.<\/li>\n<li>Con tefl\u00f3n: capa protectora semi impermeable, protege la tela por m\u00e1s tiempo.<\/li>\n<li>Aberturas de pierna recta con cord\u00f3n para adaptarse a las botas.<\/li>\n<li>Composici\u00f3n: 65% Poli\u00e9ster 35% Algod\u00f3n.<\/li>\n<li>Aporta protecci\u00f3n contra el agua y polvo.<\/li>\n<li>100 % cierre de cremallera con bot\u00f3n.<\/li>\n<li>Presillas de cintur\u00f3n ampliadas<\/li>\n<\/ul>\n","protected":false},"excerpt":{"rendered":"<p>Pantal\u00f3n t\u00e1ctico ripstop con tefl\u00f3n y bolsillos al aire libre, estilo informal, antidesgarros, para construcci\u00f3n de combate, pantalones de trabajo. CARACTER\u00cdSTICAS: 6 bolsillos que son elegantes y funcionales: (2) bolsillos frontales; (2) bolsillos cargo con velcro y (2) bolsillos traseros con velcro. Con tefl\u00f3n: capa protectora semi impermeable, protege la tela por m\u00e1s tiempo. Aberturas &hellip;<\/p>\n<p class=\"read-more\"> <a class=\"\" href=\"https:\/\/pangeatacticalandoutdoors.com\/index.php\/producto\/bpfc-pantalon-tactico-ripstop-con-teflon\/\"> <span class=\"screen-reader-text\">BPFC-PANTAL\u00d3N T\u00c1CTICO RIPSTOP CON TEFL\u00d3N<\/span> Leer m\u00e1s &raquo;<\/a><\/p>\n","protected":false},"featured_media":3984,"comment_status":"open","ping_status":"closed","template":"","meta":{"site-sidebar-layout":"default","site-content-layout":"default","ast-global-header-display":"","ast-main-header-display":"","ast-hfb-above-header-display":"","ast-hfb-below-header-display":"","ast-hfb-mobile-header-display":"","site-post-title":"","ast-breadcrumbs-content":"","ast-featured-img":"","footer-sml-layout":"","theme-transparent-header-meta":"default","adv-header-id-meta":"","stick-header-meta":"","header-above-stick-meta":"","header-main-stick-meta":"","header-below-stick-meta":""},"product_cat":[133,87],"product_tag":[],"class_list":["post-3985","product","type-product","status-publish","has-post-thumbnail","hentry","product_cat-pantalones","product_cat-ropa"],"jetpack_sharing_enabled":true,"_links":{"self":[{"href":"https:\/\/pangeatacticalandoutdoors.com\/index.php\/wp-json\/wp\/v2\/product\/3985","targetHints":{"allow":["GET"]}}],"collection":[{"href":"https:\/\/pangeatacticalandoutdoors.com\/index.php\/wp-json\/wp\/v2\/product"}],"about":[{"href":"https:\/\/pangeatacticalandoutdoors.com\/index.php\/wp-json\/wp\/v2\/types\/product"}],"replies":[{"embeddable":true,"href":"https:\/\/pangeatacticalandoutdoors.com\/index.php\/wp-json\/wp\/v2\/comments?post=3985"}],"wp:featuredmedia":[{"embeddable":true,"href":"https:\/\/pangeatacticalandoutdoors.com\/index.php\/wp-json\/wp\/v2\/media\/3984"}],"wp:attachment":[{"href":"https:\/\/pangeatacticalandoutdoors.com\/index.php\/wp-json\/wp\/v2\/media?parent=3985"}],"wp:term":[{"taxonomy":"product_cat","embeddable":true,"href":"https:\/\/pangeatacticalandoutdoors.com\/index.php\/wp-json\/wp\/v2\/product_cat?post=3985"},{"taxonomy":"product_tag","embeddable":true,"href":"https:\/\/pangeatacticalandoutdoors.com\/index.php\/wp-json\/wp\/v2\/product_tag?post=3985"}],"curies":[{"name":"wp","href":"https:\/\/api.w.org\/{rel}","templated":true}]}}