{"id":3917,"date":"2021-11-09T12:18:08","date_gmt":"2021-11-09T18:18:08","guid":{"rendered":"https:\/\/pangeatacticalandoutdoors.com\/?post_type=product&#038;p=3917"},"modified":"2026-03-09T11:31:25","modified_gmt":"2026-03-09T17:31:25","slug":"camisa-maja-coleccion-cortes_t-17-3","status":"publish","type":"product","link":"https:\/\/pangeatacticalandoutdoors.com\/index.php\/producto\/camisa-maja-coleccion-cortes_t-17-3\/","title":{"rendered":"Maja-Camisa Colecci\u00f3n Cort\u00e9s_T-17-3"},"content":{"rendered":"<p><em>Una colecci\u00f3n muy especial inspirada en nuestros peces favoritos, para usar de d\u00eda o de noche. Dise\u00f1o con estampado del isologo Maja y pez Marl\u00edn en color amarillo con fondo en color tinto o\u00a0pez Dorado en color blanco con fondo en color azul marino.<\/em><\/p>\n","protected":false},"excerpt":{"rendered":"<p>Una colecci\u00f3n muy especial inspirada en nuestros peces favoritos, para usar de d\u00eda o de noche. Dise\u00f1o con estampado del isologo Maja y pez Marl\u00edn en color amarillo con fondo en color tinto o\u00a0pez Dorado en color blanco con fondo en color azul marino.<\/p>\n","protected":false},"featured_media":3924,"comment_status":"open","ping_status":"closed","template":"","meta":{"site-sidebar-layout":"default","site-content-layout":"default","ast-global-header-display":"","ast-main-header-display":"","ast-hfb-above-header-display":"","ast-hfb-below-header-display":"","ast-hfb-mobile-header-display":"","site-post-title":"","ast-breadcrumbs-content":"","ast-featured-img":"","footer-sml-layout":"","theme-transparent-header-meta":"default","adv-header-id-meta":"","stick-header-meta":"","header-above-stick-meta":"","header-main-stick-meta":"","header-below-stick-meta":""},"product_cat":[132,88],"product_tag":[],"class_list":["post-3917","product","type-product","status-publish","has-post-thumbnail","hentry","product_cat-camisas","product_cat-campismo"],"jetpack_sharing_enabled":true,"_links":{"self":[{"href":"https:\/\/pangeatacticalandoutdoors.com\/index.php\/wp-json\/wp\/v2\/product\/3917","targetHints":{"allow":["GET"]}}],"collection":[{"href":"https:\/\/pangeatacticalandoutdoors.com\/index.php\/wp-json\/wp\/v2\/product"}],"about":[{"href":"https:\/\/pangeatacticalandoutdoors.com\/index.php\/wp-json\/wp\/v2\/types\/product"}],"replies":[{"embeddable":true,"href":"https:\/\/pangeatacticalandoutdoors.com\/index.php\/wp-json\/wp\/v2\/comments?post=3917"}],"wp:featuredmedia":[{"embeddable":true,"href":"https:\/\/pangeatacticalandoutdoors.com\/index.php\/wp-json\/wp\/v2\/media\/3924"}],"wp:attachment":[{"href":"https:\/\/pangeatacticalandoutdoors.com\/index.php\/wp-json\/wp\/v2\/media?parent=3917"}],"wp:term":[{"taxonomy":"product_cat","embeddable":true,"href":"https:\/\/pangeatacticalandoutdoors.com\/index.php\/wp-json\/wp\/v2\/product_cat?post=3917"},{"taxonomy":"product_tag","embeddable":true,"href":"https:\/\/pangeatacticalandoutdoors.com\/index.php\/wp-json\/wp\/v2\/product_tag?post=3917"}],"curies":[{"name":"wp","href":"https:\/\/api.w.org\/{rel}","templated":true}]}}