{"id":3843,"date":"2021-11-05T18:28:24","date_gmt":"2021-11-06T00:28:24","guid":{"rendered":"https:\/\/pangeatacticalandoutdoors.com\/?post_type=product&#038;p=3843"},"modified":"2023-05-11T19:36:00","modified_gmt":"2023-05-12T00:36:00","slug":"camcon-twist-lock-extending-shelter-pole","status":"publish","type":"product","link":"https:\/\/pangeatacticalandoutdoors.com\/index.php\/producto\/camcon-twist-lock-extending-shelter-pole\/","title":{"rendered":"CAMCON-TWIST LOCK EXTENDING SHELTER POLE"},"content":{"rendered":"<p><em>El poste extensible para refugio Camcon\u00ae Twist Lock est\u00e1 hecho de aluminio liviano y duradero. Es una configuraci\u00f3n telesc\u00f3pica de dos secciones que puede extenderse de 20 a 35 pulgadas y tiene un mecanismo de bloqueo de giro simple. \u00daselo con refugios o lonas, ideal para mochileros, campamentos, excursiones, caza, etc. Con su impresionante peso de solo 6 onzas, no hay raz\u00f3n para que alguien deba prescindir de \u00e9l.<\/em><\/p>\n<h6>CARACTER\u00cdSTICAS:<\/h6>\n<ul>\n<li>Postes de aluminio telesc\u00f3picos de 2 secciones<\/li>\n<li>Se extiende de 20 a 35 pulgadas \/ 50 a 90 cm<\/li>\n<li>Durable y ligero<\/li>\n<li>Placa de tierra y espiga<\/li>\n<li>PESO: 6 oz (170 g)<\/li>\n<li>DIMENSIONES: 20 &#8211; 35 pulgadas (50 &#8211; 90 cm<\/li>\n<\/ul>\n","protected":false},"excerpt":{"rendered":"<p>El poste extensible para refugio Camcon\u00ae Twist Lock est\u00e1 hecho de aluminio liviano y duradero. Es una configuraci\u00f3n telesc\u00f3pica de dos secciones que puede extenderse de 20 a 35 pulgadas y tiene un mecanismo de bloqueo de giro simple. \u00daselo con refugios o lonas, ideal para mochileros, campamentos, excursiones, caza, etc. Con su impresionante peso &hellip;<\/p>\n<p class=\"read-more\"> <a class=\"\" href=\"https:\/\/pangeatacticalandoutdoors.com\/index.php\/producto\/camcon-twist-lock-extending-shelter-pole\/\"> <span class=\"screen-reader-text\">CAMCON-TWIST LOCK EXTENDING SHELTER POLE<\/span> Leer m\u00e1s &raquo;<\/a><\/p>\n","protected":false},"featured_media":3826,"comment_status":"open","ping_status":"closed","template":"","meta":{"site-sidebar-layout":"default","site-content-layout":"default","ast-global-header-display":"","ast-main-header-display":"","ast-hfb-above-header-display":"","ast-hfb-below-header-display":"","ast-hfb-mobile-header-display":"","site-post-title":"","ast-breadcrumbs-content":"","ast-featured-img":"","footer-sml-layout":"","theme-transparent-header-meta":"default","adv-header-id-meta":"","stick-header-meta":"","header-above-stick-meta":"","header-main-stick-meta":"","header-below-stick-meta":""},"product_cat":[88,193],"product_tag":[],"class_list":["post-3843","product","type-product","status-publish","has-post-thumbnail","hentry","product_cat-campismo","product_cat-postes"],"jetpack_sharing_enabled":true,"_links":{"self":[{"href":"https:\/\/pangeatacticalandoutdoors.com\/index.php\/wp-json\/wp\/v2\/product\/3843","targetHints":{"allow":["GET"]}}],"collection":[{"href":"https:\/\/pangeatacticalandoutdoors.com\/index.php\/wp-json\/wp\/v2\/product"}],"about":[{"href":"https:\/\/pangeatacticalandoutdoors.com\/index.php\/wp-json\/wp\/v2\/types\/product"}],"replies":[{"embeddable":true,"href":"https:\/\/pangeatacticalandoutdoors.com\/index.php\/wp-json\/wp\/v2\/comments?post=3843"}],"wp:featuredmedia":[{"embeddable":true,"href":"https:\/\/pangeatacticalandoutdoors.com\/index.php\/wp-json\/wp\/v2\/media\/3826"}],"wp:attachment":[{"href":"https:\/\/pangeatacticalandoutdoors.com\/index.php\/wp-json\/wp\/v2\/media?parent=3843"}],"wp:term":[{"taxonomy":"product_cat","embeddable":true,"href":"https:\/\/pangeatacticalandoutdoors.com\/index.php\/wp-json\/wp\/v2\/product_cat?post=3843"},{"taxonomy":"product_tag","embeddable":true,"href":"https:\/\/pangeatacticalandoutdoors.com\/index.php\/wp-json\/wp\/v2\/product_tag?post=3843"}],"curies":[{"name":"wp","href":"https:\/\/api.w.org\/{rel}","templated":true}]}}