{"id":3837,"date":"2021-11-05T18:16:57","date_gmt":"2021-11-06T00:16:57","guid":{"rendered":"https:\/\/pangeatacticalandoutdoors.com\/?post_type=product&#038;p=3837"},"modified":"2026-03-25T13:33:24","modified_gmt":"2026-03-25T19:33:24","slug":"camcon-self-clinging-camo-wrap","status":"publish","type":"product","link":"https:\/\/pangeatacticalandoutdoors.com\/index.php\/producto\/camcon-self-clinging-camo-wrap\/","title":{"rendered":"CAMCON-SELF-CLINGING CAMO WRAP"},"content":{"rendered":"<p><em>Las envolturas de camuflaje autoadhesivas CAMCON\u00ae son una excelente soluci\u00f3n para el cazador o profesional militar que requiere un camuflaje absoluto en el equipo y m\u00e1s. La envoltura autoadhesiva se puede usar en pistolas, visores, cuchillos, soportes para \u00e1rboles, linternas, binoculares o lo que sea que lleve al campo. Tambi\u00e9n se puede utilizar como soporte m\u00e9dico y como vendaje compresivo. Las envolturas de camuflaje autoadhesivas CAMCON\u00ae son extra\u00edbles y reutilizables.<\/em><\/p>\n<h6>CARACTER\u00cdSTICAS:<\/h6>\n<ul>\n<li>Sin adhesivo, autoadhesivo<\/li>\n<li>Extra\u00edble y reutilizable<\/li>\n<li>Se adapta a cualquier forma<\/li>\n<li>No se adhiere al equipo ni a las armas, no deja residuos<\/li>\n<li>Proteja las armas de fuego y el equipo de los ara\u00f1azos en el campo<\/li>\n<li>Camufla instant\u00e1neamente los art\u00edculos, silencia el ruido y es ideal para envolver art\u00edculos demasiado calientes o demasiado fr\u00edos al tacto.<\/li>\n<li>Ideal para armas, binoculares, linternas, cuchillos, clips de munici\u00f3n, cantimploras y m\u00e1s<\/li>\n<li>Vendaje de compresi\u00f3n y soporte m\u00e9dico superior<\/li>\n<li>PESO: .5 oz (14 g)<\/li>\n<li>DIMENSIONES: 2 pulgadas de ancho x 178 pulgadas de largo (5 x 4,5 cm)<\/li>\n<\/ul>\n","protected":false},"excerpt":{"rendered":"<p>Las envolturas de camuflaje autoadhesivas CAMCON\u00ae son una excelente soluci\u00f3n para el cazador o profesional militar que requiere un camuflaje absoluto en el equipo y m\u00e1s. La envoltura autoadhesiva se puede usar en pistolas, visores, cuchillos, soportes para \u00e1rboles, linternas, binoculares o lo que sea que lleve al campo. Tambi\u00e9n se puede utilizar como soporte &hellip;<\/p>\n<p class=\"read-more\"> <a class=\"\" href=\"https:\/\/pangeatacticalandoutdoors.com\/index.php\/producto\/camcon-self-clinging-camo-wrap\/\"> <span class=\"screen-reader-text\">CAMCON-SELF-CLINGING CAMO WRAP<\/span> Leer m\u00e1s &raquo;<\/a><\/p>\n","protected":false},"featured_media":3824,"comment_status":"open","ping_status":"closed","template":"","meta":{"site-sidebar-layout":"default","site-content-layout":"default","ast-global-header-display":"","ast-main-header-display":"","ast-hfb-above-header-display":"","ast-hfb-below-header-display":"","ast-hfb-mobile-header-display":"","site-post-title":"","ast-breadcrumbs-content":"","ast-featured-img":"","footer-sml-layout":"","theme-transparent-header-meta":"default","adv-header-id-meta":"","stick-header-meta":"","header-above-stick-meta":"","header-main-stick-meta":"","header-below-stick-meta":""},"product_cat":[88,192],"product_tag":[],"class_list":["post-3837","product","type-product","status-publish","has-post-thumbnail","hentry","product_cat-campismo","product_cat-venda-autoadhesiva-de-camuflaje"],"jetpack_sharing_enabled":true,"_links":{"self":[{"href":"https:\/\/pangeatacticalandoutdoors.com\/index.php\/wp-json\/wp\/v2\/product\/3837","targetHints":{"allow":["GET"]}}],"collection":[{"href":"https:\/\/pangeatacticalandoutdoors.com\/index.php\/wp-json\/wp\/v2\/product"}],"about":[{"href":"https:\/\/pangeatacticalandoutdoors.com\/index.php\/wp-json\/wp\/v2\/types\/product"}],"replies":[{"embeddable":true,"href":"https:\/\/pangeatacticalandoutdoors.com\/index.php\/wp-json\/wp\/v2\/comments?post=3837"}],"wp:featuredmedia":[{"embeddable":true,"href":"https:\/\/pangeatacticalandoutdoors.com\/index.php\/wp-json\/wp\/v2\/media\/3824"}],"wp:attachment":[{"href":"https:\/\/pangeatacticalandoutdoors.com\/index.php\/wp-json\/wp\/v2\/media?parent=3837"}],"wp:term":[{"taxonomy":"product_cat","embeddable":true,"href":"https:\/\/pangeatacticalandoutdoors.com\/index.php\/wp-json\/wp\/v2\/product_cat?post=3837"},{"taxonomy":"product_tag","embeddable":true,"href":"https:\/\/pangeatacticalandoutdoors.com\/index.php\/wp-json\/wp\/v2\/product_tag?post=3837"}],"curies":[{"name":"wp","href":"https:\/\/api.w.org\/{rel}","templated":true}]}}