{"id":3813,"date":"2021-11-05T17:50:08","date_gmt":"2021-11-05T23:50:08","guid":{"rendered":"https:\/\/pangeatacticalandoutdoors.com\/?post_type=product&#038;p=3813"},"modified":"2024-10-29T12:02:21","modified_gmt":"2024-10-29T18:02:21","slug":"camcon-camouflage-face-paint","status":"publish","type":"product","link":"https:\/\/pangeatacticalandoutdoors.com\/index.php\/producto\/camcon-camouflage-face-paint\/","title":{"rendered":"CAMCON-CAMOUFLAGE FACE PAINT"},"content":{"rendered":"<p><em>Pintura facial de camuflaje push-up f\u00e1cil de usar se aplica f\u00e1cilmente y permanece hasta que se retira con agua y jab\u00f3n. Ofrecemos cuatro combinaciones de colores diferentes que vienen en tubos relativamente peque\u00f1os para que sean f\u00e1ciles de transportar y almacenar. Debido a su tama\u00f1o bastante peque\u00f1o, aseg\u00farese de llevar los extras con su equipo para un posible uso futuro o para aquellos que olvidaron el suyo. Cada combinaci\u00f3n de colores viene en un tubo de pl\u00e1stico de dos extremos con un color diferente en cada extremo.\u00a0<\/em><\/p>\n<h6>CARACTER\u00cdSTICAS:<\/h6>\n<ul>\n<li>Contin\u00faa f\u00e1cilmente y permanece encendido<\/li>\n<li>Viene en un tubo de pl\u00e1stico de doble extremo con un color diferente en cada extremo.<\/li>\n<li>Tama\u00f1o de paquete peque\u00f1o: f\u00e1cil de transportar y almacenar<\/li>\n<li>PESO: 2,7 onzas (76,5 g)<\/li>\n<li>DIMENSIONES: 2,5 x 1,25 x 1,25 pulgadas (6,3 x 3,2 x 3,2 cm)<\/li>\n<li>Viene en un paquete de 2 y disponible a granel (caja de 50 tubos)<\/li>\n<\/ul>\n","protected":false},"excerpt":{"rendered":"<p>Pintura facial de camuflaje push-up f\u00e1cil de usar se aplica f\u00e1cilmente y permanece hasta que se retira con agua y jab\u00f3n. Ofrecemos cuatro combinaciones de colores diferentes que vienen en tubos relativamente peque\u00f1os para que sean f\u00e1ciles de transportar y almacenar. Debido a su tama\u00f1o bastante peque\u00f1o, aseg\u00farese de llevar los extras con su equipo &hellip;<\/p>\n<p class=\"read-more\"> <a class=\"\" href=\"https:\/\/pangeatacticalandoutdoors.com\/index.php\/producto\/camcon-camouflage-face-paint\/\"> <span class=\"screen-reader-text\">CAMCON-CAMOUFLAGE FACE PAINT<\/span> Leer m\u00e1s &raquo;<\/a><\/p>\n","protected":false},"featured_media":3816,"comment_status":"open","ping_status":"closed","template":"","meta":{"site-sidebar-layout":"default","site-content-layout":"default","ast-global-header-display":"","ast-main-header-display":"","ast-hfb-above-header-display":"","ast-hfb-below-header-display":"","ast-hfb-mobile-header-display":"","site-post-title":"","ast-breadcrumbs-content":"","ast-featured-img":"","footer-sml-layout":"","theme-transparent-header-meta":"default","adv-header-id-meta":"","stick-header-meta":"","header-above-stick-meta":"","header-main-stick-meta":"","header-below-stick-meta":""},"product_cat":[191,88],"product_tag":[],"class_list":["post-3813","product","type-product","status-publish","has-post-thumbnail","hentry","product_cat-cremas-y-pinturas-de-camuflaje","product_cat-campismo"],"jetpack_sharing_enabled":true,"_links":{"self":[{"href":"https:\/\/pangeatacticalandoutdoors.com\/index.php\/wp-json\/wp\/v2\/product\/3813","targetHints":{"allow":["GET"]}}],"collection":[{"href":"https:\/\/pangeatacticalandoutdoors.com\/index.php\/wp-json\/wp\/v2\/product"}],"about":[{"href":"https:\/\/pangeatacticalandoutdoors.com\/index.php\/wp-json\/wp\/v2\/types\/product"}],"replies":[{"embeddable":true,"href":"https:\/\/pangeatacticalandoutdoors.com\/index.php\/wp-json\/wp\/v2\/comments?post=3813"}],"wp:featuredmedia":[{"embeddable":true,"href":"https:\/\/pangeatacticalandoutdoors.com\/index.php\/wp-json\/wp\/v2\/media\/3816"}],"wp:attachment":[{"href":"https:\/\/pangeatacticalandoutdoors.com\/index.php\/wp-json\/wp\/v2\/media?parent=3813"}],"wp:term":[{"taxonomy":"product_cat","embeddable":true,"href":"https:\/\/pangeatacticalandoutdoors.com\/index.php\/wp-json\/wp\/v2\/product_cat?post=3813"},{"taxonomy":"product_tag","embeddable":true,"href":"https:\/\/pangeatacticalandoutdoors.com\/index.php\/wp-json\/wp\/v2\/product_tag?post=3813"}],"curies":[{"name":"wp","href":"https:\/\/api.w.org\/{rel}","templated":true}]}}