{"id":3803,"date":"2021-11-05T17:27:01","date_gmt":"2021-11-05T23:27:01","guid":{"rendered":"https:\/\/pangeatacticalandoutdoors.com\/?post_type=product&#038;p=3803"},"modified":"2023-12-01T16:20:40","modified_gmt":"2023-12-01T22:20:40","slug":"camcon-body-veil","status":"publish","type":"product","link":"https:\/\/pangeatacticalandoutdoors.com\/index.php\/producto\/camcon-body-veil\/","title":{"rendered":"CAMCON-BODY VEIL"},"content":{"rendered":"<p><em>El CAMCON\u00ae Body Veil se bas\u00f3 en nuestro popular Face Veil. Surgi\u00f3 de las solicitudes que recibimos de los usuarios finales para una versi\u00f3n m\u00e1s grande de Face Veil. El CAMCON\u00ae Body Veil no solo ayuda a ocultar y romper el patr\u00f3n de un individuo, sino que tambi\u00e9n se puede usar para ayudar a ocultar y romper el contorno de equipo m\u00e1s grande como una mochila, estuche de armas, etc.<\/em><\/p>\n<h6>CATACTER\u00cdSTICAS:<\/h6>\n<ul>\n<li>PESO: 8 onzas (227 g)<\/li>\n<li>DIMENSIONES: 45 x 72 pulgadas (114 x 183 cm)<\/li>\n<li>MATERIAL: 100% algod\u00f3n<\/li>\n<\/ul>\n","protected":false},"excerpt":{"rendered":"<p>El CAMCON\u00ae Body Veil se bas\u00f3 en nuestro popular Face Veil. Surgi\u00f3 de las solicitudes que recibimos de los usuarios finales para una versi\u00f3n m\u00e1s grande de Face Veil. El CAMCON\u00ae Body Veil no solo ayuda a ocultar y romper el patr\u00f3n de un individuo, sino que tambi\u00e9n se puede usar para ayudar a ocultar &hellip;<\/p>\n<p class=\"read-more\"> <a class=\"\" href=\"https:\/\/pangeatacticalandoutdoors.com\/index.php\/producto\/camcon-body-veil\/\"> <span class=\"screen-reader-text\">CAMCON-BODY VEIL<\/span> Leer m\u00e1s &raquo;<\/a><\/p>\n","protected":false},"featured_media":3808,"comment_status":"open","ping_status":"closed","template":"","meta":{"site-sidebar-layout":"default","site-content-layout":"default","ast-global-header-display":"","ast-main-header-display":"","ast-hfb-above-header-display":"","ast-hfb-below-header-display":"","ast-hfb-mobile-header-display":"","site-post-title":"","ast-breadcrumbs-content":"","ast-featured-img":"","footer-sml-layout":"","theme-transparent-header-meta":"default","adv-header-id-meta":"","stick-header-meta":"","header-above-stick-meta":"","header-main-stick-meta":"","header-below-stick-meta":""},"product_cat":[88,190],"product_tag":[],"class_list":["post-3803","product","type-product","status-publish","has-post-thumbnail","hentry","product_cat-campismo","product_cat-velos"],"jetpack_sharing_enabled":true,"_links":{"self":[{"href":"https:\/\/pangeatacticalandoutdoors.com\/index.php\/wp-json\/wp\/v2\/product\/3803","targetHints":{"allow":["GET"]}}],"collection":[{"href":"https:\/\/pangeatacticalandoutdoors.com\/index.php\/wp-json\/wp\/v2\/product"}],"about":[{"href":"https:\/\/pangeatacticalandoutdoors.com\/index.php\/wp-json\/wp\/v2\/types\/product"}],"replies":[{"embeddable":true,"href":"https:\/\/pangeatacticalandoutdoors.com\/index.php\/wp-json\/wp\/v2\/comments?post=3803"}],"wp:featuredmedia":[{"embeddable":true,"href":"https:\/\/pangeatacticalandoutdoors.com\/index.php\/wp-json\/wp\/v2\/media\/3808"}],"wp:attachment":[{"href":"https:\/\/pangeatacticalandoutdoors.com\/index.php\/wp-json\/wp\/v2\/media?parent=3803"}],"wp:term":[{"taxonomy":"product_cat","embeddable":true,"href":"https:\/\/pangeatacticalandoutdoors.com\/index.php\/wp-json\/wp\/v2\/product_cat?post=3803"},{"taxonomy":"product_tag","embeddable":true,"href":"https:\/\/pangeatacticalandoutdoors.com\/index.php\/wp-json\/wp\/v2\/product_tag?post=3803"}],"curies":[{"name":"wp","href":"https:\/\/api.w.org\/{rel}","templated":true}]}}