{"id":3800,"date":"2021-11-05T17:05:08","date_gmt":"2021-11-05T23:05:08","guid":{"rendered":"https:\/\/pangeatacticalandoutdoors.com\/?post_type=product&#038;p=3800"},"modified":"2022-10-24T13:32:58","modified_gmt":"2022-10-24T18:32:58","slug":"camcon-face-veil","status":"publish","type":"product","link":"https:\/\/pangeatacticalandoutdoors.com\/index.php\/producto\/camcon-face-veil\/","title":{"rendered":"CAMCON-FACE VEIL"},"content":{"rendered":"<p><em>Los velos faciales Camcon\u00ae se utilizan principalmente para retener el calor en el fr\u00edo y absorben el sudor en condiciones de calor cuando se usan alrededor del cuello. Puede utilizar el velo facial para otros usos, como la ocultaci\u00f3n de armas y equipos, as\u00ed como sobre la cara para la ocultaci\u00f3n. Est\u00e1n hechos de 100% algod\u00f3n.<\/em><\/p>\n<h6>CARACTER\u00cdSTICAS:<\/h6>\n<ul>\n<li>Peso: 4 oz (113 g)<\/li>\n<li>Dimensiones: 48 x 40 pulgadas (122 x 102 cm)<\/li>\n<li>Material: 100% algod\u00f3n<\/li>\n<\/ul>\n","protected":false},"excerpt":{"rendered":"<p>Los velos faciales Camcon\u00ae se utilizan principalmente para retener el calor en el fr\u00edo y absorben el sudor en condiciones de calor cuando se usan alrededor del cuello. Puede utilizar el velo facial para otros usos, como la ocultaci\u00f3n de armas y equipos, as\u00ed como sobre la cara para la ocultaci\u00f3n. Est\u00e1n hechos de 100% &hellip;<\/p>\n<p class=\"read-more\"> <a class=\"\" href=\"https:\/\/pangeatacticalandoutdoors.com\/index.php\/producto\/camcon-face-veil\/\"> <span class=\"screen-reader-text\">CAMCON-FACE VEIL<\/span> Leer m\u00e1s &raquo;<\/a><\/p>\n","protected":false},"featured_media":3801,"comment_status":"open","ping_status":"closed","template":"","meta":{"site-sidebar-layout":"default","site-content-layout":"default","ast-global-header-display":"","ast-main-header-display":"","ast-hfb-above-header-display":"","ast-hfb-below-header-display":"","ast-hfb-mobile-header-display":"","site-post-title":"","ast-breadcrumbs-content":"","ast-featured-img":"","footer-sml-layout":"","theme-transparent-header-meta":"default","adv-header-id-meta":"","stick-header-meta":"","header-above-stick-meta":"","header-main-stick-meta":"","header-below-stick-meta":""},"product_cat":[88,190],"product_tag":[],"class_list":["post-3800","product","type-product","status-publish","has-post-thumbnail","hentry","product_cat-campismo","product_cat-velos"],"jetpack_sharing_enabled":true,"_links":{"self":[{"href":"https:\/\/pangeatacticalandoutdoors.com\/index.php\/wp-json\/wp\/v2\/product\/3800","targetHints":{"allow":["GET"]}}],"collection":[{"href":"https:\/\/pangeatacticalandoutdoors.com\/index.php\/wp-json\/wp\/v2\/product"}],"about":[{"href":"https:\/\/pangeatacticalandoutdoors.com\/index.php\/wp-json\/wp\/v2\/types\/product"}],"replies":[{"embeddable":true,"href":"https:\/\/pangeatacticalandoutdoors.com\/index.php\/wp-json\/wp\/v2\/comments?post=3800"}],"wp:featuredmedia":[{"embeddable":true,"href":"https:\/\/pangeatacticalandoutdoors.com\/index.php\/wp-json\/wp\/v2\/media\/3801"}],"wp:attachment":[{"href":"https:\/\/pangeatacticalandoutdoors.com\/index.php\/wp-json\/wp\/v2\/media?parent=3800"}],"wp:term":[{"taxonomy":"product_cat","embeddable":true,"href":"https:\/\/pangeatacticalandoutdoors.com\/index.php\/wp-json\/wp\/v2\/product_cat?post=3800"},{"taxonomy":"product_tag","embeddable":true,"href":"https:\/\/pangeatacticalandoutdoors.com\/index.php\/wp-json\/wp\/v2\/product_tag?post=3800"}],"curies":[{"name":"wp","href":"https:\/\/api.w.org\/{rel}","templated":true}]}}