{"id":3763,"date":"2021-11-05T16:16:24","date_gmt":"2021-11-05T22:16:24","guid":{"rendered":"https:\/\/pangeatacticalandoutdoors.com\/?post_type=product&#038;p=3763"},"modified":"2025-11-10T15:12:28","modified_gmt":"2025-11-10T21:12:28","slug":"camcon-shemagh","status":"publish","type":"product","link":"https:\/\/pangeatacticalandoutdoors.com\/index.php\/producto\/camcon-shemagh\/","title":{"rendered":"CAMCON-SHEMAGH"},"content":{"rendered":"<p><em>El Camcon\u00ae Shemagh, tambi\u00e9n conocido como keffiyeh, es un cubrecabeza envolvente que es esencial para proteger los ojos, la nariz, la boca y el cuello del sol, el viento y la arena. Los m\u00e9todos para usar el shemagh var\u00edan, pero envolver la bufanda alrededor de la cabeza y la cara brinda una protecci\u00f3n \u00f3ptima contra los elementos. Este simple trozo de tela es tan pr\u00e1ctico que las Fuerzas Especiales de EE. UU., Australia, Gran Breta\u00f1a, Irlanda y Tailandia emiten un Shemagh a sus tropas. Confeccionado en 100% algod\u00f3n.<\/em><\/p>\n<h6>CARACTER\u00cdSTICAS:<\/h6>\n<ul>\n<li>Peso: 6 oz (170 g)<\/li>\n<li>Dimensiones: 44 x 44 pulgadas (112 x 112 cm)<\/li>\n<li>Material: 100% algod\u00f3n<\/li>\n<\/ul>\n","protected":false},"excerpt":{"rendered":"<p>El Camcon\u00ae Shemagh, tambi\u00e9n conocido como keffiyeh, es un cubrecabeza envolvente que es esencial para proteger los ojos, la nariz, la boca y el cuello del sol, el viento y la arena. Los m\u00e9todos para usar el shemagh var\u00edan, pero envolver la bufanda alrededor de la cabeza y la cara brinda una protecci\u00f3n \u00f3ptima contra &hellip;<\/p>\n<p class=\"read-more\"> <a class=\"\" href=\"https:\/\/pangeatacticalandoutdoors.com\/index.php\/producto\/camcon-shemagh\/\"> <span class=\"screen-reader-text\">CAMCON-SHEMAGH<\/span> Leer m\u00e1s &raquo;<\/a><\/p>\n","protected":false},"featured_media":3774,"comment_status":"open","ping_status":"closed","template":"","meta":{"site-sidebar-layout":"default","site-content-layout":"default","ast-global-header-display":"","ast-main-header-display":"","ast-hfb-above-header-display":"","ast-hfb-below-header-display":"","ast-hfb-mobile-header-display":"","site-post-title":"","ast-breadcrumbs-content":"","ast-featured-img":"","footer-sml-layout":"","theme-transparent-header-meta":"default","adv-header-id-meta":"","stick-header-meta":"","header-above-stick-meta":"","header-main-stick-meta":"","header-below-stick-meta":""},"product_cat":[88,186],"product_tag":[],"class_list":["post-3763","product","type-product","status-publish","has-post-thumbnail","hentry","product_cat-campismo","product_cat-shemaghs-keffiyeh"],"jetpack_sharing_enabled":true,"_links":{"self":[{"href":"https:\/\/pangeatacticalandoutdoors.com\/index.php\/wp-json\/wp\/v2\/product\/3763","targetHints":{"allow":["GET"]}}],"collection":[{"href":"https:\/\/pangeatacticalandoutdoors.com\/index.php\/wp-json\/wp\/v2\/product"}],"about":[{"href":"https:\/\/pangeatacticalandoutdoors.com\/index.php\/wp-json\/wp\/v2\/types\/product"}],"replies":[{"embeddable":true,"href":"https:\/\/pangeatacticalandoutdoors.com\/index.php\/wp-json\/wp\/v2\/comments?post=3763"}],"wp:featuredmedia":[{"embeddable":true,"href":"https:\/\/pangeatacticalandoutdoors.com\/index.php\/wp-json\/wp\/v2\/media\/3774"}],"wp:attachment":[{"href":"https:\/\/pangeatacticalandoutdoors.com\/index.php\/wp-json\/wp\/v2\/media?parent=3763"}],"wp:term":[{"taxonomy":"product_cat","embeddable":true,"href":"https:\/\/pangeatacticalandoutdoors.com\/index.php\/wp-json\/wp\/v2\/product_cat?post=3763"},{"taxonomy":"product_tag","embeddable":true,"href":"https:\/\/pangeatacticalandoutdoors.com\/index.php\/wp-json\/wp\/v2\/product_tag?post=3763"}],"curies":[{"name":"wp","href":"https:\/\/api.w.org\/{rel}","templated":true}]}}