{"id":3749,"date":"2021-11-04T18:16:59","date_gmt":"2021-11-05T00:16:59","guid":{"rendered":"https:\/\/pangeatacticalandoutdoors.com\/?post_type=product&#038;p=3749"},"modified":"2026-02-12T11:27:14","modified_gmt":"2026-02-12T17:27:14","slug":"5-11-competition-shooting-glove-modelo-59372","status":"publish","type":"product","link":"https:\/\/pangeatacticalandoutdoors.com\/index.php\/producto\/5-11-competition-shooting-glove-modelo-59372\/","title":{"rendered":"5.11 COMPETITION SHOOTING GLOVE  MODELO 59372"},"content":{"rendered":"<p><em>El guante de tiro de competici\u00f3n 5.11\u00ae est\u00e1 dise\u00f1ado para brindar la m\u00e1xima destreza, transpirabilidad y flexibilidad mientras lleva sus habilidades de entrenamiento al siguiente nivel. Tres dedos conductores le permiten utilizar sus dispositivos de pantalla t\u00e1ctil sin quitarse los guantes.<\/em><\/p>\n<h6>CARACTER\u00cdSTICAS:<\/h6>\n<ul>\n<li>Palma de gamuza sint\u00e9tica ventilada con dedos pulgar, \u00edndice y medio compatibles con pantalla t\u00e1ctil<\/li>\n<li>Top transpirable el\u00e1stico en 4 direcciones<\/li>\n<li>Nudillos acolchados y transpirables junto con los nudillos de los dedos \u00edndice y medio<\/li>\n<li>Cierre de mu\u00f1eca ajustable con velcro<\/li>\n<li>Panel de limpieza para el sudor en el pulgar<\/li>\n<li>Tirador de correas \/ bucle de suspensi\u00f3n<\/li>\n<li>Cumple con TAA<\/li>\n<li>EN388: 2016-2 0 2 1 X<\/li>\n<\/ul>\n","protected":false},"excerpt":{"rendered":"<p>El guante de tiro de competici\u00f3n 5.11\u00ae est\u00e1 dise\u00f1ado para brindar la m\u00e1xima destreza, transpirabilidad y flexibilidad mientras lleva sus habilidades de entrenamiento al siguiente nivel. Tres dedos conductores le permiten utilizar sus dispositivos de pantalla t\u00e1ctil sin quitarse los guantes. CARACTER\u00cdSTICAS: Palma de gamuza sint\u00e9tica ventilada con dedos pulgar, \u00edndice y medio compatibles con &hellip;<\/p>\n<p class=\"read-more\"> <a class=\"\" href=\"https:\/\/pangeatacticalandoutdoors.com\/index.php\/producto\/5-11-competition-shooting-glove-modelo-59372\/\"> <span class=\"screen-reader-text\">5.11 COMPETITION SHOOTING GLOVE  MODELO 59372<\/span> Leer m\u00e1s &raquo;<\/a><\/p>\n","protected":false},"featured_media":3755,"comment_status":"open","ping_status":"closed","template":"","meta":{"site-sidebar-layout":"default","site-content-layout":"default","ast-global-header-display":"","ast-main-header-display":"","ast-hfb-above-header-display":"","ast-hfb-below-header-display":"","ast-hfb-mobile-header-display":"","site-post-title":"","ast-breadcrumbs-content":"","ast-featured-img":"","footer-sml-layout":"","theme-transparent-header-meta":"default","adv-header-id-meta":"","stick-header-meta":"","header-above-stick-meta":"","header-main-stick-meta":"","header-below-stick-meta":""},"product_cat":[90,143],"product_tag":[],"class_list":["post-3749","product","type-product","status-publish","has-post-thumbnail","hentry","product_cat-accesorios","product_cat-guantes"],"jetpack_sharing_enabled":true,"_links":{"self":[{"href":"https:\/\/pangeatacticalandoutdoors.com\/index.php\/wp-json\/wp\/v2\/product\/3749","targetHints":{"allow":["GET"]}}],"collection":[{"href":"https:\/\/pangeatacticalandoutdoors.com\/index.php\/wp-json\/wp\/v2\/product"}],"about":[{"href":"https:\/\/pangeatacticalandoutdoors.com\/index.php\/wp-json\/wp\/v2\/types\/product"}],"replies":[{"embeddable":true,"href":"https:\/\/pangeatacticalandoutdoors.com\/index.php\/wp-json\/wp\/v2\/comments?post=3749"}],"wp:featuredmedia":[{"embeddable":true,"href":"https:\/\/pangeatacticalandoutdoors.com\/index.php\/wp-json\/wp\/v2\/media\/3755"}],"wp:attachment":[{"href":"https:\/\/pangeatacticalandoutdoors.com\/index.php\/wp-json\/wp\/v2\/media?parent=3749"}],"wp:term":[{"taxonomy":"product_cat","embeddable":true,"href":"https:\/\/pangeatacticalandoutdoors.com\/index.php\/wp-json\/wp\/v2\/product_cat?post=3749"},{"taxonomy":"product_tag","embeddable":true,"href":"https:\/\/pangeatacticalandoutdoors.com\/index.php\/wp-json\/wp\/v2\/product_tag?post=3749"}],"curies":[{"name":"wp","href":"https:\/\/api.w.org\/{rel}","templated":true}]}}