{"id":3740,"date":"2021-11-04T14:31:42","date_gmt":"2021-11-04T20:31:42","guid":{"rendered":"https:\/\/pangeatacticalandoutdoors.com\/?post_type=product&#038;p=3740"},"modified":"2022-12-23T16:53:29","modified_gmt":"2022-12-23T22:53:29","slug":"snugpak-geogrip-gloves","status":"publish","type":"product","link":"https:\/\/pangeatacticalandoutdoors.com\/index.php\/producto\/snugpak-geogrip-gloves\/","title":{"rendered":"SNUGPAK-GEOGRIP GLOVES"},"content":{"rendered":"<p><em>Guante de actividad t\u00e9rmica resistente al agua, una excelente opci\u00f3n para tenerlo cerca cuando viaja. Con sistema de agarre de goma para dedos y palma para una m\u00e1xima destreza y una vida \u00fatil m\u00e1s larga. La construcci\u00f3n liviana del guante de neopreno facilita un mejor agarre y una experiencia t\u00e1ctica mejorada, lo que le permite manipular y operar art\u00edculos con facilidad. El tejido de neopreno resistente al agua significa que puede usarlo incluso cuando est\u00e1 mojado y ayuda al tiempo de secado. Neopreno el\u00e1stico con pu\u00f1o ajustado.<\/em><\/p>\n<h6>CARACTER\u00cdSTICAS:<\/h6>\n<ul>\n<li>Sistema de agarre de goma para dedos y palma<\/li>\n<li>Tejido de neopreno resistente al agua<\/li>\n<li>Pu\u00f1o ajustado<\/li>\n<\/ul>\n<h6>PESO:<\/h6>\n<ul>\n<li>SM \/ MD 2,8 oz (79 g)<\/li>\n<li>LG \/ XL 3 oz (85 g)<\/li>\n<\/ul>\n","protected":false},"excerpt":{"rendered":"<p>Guante de actividad t\u00e9rmica resistente al agua, una excelente opci\u00f3n para tenerlo cerca cuando viaja. Con sistema de agarre de goma para dedos y palma para una m\u00e1xima destreza y una vida \u00fatil m\u00e1s larga. La construcci\u00f3n liviana del guante de neopreno facilita un mejor agarre y una experiencia t\u00e1ctica mejorada, lo que le permite &hellip;<\/p>\n<p class=\"read-more\"> <a class=\"\" href=\"https:\/\/pangeatacticalandoutdoors.com\/index.php\/producto\/snugpak-geogrip-gloves\/\"> <span class=\"screen-reader-text\">SNUGPAK-GEOGRIP GLOVES<\/span> Leer m\u00e1s &raquo;<\/a><\/p>\n","protected":false},"featured_media":3744,"comment_status":"open","ping_status":"closed","template":"","meta":{"site-sidebar-layout":"default","site-content-layout":"default","ast-global-header-display":"","ast-main-header-display":"","ast-hfb-above-header-display":"","ast-hfb-below-header-display":"","ast-hfb-mobile-header-display":"","site-post-title":"","ast-breadcrumbs-content":"","ast-featured-img":"","footer-sml-layout":"","theme-transparent-header-meta":"default","adv-header-id-meta":"","stick-header-meta":"","header-above-stick-meta":"","header-main-stick-meta":"","header-below-stick-meta":""},"product_cat":[90,143],"product_tag":[],"class_list":["post-3740","product","type-product","status-publish","has-post-thumbnail","hentry","product_cat-accesorios","product_cat-guantes"],"jetpack_sharing_enabled":true,"_links":{"self":[{"href":"https:\/\/pangeatacticalandoutdoors.com\/index.php\/wp-json\/wp\/v2\/product\/3740","targetHints":{"allow":["GET"]}}],"collection":[{"href":"https:\/\/pangeatacticalandoutdoors.com\/index.php\/wp-json\/wp\/v2\/product"}],"about":[{"href":"https:\/\/pangeatacticalandoutdoors.com\/index.php\/wp-json\/wp\/v2\/types\/product"}],"replies":[{"embeddable":true,"href":"https:\/\/pangeatacticalandoutdoors.com\/index.php\/wp-json\/wp\/v2\/comments?post=3740"}],"wp:featuredmedia":[{"embeddable":true,"href":"https:\/\/pangeatacticalandoutdoors.com\/index.php\/wp-json\/wp\/v2\/media\/3744"}],"wp:attachment":[{"href":"https:\/\/pangeatacticalandoutdoors.com\/index.php\/wp-json\/wp\/v2\/media?parent=3740"}],"wp:term":[{"taxonomy":"product_cat","embeddable":true,"href":"https:\/\/pangeatacticalandoutdoors.com\/index.php\/wp-json\/wp\/v2\/product_cat?post=3740"},{"taxonomy":"product_tag","embeddable":true,"href":"https:\/\/pangeatacticalandoutdoors.com\/index.php\/wp-json\/wp\/v2\/product_tag?post=3740"}],"curies":[{"name":"wp","href":"https:\/\/api.w.org\/{rel}","templated":true}]}}