{"id":3707,"date":"2021-11-04T13:47:15","date_gmt":"2021-11-04T19:47:15","guid":{"rendered":"https:\/\/pangeatacticalandoutdoors.com\/?post_type=product&#038;p=3707"},"modified":"2022-03-19T12:56:13","modified_gmt":"2022-03-19T18:56:13","slug":"snugpak-hammock-net","status":"publish","type":"product","link":"https:\/\/pangeatacticalandoutdoors.com\/index.php\/producto\/snugpak-hammock-net\/","title":{"rendered":"SNUGPAK-HAMMOCK NET"},"content":{"rendered":"<p><em>La hamaca de la jungla es excelente cuando necesita protecci\u00f3n contra los insectos que pican, pero no quiere llevar una tienda de campa\u00f1a o una red separada. La hamaca tiene todos los beneficios de nuestra hamaca tropical, pero con una mosquitera incorporada. Robusta, confiable y sencilla, esta hamaca es la soluci\u00f3n perfecta para una noche de sue\u00f1o reparador cuando est\u00e1s en el bosque o en la jungla.<\/em><\/p>\n<h6>CARACTER\u00cdSTICAS:<\/h6>\n<ul>\n<li>Sistema de fijaci\u00f3n de suspensi\u00f3n: hecho de paracord &#8220;550&#8221; con nudos espaciados para permitir varios<\/li>\n<li>puntos de fijaci\u00f3n y distancias del \u00e1rbol.<\/li>\n<li>Se suministra con dos cuerdas de sujeci\u00f3n del sistema de sujeci\u00f3n, 3 metros \/ 10 pies<\/li>\n<li>Se suministra con cuatro tensores el\u00e1sticos de 4 metros \/ 13 pies<\/li>\n<li>Dos protectores de \u00e1rboles incluidos.<\/li>\n<li>Se suministra con dos mosquetones de acero para sujetarlo f\u00e1cilmente al sistema de fijaci\u00f3n de suspensi\u00f3n.<\/li>\n<li>Saco de cosas aut\u00f3nomo<\/li>\n<li>Material de la hamaca : Fabricado con un material 100% nailon para que esta hamaca sea ligera y resistente.<\/li>\n<li>Mosquitera incorporada: poli\u00e9ster 20D con malla de 1000 por pulgada cuadrada, para evitar que los<\/li>\n<li>insectos perturben su sue\u00f1o<\/li>\n<li>Peso: 900 g \/ 32 oz (incluye hamaca, mosquetones, sistema de suspensi\u00f3n y protectores de \u00e1rboles)<\/li>\n<li>Dimensiones: 275cm x 135cm \/ 108 &#8220;x 53&#8221;<\/li>\n<li>Peso m\u00e1ximo del usuario: 180 kg \/ 400 libras<\/li>\n<li>Origen: importado<\/li>\n<\/ul>\n","protected":false},"excerpt":{"rendered":"<p>La hamaca de la jungla es excelente cuando necesita protecci\u00f3n contra los insectos que pican, pero no quiere llevar una tienda de campa\u00f1a o una red separada. La hamaca tiene todos los beneficios de nuestra hamaca tropical, pero con una mosquitera incorporada. Robusta, confiable y sencilla, esta hamaca es la soluci\u00f3n perfecta para una noche &hellip;<\/p>\n<p class=\"read-more\"> <a class=\"\" href=\"https:\/\/pangeatacticalandoutdoors.com\/index.php\/producto\/snugpak-hammock-net\/\"> <span class=\"screen-reader-text\">SNUGPAK-HAMMOCK NET<\/span> Leer m\u00e1s &raquo;<\/a><\/p>\n","protected":false},"featured_media":3708,"comment_status":"open","ping_status":"closed","template":"","meta":{"site-sidebar-layout":"default","site-content-layout":"default","ast-global-header-display":"","ast-main-header-display":"","ast-hfb-above-header-display":"","ast-hfb-below-header-display":"","ast-hfb-mobile-header-display":"","site-post-title":"","ast-breadcrumbs-content":"","ast-featured-img":"","footer-sml-layout":"","theme-transparent-header-meta":"default","adv-header-id-meta":"","stick-header-meta":"","header-above-stick-meta":"","header-main-stick-meta":"","header-below-stick-meta":""},"product_cat":[150,88],"product_tag":[],"class_list":["post-3707","product","type-product","status-publish","has-post-thumbnail","hentry","product_cat-hamacas-y-accesorios","product_cat-campismo"],"jetpack_sharing_enabled":true,"_links":{"self":[{"href":"https:\/\/pangeatacticalandoutdoors.com\/index.php\/wp-json\/wp\/v2\/product\/3707","targetHints":{"allow":["GET"]}}],"collection":[{"href":"https:\/\/pangeatacticalandoutdoors.com\/index.php\/wp-json\/wp\/v2\/product"}],"about":[{"href":"https:\/\/pangeatacticalandoutdoors.com\/index.php\/wp-json\/wp\/v2\/types\/product"}],"replies":[{"embeddable":true,"href":"https:\/\/pangeatacticalandoutdoors.com\/index.php\/wp-json\/wp\/v2\/comments?post=3707"}],"wp:featuredmedia":[{"embeddable":true,"href":"https:\/\/pangeatacticalandoutdoors.com\/index.php\/wp-json\/wp\/v2\/media\/3708"}],"wp:attachment":[{"href":"https:\/\/pangeatacticalandoutdoors.com\/index.php\/wp-json\/wp\/v2\/media?parent=3707"}],"wp:term":[{"taxonomy":"product_cat","embeddable":true,"href":"https:\/\/pangeatacticalandoutdoors.com\/index.php\/wp-json\/wp\/v2\/product_cat?post=3707"},{"taxonomy":"product_tag","embeddable":true,"href":"https:\/\/pangeatacticalandoutdoors.com\/index.php\/wp-json\/wp\/v2\/product_tag?post=3707"}],"curies":[{"name":"wp","href":"https:\/\/api.w.org\/{rel}","templated":true}]}}