{"id":3693,"date":"2021-11-04T13:24:33","date_gmt":"2021-11-04T19:24:33","guid":{"rendered":"https:\/\/pangeatacticalandoutdoors.com\/?post_type=product&#038;p=3693"},"modified":"2024-01-25T14:50:49","modified_gmt":"2024-01-25T20:50:49","slug":"snugpak-jungle-bag-black-right-side-zip","status":"publish","type":"product","link":"https:\/\/pangeatacticalandoutdoors.com\/index.php\/producto\/snugpak-jungle-bag-black-right-side-zip\/","title":{"rendered":"SNUGPAK-JUNGLE BAG RIGHT SIDE ZIP"},"content":{"rendered":"<p><em>\u00a1Un saco de dormir para condiciones tropicales que es m\u00e1s peque\u00f1o que un coco! Cuando hace calor y hay humedad afuera, y los insectos que pican llenan el cielo nocturno, necesitas un saco de dormir de alto rendimiento que te cuide. Hemos dise\u00f1ado el Jungle Bag con el peso justo de aislamiento Travelsoft para que se sienta c\u00f3modo, y hemos agregado una mosquitera enrollable que se puede cerrar con cremallera sobre la cara, sellando el saco de dormir de todo tipo de insectos que pican.<\/em><\/p>\n<p><em>Su forma cuadrada significa que se puede abrir en una colcha para mayor versatilidad, y su tama\u00f1o de paquete comprimido incre\u00edblemente peque\u00f1o lo hace perfecto para viajar.<\/em><\/p>\n<p><em>El Jungle Bag es la soluci\u00f3n perfecta para una noche de sue\u00f1o reparador cuando est\u00e1s en los tr\u00f3picos.<\/em><\/p>\n<h6>CARACTER\u00cdSTICAS:<\/h6>\n<ul>\n<li>Las telas antibacterianas detienen los olores cuando est\u00e1s en movimiento<\/li>\n<li>Capucha ajustable con cord\u00f3n el\u00e1stico<\/li>\n<li>Presillas el\u00e1sticas para el pulgar<\/li>\n<li>Una talla le queda a la mayor\u00eda<\/li>\n<li>Se suministra con una bolsa de material de compresi\u00f3n para facilitar el transporte compacto.<\/li>\n<li>\u00daselo con nuestro poncho de patrulla mejorado para volverse impermeable<\/li>\n<li>Tejidos y aislamiento<\/li>\n<li>Tejido exterior: Micro diamante , 100% poli\u00e9ster<\/li>\n<li>Tejido interior: Paratex antibacteriano , 100% poli\u00e9ster<\/li>\n<li>Aislamiento: Travelsoft , 100% poli\u00e9ster<\/li>\n<li>Peso: 950 g \/ 34 oz<\/li>\n<li>Tama\u00f1o del paquete: 18 cm x 15 cm \/ 7 &#8220;x 6&#8221;<\/li>\n<li>Ajuste: ajuste de gran tama\u00f1o<\/li>\n<li>Origen: importado<\/li>\n<\/ul>\n<p>&nbsp;<\/p>\n","protected":false},"excerpt":{"rendered":"<p>\u00a1Un saco de dormir para condiciones tropicales que es m\u00e1s peque\u00f1o que un coco! Cuando hace calor y hay humedad afuera, y los insectos que pican llenan el cielo nocturno, necesitas un saco de dormir de alto rendimiento que te cuide. Hemos dise\u00f1ado el Jungle Bag con el peso justo de aislamiento Travelsoft para que &hellip;<\/p>\n<p class=\"read-more\"> <a class=\"\" href=\"https:\/\/pangeatacticalandoutdoors.com\/index.php\/producto\/snugpak-jungle-bag-black-right-side-zip\/\"> <span class=\"screen-reader-text\">SNUGPAK-JUNGLE BAG RIGHT SIDE ZIP<\/span> Leer m\u00e1s &raquo;<\/a><\/p>\n","protected":false},"featured_media":6090,"comment_status":"open","ping_status":"closed","template":"","meta":{"site-sidebar-layout":"default","site-content-layout":"default","ast-global-header-display":"","ast-main-header-display":"","ast-hfb-above-header-display":"","ast-hfb-below-header-display":"","ast-hfb-mobile-header-display":"","site-post-title":"","ast-breadcrumbs-content":"","ast-featured-img":"","footer-sml-layout":"","theme-transparent-header-meta":"default","adv-header-id-meta":"","stick-header-meta":"","header-above-stick-meta":"","header-main-stick-meta":"","header-below-stick-meta":""},"product_cat":[169,88],"product_tag":[],"class_list":["post-3693","product","type-product","status-publish","has-post-thumbnail","hentry","product_cat-mantas-y-accesorios","product_cat-campismo"],"jetpack_sharing_enabled":true,"_links":{"self":[{"href":"https:\/\/pangeatacticalandoutdoors.com\/index.php\/wp-json\/wp\/v2\/product\/3693","targetHints":{"allow":["GET"]}}],"collection":[{"href":"https:\/\/pangeatacticalandoutdoors.com\/index.php\/wp-json\/wp\/v2\/product"}],"about":[{"href":"https:\/\/pangeatacticalandoutdoors.com\/index.php\/wp-json\/wp\/v2\/types\/product"}],"replies":[{"embeddable":true,"href":"https:\/\/pangeatacticalandoutdoors.com\/index.php\/wp-json\/wp\/v2\/comments?post=3693"}],"wp:featuredmedia":[{"embeddable":true,"href":"https:\/\/pangeatacticalandoutdoors.com\/index.php\/wp-json\/wp\/v2\/media\/6090"}],"wp:attachment":[{"href":"https:\/\/pangeatacticalandoutdoors.com\/index.php\/wp-json\/wp\/v2\/media?parent=3693"}],"wp:term":[{"taxonomy":"product_cat","embeddable":true,"href":"https:\/\/pangeatacticalandoutdoors.com\/index.php\/wp-json\/wp\/v2\/product_cat?post=3693"},{"taxonomy":"product_tag","embeddable":true,"href":"https:\/\/pangeatacticalandoutdoors.com\/index.php\/wp-json\/wp\/v2\/product_tag?post=3693"}],"curies":[{"name":"wp","href":"https:\/\/api.w.org\/{rel}","templated":true}]}}