{"id":3677,"date":"2021-11-03T17:12:25","date_gmt":"2021-11-03T23:12:25","guid":{"rendered":"https:\/\/pangeatacticalandoutdoors.com\/?post_type=product&#038;p=3677"},"modified":"2022-06-24T17:38:14","modified_gmt":"2022-06-24T22:38:14","slug":"snugpak-snugnut","status":"publish","type":"product","link":"https:\/\/pangeatacticalandoutdoors.com\/index.php\/producto\/snugpak-snugnut\/","title":{"rendered":"SNUGPAK-SNUGNUT"},"content":{"rendered":"<p><em>\u00a1Un sombrero que es ideal para caminar al aire libre, realizar actividades, trabajar y dormir! Se beneficia del mismo tejido de alto rendimiento que los sacos de dormir de Snugpak. Con su estilo de &#8216;acechador de ciervos&#8217;, le brinda la opci\u00f3n de mayor calidez y protecci\u00f3n contra los elementos al soltar las secciones laterales para cubrir las orejas.<\/em><br \/>\n<em>Al ser excepcionalmente liviano y poder colocarse en su paquete cuando no es necesario, significa que esto es una necesidad cuando se trata de su equipo. Cuando est\u00e1s de campamento, es lo \u00faltimo en estilo diurno y sombreros c\u00f3modos para la noche para evitar los escalofr\u00edos.<\/em><\/p>\n<h6>CARACTER\u00cdSTICAS:<\/h6>\n<ul>\n<li>Softie Premier con aislamiento para suavidad , calidez y comodidad.<\/li>\n<li>Fabricado en el Reino Unido . Apoye la fabricaci\u00f3n brit\u00e1nica y disfrute de una calidad brit\u00e1nica superior<\/li>\n<li>Mide hasta el tama\u00f1o de la cabeza 64cm<\/li>\n<li>Tejido exterior: Paratex Light , 100% nailon<\/li>\n<li>Tejido exterior 2: Multicam , 100% nailon<\/li>\n<li>Tejido interior: TS1 , 100% poli\u00e9ster<\/li>\n<li>Aislamiento: Softie\u00ae Premier , 100% poli\u00e9ster<\/li>\n<\/ul>\n<h6>Peso: 120 g \/ 4 oz<br \/>\nOrigen: fabricado en el Reino Unido<br \/>\nTama\u00f1os disponibles: talla \u00fanica<\/h6>\n","protected":false},"excerpt":{"rendered":"<p>\u00a1Un sombrero que es ideal para caminar al aire libre, realizar actividades, trabajar y dormir! Se beneficia del mismo tejido de alto rendimiento que los sacos de dormir de Snugpak. Con su estilo de &#8216;acechador de ciervos&#8217;, le brinda la opci\u00f3n de mayor calidez y protecci\u00f3n contra los elementos al soltar las secciones laterales para &hellip;<\/p>\n<p class=\"read-more\"> <a class=\"\" href=\"https:\/\/pangeatacticalandoutdoors.com\/index.php\/producto\/snugpak-snugnut\/\"> <span class=\"screen-reader-text\">SNUGPAK-SNUGNUT<\/span> Leer m\u00e1s &raquo;<\/a><\/p>\n","protected":false},"featured_media":3680,"comment_status":"open","ping_status":"closed","template":"","meta":{"site-sidebar-layout":"default","site-content-layout":"default","ast-global-header-display":"","ast-main-header-display":"","ast-hfb-above-header-display":"","ast-hfb-below-header-display":"","ast-hfb-mobile-header-display":"","site-post-title":"","ast-breadcrumbs-content":"","ast-featured-img":"","footer-sml-layout":"","theme-transparent-header-meta":"default","adv-header-id-meta":"","stick-header-meta":"","header-above-stick-meta":"","header-main-stick-meta":"","header-below-stick-meta":""},"product_cat":[134,88],"product_tag":[],"class_list":["post-3677","product","type-product","status-publish","has-post-thumbnail","hentry","product_cat-gorras","product_cat-campismo"],"jetpack_sharing_enabled":true,"_links":{"self":[{"href":"https:\/\/pangeatacticalandoutdoors.com\/index.php\/wp-json\/wp\/v2\/product\/3677","targetHints":{"allow":["GET"]}}],"collection":[{"href":"https:\/\/pangeatacticalandoutdoors.com\/index.php\/wp-json\/wp\/v2\/product"}],"about":[{"href":"https:\/\/pangeatacticalandoutdoors.com\/index.php\/wp-json\/wp\/v2\/types\/product"}],"replies":[{"embeddable":true,"href":"https:\/\/pangeatacticalandoutdoors.com\/index.php\/wp-json\/wp\/v2\/comments?post=3677"}],"wp:featuredmedia":[{"embeddable":true,"href":"https:\/\/pangeatacticalandoutdoors.com\/index.php\/wp-json\/wp\/v2\/media\/3680"}],"wp:attachment":[{"href":"https:\/\/pangeatacticalandoutdoors.com\/index.php\/wp-json\/wp\/v2\/media?parent=3677"}],"wp:term":[{"taxonomy":"product_cat","embeddable":true,"href":"https:\/\/pangeatacticalandoutdoors.com\/index.php\/wp-json\/wp\/v2\/product_cat?post=3677"},{"taxonomy":"product_tag","embeddable":true,"href":"https:\/\/pangeatacticalandoutdoors.com\/index.php\/wp-json\/wp\/v2\/product_tag?post=3677"}],"curies":[{"name":"wp","href":"https:\/\/api.w.org\/{rel}","templated":true}]}}