{"id":3666,"date":"2021-11-03T17:04:14","date_gmt":"2021-11-03T23:04:14","guid":{"rendered":"https:\/\/pangeatacticalandoutdoors.com\/?post_type=product&#038;p=3666"},"modified":"2023-09-08T18:16:44","modified_gmt":"2023-09-08T23:16:44","slug":"snugpak-compression-stuff-sacks","status":"publish","type":"product","link":"https:\/\/pangeatacticalandoutdoors.com\/index.php\/producto\/snugpak-compression-stuff-sacks\/","title":{"rendered":"SNUGPAK-COMPRESSION STUFF SACKS"},"content":{"rendered":"<p><em>Ahorrar espacio es un enfoque sensato y, a menudo, necesario para acampar y hacer senderismo, pero se puede hacer mucho m\u00e1s f\u00e1cil con una bolsa de almacenamiento de compresi\u00f3n. Usados \u200b\u200btradicionalmente para los sacos de dormir, estos sacos se pueden usar en cualquier art\u00edculo compresible, como vellones, jerseys y otras prendas, generalmente reduciendo el volumen en un 30-50%. Disponibles en cuatro tama\u00f1os diferentes, pueden ser una gran ventaja cuando est\u00e1 en movimiento y tambi\u00e9n son \u00fatiles en casa.<\/em><\/p>\n<h6>CARACTER\u00cdSTAS:<\/h6>\n<ul>\n<li>Durable y ligero , fabricado con nailon resistente<\/li>\n<li>Cuatro correas de compresi\u00f3n permiten que el saco se utilice al m\u00e1ximo de su capacidad.<\/li>\n<li>Generalmente reduce el volumen en un 30-50%.<\/li>\n<li>El cord\u00f3n se ajusta firmemente para asegurar el contenido<\/li>\n<li>Tejido exterior: nailon resistente<\/li>\n<\/ul>\n<h6>ESPECIFICACI\u00d3N:<\/h6>\n<ul>\n<li>Peso peque\u00f1o: 100 g \/ 3,5 oz<\/li>\n<li>Peso medio: 120 g \/ 4.2 oz<\/li>\n<li>Peso grande: 140 g \/ 4.9 oz<\/li>\n<li>Peso XLarge: 160g \/ 5,6 oz<\/li>\n<\/ul>\n<h6>Origen: fabricado en el Reino Unido<\/h6>\n","protected":false},"excerpt":{"rendered":"<p>Ahorrar espacio es un enfoque sensato y, a menudo, necesario para acampar y hacer senderismo, pero se puede hacer mucho m\u00e1s f\u00e1cil con una bolsa de almacenamiento de compresi\u00f3n. Usados \u200b\u200btradicionalmente para los sacos de dormir, estos sacos se pueden usar en cualquier art\u00edculo compresible, como vellones, jerseys y otras prendas, generalmente reduciendo el volumen &hellip;<\/p>\n<p class=\"read-more\"> <a class=\"\" href=\"https:\/\/pangeatacticalandoutdoors.com\/index.php\/producto\/snugpak-compression-stuff-sacks\/\"> <span class=\"screen-reader-text\">SNUGPAK-COMPRESSION STUFF SACKS<\/span> Leer m\u00e1s &raquo;<\/a><\/p>\n","protected":false},"featured_media":3675,"comment_status":"open","ping_status":"closed","template":"","meta":{"site-sidebar-layout":"default","site-content-layout":"default","ast-global-header-display":"","ast-main-header-display":"","ast-hfb-above-header-display":"","ast-hfb-below-header-display":"","ast-hfb-mobile-header-display":"","site-post-title":"","ast-breadcrumbs-content":"","ast-featured-img":"","footer-sml-layout":"","theme-transparent-header-meta":"default","adv-header-id-meta":"","stick-header-meta":"","header-above-stick-meta":"","header-main-stick-meta":"","header-below-stick-meta":""},"product_cat":[164,88],"product_tag":[],"class_list":["post-3666","product","type-product","status-publish","has-post-thumbnail","hentry","product_cat-bolsa-de-almacenamiento","product_cat-campismo"],"jetpack_sharing_enabled":true,"_links":{"self":[{"href":"https:\/\/pangeatacticalandoutdoors.com\/index.php\/wp-json\/wp\/v2\/product\/3666","targetHints":{"allow":["GET"]}}],"collection":[{"href":"https:\/\/pangeatacticalandoutdoors.com\/index.php\/wp-json\/wp\/v2\/product"}],"about":[{"href":"https:\/\/pangeatacticalandoutdoors.com\/index.php\/wp-json\/wp\/v2\/types\/product"}],"replies":[{"embeddable":true,"href":"https:\/\/pangeatacticalandoutdoors.com\/index.php\/wp-json\/wp\/v2\/comments?post=3666"}],"wp:featuredmedia":[{"embeddable":true,"href":"https:\/\/pangeatacticalandoutdoors.com\/index.php\/wp-json\/wp\/v2\/media\/3675"}],"wp:attachment":[{"href":"https:\/\/pangeatacticalandoutdoors.com\/index.php\/wp-json\/wp\/v2\/media?parent=3666"}],"wp:term":[{"taxonomy":"product_cat","embeddable":true,"href":"https:\/\/pangeatacticalandoutdoors.com\/index.php\/wp-json\/wp\/v2\/product_cat?post=3666"},{"taxonomy":"product_tag","embeddable":true,"href":"https:\/\/pangeatacticalandoutdoors.com\/index.php\/wp-json\/wp\/v2\/product_tag?post=3666"}],"curies":[{"name":"wp","href":"https:\/\/api.w.org\/{rel}","templated":true}]}}