{"id":3662,"date":"2021-11-03T16:51:07","date_gmt":"2021-11-03T22:51:07","guid":{"rendered":"https:\/\/pangeatacticalandoutdoors.com\/?post_type=product&#038;p=3662"},"modified":"2023-06-08T19:49:33","modified_gmt":"2023-06-09T00:49:33","slug":"snugpak-basecamp-ops-air-pillow","status":"publish","type":"product","link":"https:\/\/pangeatacticalandoutdoors.com\/index.php\/producto\/snugpak-basecamp-ops-air-pillow\/","title":{"rendered":"SNUGPAK-BASECAMP OPS AIR PILLOW"},"content":{"rendered":"<p><em>La almohada de aire Snugpak Basecamp Ops le permite crear una experiencia de almohada personalizada. Puede inflar esta almohada hasta completar su capacidad para una almohada firme o inflarla menos para una almohada con m\u00e1s flexibilidad y movimiento. La parte superior de tela de Air Pillow est\u00e1 hecha con tela el\u00e1stica 30D con un revestimiento de TPU para brindar una durabilidad de alta calidad. Cuando est\u00e1 inflada, las dimensiones de la almohada son 18 pulgadas de largo, 10 pulgadas de ancho y 3 pulgadas de alto. Puede desinflar f\u00e1cilmente la almohada cuando no est\u00e9 en uso y guardarla en su bolsa de material de compresi\u00f3n incluida. La almohada Basecamp Ops Air es una opci\u00f3n para dormir liviana y compacta que se adapta a los viajes para que puedas llevarla a todas tus aventuras.<\/em><\/p>\n<h6>CARACTER\u00cdSTICAS:<\/h6>\n<ul>\n<li>Personaliza la firmeza, flexibilidad y movimiento de la almohada infl\u00e1ndola a la capacidad deseada<\/li>\n<li>Las dimensiones totalmente infladas son 18.0 in de largo, 10.0 in de ancho y 3.0 in de alto<\/li>\n<li>La parte superior de la tela est\u00e1 hecha con tela el\u00e1stica 30D con un revestimiento de TPU para una larga<\/li>\n<li>durabilidad<\/li>\n<li>Esta almohada ligera pesa solo 3.00 oz para garantizar sus cualidades de viaje<\/li>\n<li>Puedes desinflar y almacenar r\u00e1pidamente esta almohada en su bolsa incluida durante el viaje<\/li>\n<\/ul>\n","protected":false},"excerpt":{"rendered":"<p>La almohada de aire Snugpak Basecamp Ops le permite crear una experiencia de almohada personalizada. Puede inflar esta almohada hasta completar su capacidad para una almohada firme o inflarla menos para una almohada con m\u00e1s flexibilidad y movimiento. La parte superior de tela de Air Pillow est\u00e1 hecha con tela el\u00e1stica 30D con un revestimiento &hellip;<\/p>\n<p class=\"read-more\"> <a class=\"\" href=\"https:\/\/pangeatacticalandoutdoors.com\/index.php\/producto\/snugpak-basecamp-ops-air-pillow\/\"> <span class=\"screen-reader-text\">SNUGPAK-BASECAMP OPS AIR PILLOW<\/span> Leer m\u00e1s &raquo;<\/a><\/p>\n","protected":false},"featured_media":3663,"comment_status":"open","ping_status":"closed","template":"","meta":{"site-sidebar-layout":"default","site-content-layout":"default","ast-global-header-display":"","ast-main-header-display":"","ast-hfb-above-header-display":"","ast-hfb-below-header-display":"","ast-hfb-mobile-header-display":"","site-post-title":"","ast-breadcrumbs-content":"","ast-featured-img":"","footer-sml-layout":"","theme-transparent-header-meta":"default","adv-header-id-meta":"","stick-header-meta":"","header-above-stick-meta":"","header-main-stick-meta":"","header-below-stick-meta":""},"product_cat":[165,88],"product_tag":[],"class_list":["post-3662","product","type-product","status-publish","has-post-thumbnail","hentry","product_cat-almohadas","product_cat-campismo"],"jetpack_sharing_enabled":true,"_links":{"self":[{"href":"https:\/\/pangeatacticalandoutdoors.com\/index.php\/wp-json\/wp\/v2\/product\/3662","targetHints":{"allow":["GET"]}}],"collection":[{"href":"https:\/\/pangeatacticalandoutdoors.com\/index.php\/wp-json\/wp\/v2\/product"}],"about":[{"href":"https:\/\/pangeatacticalandoutdoors.com\/index.php\/wp-json\/wp\/v2\/types\/product"}],"replies":[{"embeddable":true,"href":"https:\/\/pangeatacticalandoutdoors.com\/index.php\/wp-json\/wp\/v2\/comments?post=3662"}],"wp:featuredmedia":[{"embeddable":true,"href":"https:\/\/pangeatacticalandoutdoors.com\/index.php\/wp-json\/wp\/v2\/media\/3663"}],"wp:attachment":[{"href":"https:\/\/pangeatacticalandoutdoors.com\/index.php\/wp-json\/wp\/v2\/media?parent=3662"}],"wp:term":[{"taxonomy":"product_cat","embeddable":true,"href":"https:\/\/pangeatacticalandoutdoors.com\/index.php\/wp-json\/wp\/v2\/product_cat?post=3662"},{"taxonomy":"product_tag","embeddable":true,"href":"https:\/\/pangeatacticalandoutdoors.com\/index.php\/wp-json\/wp\/v2\/product_tag?post=3662"}],"curies":[{"name":"wp","href":"https:\/\/api.w.org\/{rel}","templated":true}]}}