{"id":3630,"date":"2021-11-03T14:25:37","date_gmt":"2021-11-03T20:25:37","guid":{"rendered":"https:\/\/pangeatacticalandoutdoors.com\/?post_type=product&#038;p=3630"},"modified":"2022-03-19T13:01:51","modified_gmt":"2022-03-19T19:01:51","slug":"snugpak-hammock-accessory-kit","status":"publish","type":"product","link":"https:\/\/pangeatacticalandoutdoors.com\/index.php\/producto\/snugpak-hammock-accessory-kit\/","title":{"rendered":"SNUGPAK-HAMMOCK ACCESSORY KIT"},"content":{"rendered":"<p><em>El kit de accesorios para hamacas Snugpak se puede utilizar con muchos estilos de hamacas diferentes.<\/em><\/p>\n<h6>INCLUYE:<\/h6>\n<ul>\n<li>4 cuerdas de sujeci\u00f3n de cord\u00f3n el\u00e1stico de 13 pies<\/li>\n<li>Sistema de fijaci\u00f3n de suspensi\u00f3n con protectores de \u00e1rboles<\/li>\n<li>Dos mosquetones de acero<\/li>\n<\/ul>\n","protected":false},"excerpt":{"rendered":"<p>El kit de accesorios para hamacas Snugpak se puede utilizar con muchos estilos de hamacas diferentes. INCLUYE: 4 cuerdas de sujeci\u00f3n de cord\u00f3n el\u00e1stico de 13 pies Sistema de fijaci\u00f3n de suspensi\u00f3n con protectores de \u00e1rboles Dos mosquetones de acero<\/p>\n","protected":false},"featured_media":3631,"comment_status":"open","ping_status":"closed","template":"","meta":{"site-sidebar-layout":"default","site-content-layout":"default","ast-global-header-display":"","ast-main-header-display":"","ast-hfb-above-header-display":"","ast-hfb-below-header-display":"","ast-hfb-mobile-header-display":"","site-post-title":"","ast-breadcrumbs-content":"","ast-featured-img":"","footer-sml-layout":"","theme-transparent-header-meta":"default","adv-header-id-meta":"","stick-header-meta":"","header-above-stick-meta":"","header-main-stick-meta":"","header-below-stick-meta":""},"product_cat":[150,88],"product_tag":[],"class_list":["post-3630","product","type-product","status-publish","has-post-thumbnail","hentry","product_cat-hamacas-y-accesorios","product_cat-campismo"],"jetpack_sharing_enabled":true,"_links":{"self":[{"href":"https:\/\/pangeatacticalandoutdoors.com\/index.php\/wp-json\/wp\/v2\/product\/3630","targetHints":{"allow":["GET"]}}],"collection":[{"href":"https:\/\/pangeatacticalandoutdoors.com\/index.php\/wp-json\/wp\/v2\/product"}],"about":[{"href":"https:\/\/pangeatacticalandoutdoors.com\/index.php\/wp-json\/wp\/v2\/types\/product"}],"replies":[{"embeddable":true,"href":"https:\/\/pangeatacticalandoutdoors.com\/index.php\/wp-json\/wp\/v2\/comments?post=3630"}],"wp:featuredmedia":[{"embeddable":true,"href":"https:\/\/pangeatacticalandoutdoors.com\/index.php\/wp-json\/wp\/v2\/media\/3631"}],"wp:attachment":[{"href":"https:\/\/pangeatacticalandoutdoors.com\/index.php\/wp-json\/wp\/v2\/media?parent=3630"}],"wp:term":[{"taxonomy":"product_cat","embeddable":true,"href":"https:\/\/pangeatacticalandoutdoors.com\/index.php\/wp-json\/wp\/v2\/product_cat?post=3630"},{"taxonomy":"product_tag","embeddable":true,"href":"https:\/\/pangeatacticalandoutdoors.com\/index.php\/wp-json\/wp\/v2\/product_tag?post=3630"}],"curies":[{"name":"wp","href":"https:\/\/api.w.org\/{rel}","templated":true}]}}