{"id":3586,"date":"2021-11-03T12:52:42","date_gmt":"2021-11-03T18:52:42","guid":{"rendered":"https:\/\/pangeatacticalandoutdoors.com\/?post_type=product&#038;p=3586"},"modified":"2022-04-06T15:10:28","modified_gmt":"2022-04-06T20:10:28","slug":"5-11-we-never-miss-patch-modelo-81888","status":"publish","type":"product","link":"https:\/\/pangeatacticalandoutdoors.com\/index.php\/producto\/5-11-we-never-miss-patch-modelo-81888\/","title":{"rendered":"5.11 WE NEVER MISS PATCH MODELO 81888"},"content":{"rendered":"<p><em>Dise\u00f1ados para integrarse con una amplia gama de ropa de patrulla, deber y t\u00e1ctica 5.11\u00ae, nuestros parches le permiten expresar su individualidad sin reducir su conocimiento o habilidad t\u00e1ctica.<\/em><\/p>\n<h6>CARACTER\u00cdSTICAS:<\/h6>\n<ul>\n<li>Material: TPU<\/li>\n<li>Compatible con ropa y bolsos 5.11\u00ae<\/li>\n<li>F\u00e1cil de poner y quitar<\/li>\n<li>Adhesi\u00f3n de gancho<\/li>\n<li>Cortado con l\u00e1ser a medida<\/li>\n<\/ul>\n","protected":false},"excerpt":{"rendered":"<p>Dise\u00f1ados para integrarse con una amplia gama de ropa de patrulla, deber y t\u00e1ctica 5.11\u00ae, nuestros parches le permiten expresar su individualidad sin reducir su conocimiento o habilidad t\u00e1ctica. CARACTER\u00cdSTICAS: Material: TPU Compatible con ropa y bolsos 5.11\u00ae F\u00e1cil de poner y quitar Adhesi\u00f3n de gancho Cortado con l\u00e1ser a medida<\/p>\n","protected":false},"featured_media":3587,"comment_status":"open","ping_status":"closed","template":"","meta":{"site-sidebar-layout":"default","site-content-layout":"default","ast-global-header-display":"","ast-main-header-display":"","ast-hfb-above-header-display":"","ast-hfb-below-header-display":"","ast-hfb-mobile-header-display":"","site-post-title":"","ast-breadcrumbs-content":"","ast-featured-img":"","footer-sml-layout":"","theme-transparent-header-meta":"default","adv-header-id-meta":"","stick-header-meta":"","header-above-stick-meta":"","header-main-stick-meta":"","header-below-stick-meta":""},"product_cat":[90,149],"product_tag":[],"class_list":["post-3586","product","type-product","status-publish","has-post-thumbnail","hentry","product_cat-accesorios","product_cat-parches"],"jetpack_sharing_enabled":true,"_links":{"self":[{"href":"https:\/\/pangeatacticalandoutdoors.com\/index.php\/wp-json\/wp\/v2\/product\/3586","targetHints":{"allow":["GET"]}}],"collection":[{"href":"https:\/\/pangeatacticalandoutdoors.com\/index.php\/wp-json\/wp\/v2\/product"}],"about":[{"href":"https:\/\/pangeatacticalandoutdoors.com\/index.php\/wp-json\/wp\/v2\/types\/product"}],"replies":[{"embeddable":true,"href":"https:\/\/pangeatacticalandoutdoors.com\/index.php\/wp-json\/wp\/v2\/comments?post=3586"}],"wp:featuredmedia":[{"embeddable":true,"href":"https:\/\/pangeatacticalandoutdoors.com\/index.php\/wp-json\/wp\/v2\/media\/3587"}],"wp:attachment":[{"href":"https:\/\/pangeatacticalandoutdoors.com\/index.php\/wp-json\/wp\/v2\/media?parent=3586"}],"wp:term":[{"taxonomy":"product_cat","embeddable":true,"href":"https:\/\/pangeatacticalandoutdoors.com\/index.php\/wp-json\/wp\/v2\/product_cat?post=3586"},{"taxonomy":"product_tag","embeddable":true,"href":"https:\/\/pangeatacticalandoutdoors.com\/index.php\/wp-json\/wp\/v2\/product_tag?post=3586"}],"curies":[{"name":"wp","href":"https:\/\/api.w.org\/{rel}","templated":true}]}}