{"id":3572,"date":"2021-11-03T12:40:21","date_gmt":"2021-11-03T18:40:21","guid":{"rendered":"https:\/\/pangeatacticalandoutdoors.com\/?post_type=product&#038;p=3572"},"modified":"2024-03-26T14:21:57","modified_gmt":"2024-03-26T20:21:57","slug":"5-11-exo-e1-elbow-pads-modelo-50360","status":"publish","type":"product","link":"https:\/\/pangeatacticalandoutdoors.com\/index.php\/producto\/5-11-exo-e1-elbow-pads-modelo-50360\/","title":{"rendered":"5.11 EXO.E1 ELBOW PADS MODELO 50360"},"content":{"rendered":"<p><em>Cuando est\u00e1s en modo de entrenamiento completo en el rango, lo \u00faltimo en lo que quieres pensar es en despellejarte o lastimarte los codos. Con la nueva almohadilla de codo EXO.E1 de 5.11, no tendr\u00e1 que hacerlo. Su tapa moldeada y flexible tiene tracci\u00f3n incorporada para estabilidad y una almohadilla de espuma EVA debajo para absorci\u00f3n de impactos y protecci\u00f3n adicional. La almohadilla para el codo cuenta con correas tejidas gruesas para un ajuste seguro, y las correas antideslizantes ajustables est\u00e1n dise\u00f1adas para permanecer en su lugar sin resbalar. Ahora, conc\u00e9ntrese en ponerse en cualquier posici\u00f3n de disparo de forma r\u00e1pida, segura y c\u00f3moda<\/em>.<\/p>\n<h6>CARACTER\u00cdSTICAS:<\/h6>\n<ul>\n<li>Tapa flexible moldeada con tracci\u00f3n incorporada<\/li>\n<li>Almohadilla de espuma EVA<\/li>\n<li>Correas ajustables antideslizantes<\/li>\n<li>Importado<\/li>\n<\/ul>\n","protected":false},"excerpt":{"rendered":"<p>Cuando est\u00e1s en modo de entrenamiento completo en el rango, lo \u00faltimo en lo que quieres pensar es en despellejarte o lastimarte los codos. Con la nueva almohadilla de codo EXO.E1 de 5.11, no tendr\u00e1 que hacerlo. Su tapa moldeada y flexible tiene tracci\u00f3n incorporada para estabilidad y una almohadilla de espuma EVA debajo para &hellip;<\/p>\n<p class=\"read-more\"> <a class=\"\" href=\"https:\/\/pangeatacticalandoutdoors.com\/index.php\/producto\/5-11-exo-e1-elbow-pads-modelo-50360\/\"> <span class=\"screen-reader-text\">5.11 EXO.E1 ELBOW PADS MODELO 50360<\/span> Leer m\u00e1s &raquo;<\/a><\/p>\n","protected":false},"featured_media":3574,"comment_status":"open","ping_status":"closed","template":"","meta":{"site-sidebar-layout":"default","site-content-layout":"default","ast-global-header-display":"","ast-main-header-display":"","ast-hfb-above-header-display":"","ast-hfb-below-header-display":"","ast-hfb-mobile-header-display":"","site-post-title":"","ast-breadcrumbs-content":"","ast-featured-img":"","footer-sml-layout":"","theme-transparent-header-meta":"default","adv-header-id-meta":"","stick-header-meta":"","header-above-stick-meta":"","header-main-stick-meta":"","header-below-stick-meta":""},"product_cat":[90,148],"product_tag":[],"class_list":["post-3572","product","type-product","status-publish","has-post-thumbnail","hentry","product_cat-accesorios","product_cat-coderas-y-rodilleras"],"jetpack_sharing_enabled":true,"_links":{"self":[{"href":"https:\/\/pangeatacticalandoutdoors.com\/index.php\/wp-json\/wp\/v2\/product\/3572","targetHints":{"allow":["GET"]}}],"collection":[{"href":"https:\/\/pangeatacticalandoutdoors.com\/index.php\/wp-json\/wp\/v2\/product"}],"about":[{"href":"https:\/\/pangeatacticalandoutdoors.com\/index.php\/wp-json\/wp\/v2\/types\/product"}],"replies":[{"embeddable":true,"href":"https:\/\/pangeatacticalandoutdoors.com\/index.php\/wp-json\/wp\/v2\/comments?post=3572"}],"wp:featuredmedia":[{"embeddable":true,"href":"https:\/\/pangeatacticalandoutdoors.com\/index.php\/wp-json\/wp\/v2\/media\/3574"}],"wp:attachment":[{"href":"https:\/\/pangeatacticalandoutdoors.com\/index.php\/wp-json\/wp\/v2\/media?parent=3572"}],"wp:term":[{"taxonomy":"product_cat","embeddable":true,"href":"https:\/\/pangeatacticalandoutdoors.com\/index.php\/wp-json\/wp\/v2\/product_cat?post=3572"},{"taxonomy":"product_tag","embeddable":true,"href":"https:\/\/pangeatacticalandoutdoors.com\/index.php\/wp-json\/wp\/v2\/product_tag?post=3572"}],"curies":[{"name":"wp","href":"https:\/\/api.w.org\/{rel}","templated":true}]}}